{"id":60039,"date":"2024-07-10T18:09:30","date_gmt":"2024-07-10T11:09:30","guid":{"rendered":"https:\/\/mouldking.store\/shop\/mould-king-93007-five-tiger-generals-zhao-yun-with-3574-pieces\/"},"modified":"2024-07-10T18:09:35","modified_gmt":"2024-07-10T11:09:35","slug":"mould-king-93007-five-tiger-generals-zhao-yun-with-3574-pieces","status":"publish","type":"product","link":"https:\/\/mouldking.store\/hu\/shop\/mould-king-93007-five-tiger-generals-zhao-yun-with-3574-pieces\/","title":{"rendered":"MOULD KING 93007 \u00d6t Tigris T\u00e1bornok Zhao Yun 3574 Darab"},"content":{"rendered":"<div>\u2705MoldKing 93007 \u00d6t Tigris T\u00e1bornok Zhao Yun<\/p>\n<p>\u2705Zhao Yun egyike volt a legend\u00e1s \u00d6t Tigris T\u00e1bornoknak, akik Liu Bei had\u00far alatt szolg\u00e1ltak a k\u00e9s\u0151 Keleti Han-dinasztia \u00e9s a korai H\u00e1rom Kir\u00e1lys\u00e1g kor\u00e1ban K\u00edn\u00e1ban. Az \u00d6t Tigris T\u00e1bornokok harci k\u00e9pess\u00e9geikr\u0151l \u00e9s h\u0171s\u00e9g\u00fckr\u0151l h\u00edresek.<\/p>\n<p>\ud83d\udeab FONTOS!<\/p>\n<p>Term\u00e9k neve: \u00d6t Tigris T\u00e1bornok Zhao Yun<\/p>\n<p>Kateg\u00f3ria: Film<\/p>\n<p>A k\u00e9szlet tartalma: MouldKing 93007<\/p>\n<p>3574 db j\u00f3 min\u0151s\u00e9g\u0171 t\u00e9gla<\/p>\n<p>M\u00e9ret: 30 \u00d7 19,1 \u00d7 58 cm<\/p>\n<p>K\u00e9zi utas\u00edt\u00e1sok<\/p>\n<p>\ud83d\udcccA f\u0151szerepl\u0151 term\u00e9szete<\/p>\n<p>Bemutatjuk b\u00fcszke gy\u0171jtem\u00e9ny\u00fcnket, melynek c\u00edme \u201e\u00d6t Tigris T\u00e1bornok, Zhao Yun\u201d, \u00e9s amit nem szabad kihagynod.<\/p>\n<p>Zhao Yunt Liu Bei ir\u00e1nti rend\u00edthetetlen h\u0171s\u00e9g\u00e9\u00e9rt \u00e9s a csatat\u00e9ren tan\u00fas\u00edtott kiv\u00e9teles b\u00e1tors\u00e1g\u00e1\u00e9rt \u00fcnneplik. Zhao Yun egyik legh\u00edresebb t\u00f6rt\u00e9nete Liu Bei csecsem\u0151 fi\u00e1nak, Liu Shannak a megment\u00e9s\u00e9r\u0151l sz\u00f3l a changbani csata sor\u00e1n. A gyermeket a karj\u00e1ban hordozva harcolt \u00e1t az ellens\u00e9ges vonalakon, figyelemre m\u00e9lt\u00f3 b\u00e1tors\u00e1gr\u00f3l \u00e9s elk\u00f6telezetts\u00e9gr\u0151l tan\u00fabizonys\u00e1got t\u00e9ve. Zhao Yun jelent\u0151s szerepet j\u00e1tszott k\u00fcl\u00f6nb\u00f6z\u0151 katonai hadj\u00e1ratokban, bele\u00e9rtve a kulcsfontoss\u00e1g\u00fa hanzhongi csat\u00e1t is, amely strat\u00e9giai ter\u00fcleteket biztos\u00edtott Liu Bei sz\u00e1m\u00e1ra. Integrit\u00e1s\u00e1r\u00f3l \u00e9s b\u00f6lcsess\u00e9g\u00e9r\u0151l ismert Zhao Yun nemcsak k\u00e9pzett harcos, hanem r\u00e1termett parancsnok is volt, akit gyakran b\u00edztak kritikus k\u00fcldet\u00e9sekkel \u00e9s parancsnoks\u00e1gokkal.&nbsp;<\/p><\/div>","protected":false},"excerpt":{"rendered":"<p>M\u00e1rka: MOLD KING<br \/>\nNem: Uniszex<br \/>\nKorhat\u00e1r: 14 \u00e9v felett<br \/>\nModellsz\u00e1m: 93007<br \/>\nBesorol\u00e1s: \u00d6sszeszerel\u00e9s<br \/>\nM\u0171anyag blokk forma: \u00f6nz\u00e1r\u00f3 t\u00e9gla<br \/>\nAnyaga: M\u0171anyag<br \/>\nM\u0171anyag t\u00edpus: ABS<br \/>\nT\u00e9gl\u00e1k Blokkok: 3574 +<br \/>\nEredeti doboza nincs<br \/>\nA term\u00e9k nem tartalmaz MAtric\u00e1t \u00e9s NYOMTATOTT alkatr\u00e9szeket. Minden nyomtatott alkatr\u00e9szt szabv\u00e1nyos alkatr\u00e9szre cser\u00e9l\u00fcnk, \u00e9s nem j\u00e1r bev\u00e9tel harmadik f\u00e9lt\u0151l sz\u00e1rmaz\u00f3 tartoz\u00e9kokkal.<\/p>","protected":false},"featured_media":60038,"comment_status":"open","ping_status":"closed","template":"","meta":{"_acf_changed":false},"product_cat":[1365,371,581,1408],"product_tag":[11072,8452,12527,11758,12732,434,11759],"class_list":["product","first","instock","shipping-taxable","purchasable","product-type-simple"],"acf":[],"_links":{"self":[{"href":"https:\/\/mouldking.store\/hu\/wp-json\/wp\/v2\/product\/60039","targetHints":{"allow":["GET"]}}],"collection":[{"href":"https:\/\/mouldking.store\/hu\/wp-json\/wp\/v2\/product"}],"about":[{"href":"https:\/\/mouldking.store\/hu\/wp-json\/wp\/v2\/types\/product"}],"replies":[{"embeddable":true,"href":"https:\/\/mouldking.store\/hu\/wp-json\/wp\/v2\/comments?post=60039"}],"wp:featuredmedia":[{"embeddable":true,"href":"https:\/\/mouldking.store\/hu\/wp-json\/wp\/v2\/media\/60038"}],"wp:attachment":[{"href":"https:\/\/mouldking.store\/hu\/wp-json\/wp\/v2\/media?parent=60039"}],"wp:term":[{"taxonomy":"product_cat","embeddable":true,"href":"https:\/\/mouldking.store\/hu\/wp-json\/wp\/v2\/product_cat?post=60039"},{"taxonomy":"product_tag","embeddable":true,"href":"https:\/\/mouldking.store\/hu\/wp-json\/wp\/v2\/product_tag?post=60039"}],"curies":[{"name":"wp","href":"https:\/\/api.w.org\/{rel}","templated":true}]}}