{"id":60068,"date":"2024-07-10T18:13:21","date_gmt":"2024-07-10T11:13:21","guid":{"rendered":"https:\/\/mouldking.store\/shop\/mould-king-10085-small-drift-bottle-mini-queen-revenger-ship-with-885-pieces\/"},"modified":"2024-07-10T18:13:27","modified_gmt":"2024-07-10T11:13:27","slug":"mould-king-10085-small-drift-bottle-mini-queen-revenger-ship-with-885-pieces","status":"publish","type":"product","link":"https:\/\/mouldking.store\/hu\/shop\/mould-king-10085-small-drift-bottle-mini-queen-revenger-ship-with-885-pieces\/","title":{"rendered":"MOLD KING 10085 kis Drift Bottle Mini Queen Revenger haj\u00f3 885 darabbal"},"content":{"rendered":"<div>\u2705MouldKing 10085 Small Drift Bottle Mini Queen Revenger Ship<\/p>\n<p>\u2705The concept of a &#8220;Small Drift Bottle Mini Queen Revenger Ship&#8221; isn&#8217;t a standard term or widely recognized phrase in maritime or model-making contexts. However, I can interpret it as potentially referring to a model ship contained within a drift bottle (commonly known as a ship in a bottle), which could be named the &#8220;Mini Queen Revenger.&#8221;&nbsp;<\/p>\n<p>\ud83d\udeab FONTOS!<\/p>\n<p>Product Name: Small Drift Bottle Mini Queen Revenger Ship<\/p>\n<p>Kateg\u00f3ria: Film<\/p>\n<p>This Kit Contains: MouldKing 10085<\/p>\n<p>885 pcs Good Quality Bricks<\/p>\n<p>Size: 31 \u00d7 10.9 \u00d7 15.5 cm<\/p>\n<p>K\u00e9zi utas\u00edt\u00e1sok<\/p>\n<p>\ud83d\udcccA f\u0151szerepl\u0151 term\u00e9szete<\/p>\n<p>Introducing our proud collection named \u201cSmall Drift Bottle Mini Queen Revenger Ship\u201d you should not miss.<\/p>\n<p>&nbsp;If inspired by historical ships, the &#8220;Mini Queen Revenger&#8221; might be designed after a specific era of naval warfare, such as the Age of Sail. If fictional, it could come with a backstory involving adventures and battles on the high seas. &nbsp; Such models are prized by collectors and maritime enthusiasts for their beauty and the skill required to make them. They often serve as decorative pieces and conversation starters.&nbsp;<\/p><\/div>","protected":false},"excerpt":{"rendered":"<p>M\u00e1rka: MOLD KING<br \/>\nNem: Uniszex<br \/>\nKoroszt\u00e1ly: 8 \u00e9v felett<br \/>\nModel Number: 10085<br \/>\nBesorol\u00e1s: \u00d6sszeszerel\u00e9s<br \/>\nM\u0171anyag blokk forma: \u00f6nz\u00e1r\u00f3 t\u00e9gla<br \/>\nAnyaga: M\u0171anyag<br \/>\nM\u0171anyag t\u00edpus: ABS<br \/>\nBricks Blocks: 885 +<br \/>\nEredeti doboza nincs<br \/>\nA term\u00e9k nem tartalmaz MAtric\u00e1t \u00e9s NYOMTATOTT alkatr\u00e9szeket. Minden nyomtatott alkatr\u00e9szt szabv\u00e1nyos alkatr\u00e9szre cser\u00e9l\u00fcnk, \u00e9s nem j\u00e1r bev\u00e9tel harmadik f\u00e9lt\u0151l sz\u00e1rmaz\u00f3 tartoz\u00e9kokkal.<\/p>","protected":false},"featured_media":60067,"comment_status":"open","ping_status":"closed","template":"","meta":{"_acf_changed":false},"product_cat":[1357,364],"product_tag":[13496,12378,7231,12600,304,389],"class_list":["product","first","instock","shipping-taxable","purchasable","product-type-simple"],"acf":[],"_links":{"self":[{"href":"https:\/\/mouldking.store\/hu\/wp-json\/wp\/v2\/product\/60068","targetHints":{"allow":["GET"]}}],"collection":[{"href":"https:\/\/mouldking.store\/hu\/wp-json\/wp\/v2\/product"}],"about":[{"href":"https:\/\/mouldking.store\/hu\/wp-json\/wp\/v2\/types\/product"}],"replies":[{"embeddable":true,"href":"https:\/\/mouldking.store\/hu\/wp-json\/wp\/v2\/comments?post=60068"}],"wp:featuredmedia":[{"embeddable":true,"href":"https:\/\/mouldking.store\/hu\/wp-json\/wp\/v2\/media\/60067"}],"wp:attachment":[{"href":"https:\/\/mouldking.store\/hu\/wp-json\/wp\/v2\/media?parent=60068"}],"wp:term":[{"taxonomy":"product_cat","embeddable":true,"href":"https:\/\/mouldking.store\/hu\/wp-json\/wp\/v2\/product_cat?post=60068"},{"taxonomy":"product_tag","embeddable":true,"href":"https:\/\/mouldking.store\/hu\/wp-json\/wp\/v2\/product_tag?post=60068"}],"curies":[{"name":"wp","href":"https:\/\/api.w.org\/{rel}","templated":true}]}}