{"id":60084,"date":"2024-07-12T17:53:57","date_gmt":"2024-07-12T10:53:57","guid":{"rendered":"https:\/\/mouldking.store\/shop\/mould-king-10030-t1-van-with-2056-pieces\/"},"modified":"2024-07-12T17:54:00","modified_gmt":"2024-07-12T10:54:00","slug":"mould-king-10030-t1-van-with-2056-pieces","status":"publish","type":"product","link":"https:\/\/mouldking.store\/hu\/shop\/mould-king-10030-t1-van-with-2056-pieces\/","title":{"rendered":"MOLD KING 10030 T1 furgon 2056 darabbal"},"content":{"rendered":"<div>\u2705MouldKing 10030 T1 Van<\/p>\n<p>\u2705 The T1 Van, commonly known as the Volkswagen Type 2, T1, or simply the VW Bus, is a classic van that was first produced by Volkswagen in the 1950s. It is one of the most iconic vehicles of its era, renowned for its distinctive design and association with the counterculture movement of the 1960s.&nbsp;<\/p>\n<p>\ud83d\udeab FONTOS!<\/p>\n<p>Product Name: T1 Van<\/p>\n<p>Kateg\u00f3ria: M\u0171szaki<\/p>\n<p>This Kit Contains: MouldKing 10030<\/p>\n<p>2056 pcs Good Quality Bricks<\/p>\n<p>Size: 31.8 \u00d7 15.7 \u00d7 18.1 cm<\/p>\n<p>K\u00e9zi utas\u00edt\u00e1sok<\/p>\n<p>\ud83d\udcccA f\u0151szerepl\u0151 term\u00e9szete<\/p>\n<p>Introducing our proud collection named \u201cT1 Van\u201d you should not miss.<\/p>\n<p>&nbsp;The Volkswagen Type 2 (T1) was produced from 1950 to 1967. &nbsp; The T1 is characterized by its split windshield, rounded body, and rear engine layout. It often features a two-tone color scheme and has a very utilitarian design with options for passenger and cargo configurations.&nbsp; he T1 was powered by an air-cooled flat-four engine. Early models had a 1.1-liter engine, which was later upgraded to larger displacements.&nbsp;<\/p><\/div>","protected":false},"excerpt":{"rendered":"<p>M\u00e1rka: MOLD KING<br \/>\nNem: Uniszex<br \/>\nKorhat\u00e1r: 14 \u00e9v felett<br \/>\nModel Number: 10030<br \/>\nBesorol\u00e1s: \u00d6sszeszerel\u00e9s<br \/>\nM\u0171anyag blokk forma: \u00f6nz\u00e1r\u00f3 t\u00e9gla<br \/>\nAnyaga: M\u0171anyag<br \/>\nM\u0171anyag t\u00edpus: ABS<br \/>\nBricks Blocks: 2056 +<br \/>\nEredeti doboza nincs<br \/>\nA term\u00e9k nem tartalmaz MAtric\u00e1t \u00e9s NYOMTATOTT alkatr\u00e9szeket. Minden nyomtatott alkatr\u00e9szt szabv\u00e1nyos alkatr\u00e9szre cser\u00e9l\u00fcnk, \u00e9s nem j\u00e1r bev\u00e9tel harmadik f\u00e9lt\u0151l sz\u00e1rmaz\u00f3 tartoz\u00e9kokkal.<\/p>","protected":false},"featured_media":60083,"comment_status":"open","ping_status":"closed","template":"","meta":{"_acf_changed":false},"product_cat":[1357,364],"product_tag":[4572,11528,13497,389,11080,11571],"class_list":["product","first","instock","shipping-taxable","purchasable","product-type-simple"],"acf":[],"_links":{"self":[{"href":"https:\/\/mouldking.store\/hu\/wp-json\/wp\/v2\/product\/60084","targetHints":{"allow":["GET"]}}],"collection":[{"href":"https:\/\/mouldking.store\/hu\/wp-json\/wp\/v2\/product"}],"about":[{"href":"https:\/\/mouldking.store\/hu\/wp-json\/wp\/v2\/types\/product"}],"replies":[{"embeddable":true,"href":"https:\/\/mouldking.store\/hu\/wp-json\/wp\/v2\/comments?post=60084"}],"wp:featuredmedia":[{"embeddable":true,"href":"https:\/\/mouldking.store\/hu\/wp-json\/wp\/v2\/media\/60083"}],"wp:attachment":[{"href":"https:\/\/mouldking.store\/hu\/wp-json\/wp\/v2\/media?parent=60084"}],"wp:term":[{"taxonomy":"product_cat","embeddable":true,"href":"https:\/\/mouldking.store\/hu\/wp-json\/wp\/v2\/product_cat?post=60084"},{"taxonomy":"product_tag","embeddable":true,"href":"https:\/\/mouldking.store\/hu\/wp-json\/wp\/v2\/product_tag?post=60084"}],"curies":[{"name":"wp","href":"https:\/\/api.w.org\/{rel}","templated":true}]}}