{"id":60088,"date":"2024-07-12T17:54:06","date_gmt":"2024-07-12T10:54:06","guid":{"rendered":"https:\/\/mouldking.store\/shop\/mould-king-17014-agricultural-harvesters-with-motor-with-1265-pieces\/"},"modified":"2024-07-12T17:54:12","modified_gmt":"2024-07-12T10:54:12","slug":"mould-king-17014-agricultural-harvesters-with-motor-with-1265-pieces","status":"publish","type":"product","link":"https:\/\/mouldking.store\/hu\/shop\/mould-king-17014-agricultural-harvesters-with-motor-with-1265-pieces\/","title":{"rendered":"MOLD KING 17014 mez\u0151gazdas\u00e1gi betakar\u00edt\u00f3g\u00e9pek motorral 1265 darabbal"},"content":{"rendered":"<div>\u2705MouldKing 17014 Agricultural Harvesters<\/p>\n<p>\u2705 Agricultural harvesters are essential machines that revolutionize the process of harvesting crops, offering efficiency, precision, and scalability. Various types of harvesters are designed to handle specific crops, making the harvesting process more effective and less labor-intensive.&nbsp;<\/p>\n<p>\ud83d\udeab FONTOS!<\/p>\n<p>Product Name: Agricultural Harvesters<\/p>\n<p>Kateg\u00f3ria: M\u0171szaki<\/p>\n<p>This Kit Contains: MouldKing 17014<\/p>\n<p>1265 pcs Good Quality Bricks<\/p>\n<p>Size: 18 \u00d7 29.6 \u00d7 40.6 cm<\/p>\n<p>K\u00e9zi utas\u00edt\u00e1sok<\/p>\n<p>\ud83d\udcccA f\u0151szerepl\u0151 term\u00e9szete<\/p>\n<p>Introducing our proud collection named \u201cAgricultural Harvesters\u201d you should not miss.<\/p>\n<p>&nbsp;Rice harvesters are tailored for rice paddies, and olive harvesters use mechanical arms or shaking mechanisms to gather olives. These machines not only speed up the harvesting process but also reduce costs and enhance the quality of the harvested crops, making them indispensable tools for modern agriculture.&nbsp;<\/p><\/div>","protected":false},"excerpt":{"rendered":"<p>M\u00e1rka: MOLD KING<br \/>\nNem: Uniszex<br \/>\nKoroszt\u00e1ly: 8 \u00e9v felett<br \/>\nModel Number: 17014<br \/>\nBesorol\u00e1s: \u00d6sszeszerel\u00e9s<br \/>\nM\u0171anyag blokk forma: \u00f6nz\u00e1r\u00f3 t\u00e9gla<br \/>\nAnyaga: M\u0171anyag<br \/>\nM\u0171anyag t\u00edpus: ABS<br \/>\nBricks Blocks: 1265 +<br \/>\nEredeti doboza nincs<br \/>\nA term\u00e9k nem tartalmaz MAtric\u00e1t \u00e9s NYOMTATOTT alkatr\u00e9szeket. Minden nyomtatott alkatr\u00e9szt szabv\u00e1nyos alkatr\u00e9szre cser\u00e9l\u00fcnk, \u00e9s nem j\u00e1r bev\u00e9tel harmadik f\u00e9lt\u0151l sz\u00e1rmaz\u00f3 tartoz\u00e9kokkal.<\/p>","protected":false},"featured_media":60087,"comment_status":"open","ping_status":"closed","template":"","meta":{"_acf_changed":false},"product_cat":[1357,364],"product_tag":[13498,13499,13500,13501,389,11080],"class_list":["product","first","instock","shipping-taxable","purchasable","product-type-simple"],"acf":[],"_links":{"self":[{"href":"https:\/\/mouldking.store\/hu\/wp-json\/wp\/v2\/product\/60088","targetHints":{"allow":["GET"]}}],"collection":[{"href":"https:\/\/mouldking.store\/hu\/wp-json\/wp\/v2\/product"}],"about":[{"href":"https:\/\/mouldking.store\/hu\/wp-json\/wp\/v2\/types\/product"}],"replies":[{"embeddable":true,"href":"https:\/\/mouldking.store\/hu\/wp-json\/wp\/v2\/comments?post=60088"}],"wp:featuredmedia":[{"embeddable":true,"href":"https:\/\/mouldking.store\/hu\/wp-json\/wp\/v2\/media\/60087"}],"wp:attachment":[{"href":"https:\/\/mouldking.store\/hu\/wp-json\/wp\/v2\/media?parent=60088"}],"wp:term":[{"taxonomy":"product_cat","embeddable":true,"href":"https:\/\/mouldking.store\/hu\/wp-json\/wp\/v2\/product_cat?post=60088"},{"taxonomy":"product_tag","embeddable":true,"href":"https:\/\/mouldking.store\/hu\/wp-json\/wp\/v2\/product_tag?post=60088"}],"curies":[{"name":"wp","href":"https:\/\/api.w.org\/{rel}","templated":true}]}}