{"id":60092,"date":"2024-07-12T17:54:27","date_gmt":"2024-07-12T10:54:27","guid":{"rendered":"https:\/\/mouldking.store\/shop\/mould-king-27065-lamborghini-essanze-scv12-with-383-pieces\/"},"modified":"2024-07-12T17:54:32","modified_gmt":"2024-07-12T10:54:32","slug":"mould-king-27065-lamborghini-essanze-scv12-with-383-pieces","status":"publish","type":"product","link":"https:\/\/mouldking.store\/hu\/shop\/mould-king-27065-lamborghini-essanze-scv12-with-383-pieces\/","title":{"rendered":"MOULD KING 27065 Lamborghini ESSANZE SCV12 383 darabos"},"content":{"rendered":"<div>\u2705Mould King 27065 Lamborghini ESSANZE SCV12<\/p>\n<p>\u2705 A Lamborghini Essenza SCV12 egy exkluz\u00edv, nagy teljes\u00edtm\u00e9ny\u0171, kiz\u00e1r\u00f3lag p\u00e1ly\u00e1ra sz\u00e1nt hiperaut\u00f3, amelyet a Lamborghini Squadra Corse, a v\u00e1llalat motorsport r\u00e9szlege fejlesztett ki. Az Essenza SCV12 fejlett aerodinamik\u00e1val rendelkezik, amelyet a versenyaut\u00f3k ihlettek, bele\u00e9rtve a nagym\u00e9ret\u0171 els\u0151 l\u00e9gterel\u0151t, az oldals\u00f3 uszonyokat \u00e9s a kiemelked\u0151 h\u00e1ts\u00f3 sz\u00e1rnyat. Ezek az elemek egy\u00fcttesen jelent\u0151s leszor\u00edt\u00f3er\u0151t biztos\u00edtanak, n\u00f6velve a stabilit\u00e1st \u00e9s a kezelhet\u0151s\u00e9get nagy sebess\u00e9gn\u00e9l. Bels\u0151 buk\u00f3keret n\u00e9lk\u00fcli, sz\u00e9nsz\u00e1las monocoque alv\u00e1zzal b\u00fcszk\u00e9lkedhet, amely megfelel az FIA protot\u00edpus biztons\u00e1gi szabv\u00e1nyainak. Ez a kialak\u00edt\u00e1s biztos\u00edtja mind a merevs\u00e9get, mind a k\u00f6nny\u0171 s\u00falyt.&nbsp;<\/p>\n<p>\ud83d\udeab FONTOS!<\/p>\n<p>Term\u00e9k neve: Lamborghini ESSANZE SCV12<\/p>\n<p>Kateg\u00f3ria: M\u0171szaki<\/p>\n<p>A k\u00e9szlet tartalma: Mould King 27065<\/p>\n<p>383 db j\u00f3 min\u0151s\u00e9g\u0171 t\u00e9gla<\/p>\n<p>M\u00e9ret: 18,2 \u00d7 7 \u00d7 4,6 cm<\/p>\n<p>K\u00e9zi utas\u00edt\u00e1sok<\/p>\n<p>\ud83d\udcccA f\u0151szerepl\u0151 term\u00e9szete<\/p>\n<p>Bemutatjuk b\u00fcszke kollekci\u00f3nkat, a \u201eLamborghini ESSANZE SCV12\u201d-t, amelyet nem szabad kihagynod.<\/p>\n<p>&nbsp;Az Essenza SCV12 a Lamborghini m\u00e9rn\u00f6ki \u00e9s formatervez\u00e9si szak\u00e9rtelm\u00e9nek cs\u00facs\u00e1t k\u00e9pviseli, \u00f6tv\u00f6zve a m\u00e1rka gazdag versenyz\u00e9si \u00f6r\u00f6ks\u00e9g\u00e9t a legmodernebb technol\u00f3gi\u00e1val. Nem csup\u00e1n egy aut\u00f3, hanem egy \u00e1tfog\u00f3 \u00e9lm\u00e9ny, amely p\u00e1ratlan hozz\u00e1f\u00e9r\u00e9st k\u00edn\u00e1l tulajdonosainak a Lamborghini motorsport vil\u00e1g\u00e1hoz.&nbsp;<\/p><\/div>","protected":false},"excerpt":{"rendered":"<p>M\u00e1rka: MOLD KING<br \/>\nNem: Uniszex<br \/>\nKorhat\u00e1r: 14 \u00e9v felett<br \/>\nModellsz\u00e1m: 27065<br \/>\nBesorol\u00e1s: \u00d6sszeszerel\u00e9s<br \/>\nM\u0171anyag blokk forma: \u00f6nz\u00e1r\u00f3 t\u00e9gla<br \/>\nAnyaga: M\u0171anyag<br \/>\nM\u0171anyag t\u00edpus: ABS<br \/>\nT\u00e9gl\u00e1k Blokkok: 383 +<br \/>\nEredeti doboza nincs<br \/>\nA term\u00e9k nem tartalmaz MAtric\u00e1t \u00e9s NYOMTATOTT alkatr\u00e9szeket. Minden nyomtatott alkatr\u00e9szt szabv\u00e1nyos alkatr\u00e9szre cser\u00e9l\u00fcnk, \u00e9s nem j\u00e1r bev\u00e9tel harmadik f\u00e9lt\u0151l sz\u00e1rmaz\u00f3 tartoz\u00e9kokkal.<\/p>","protected":false},"featured_media":60091,"comment_status":"open","ping_status":"closed","template":"","meta":{"_acf_changed":false},"product_cat":[1360,1357,364],"product_tag":[10385,596,479,13502,710,12888,389,11080],"class_list":["product","first","instock","shipping-taxable","purchasable","product-type-simple"],"acf":[],"_links":{"self":[{"href":"https:\/\/mouldking.store\/hu\/wp-json\/wp\/v2\/product\/60092","targetHints":{"allow":["GET"]}}],"collection":[{"href":"https:\/\/mouldking.store\/hu\/wp-json\/wp\/v2\/product"}],"about":[{"href":"https:\/\/mouldking.store\/hu\/wp-json\/wp\/v2\/types\/product"}],"replies":[{"embeddable":true,"href":"https:\/\/mouldking.store\/hu\/wp-json\/wp\/v2\/comments?post=60092"}],"wp:featuredmedia":[{"embeddable":true,"href":"https:\/\/mouldking.store\/hu\/wp-json\/wp\/v2\/media\/60091"}],"wp:attachment":[{"href":"https:\/\/mouldking.store\/hu\/wp-json\/wp\/v2\/media?parent=60092"}],"wp:term":[{"taxonomy":"product_cat","embeddable":true,"href":"https:\/\/mouldking.store\/hu\/wp-json\/wp\/v2\/product_cat?post=60092"},{"taxonomy":"product_tag","embeddable":true,"href":"https:\/\/mouldking.store\/hu\/wp-json\/wp\/v2\/product_tag?post=60092"}],"curies":[{"name":"wp","href":"https:\/\/api.w.org\/{rel}","templated":true}]}}