{"id":60102,"date":"2024-07-12T17:55:19","date_gmt":"2024-07-12T10:55:19","guid":{"rendered":"https:\/\/mouldking.store\/shop\/mould-king-27066-f50-sports-car-with-352-pieces\/"},"modified":"2024-07-12T17:55:29","modified_gmt":"2024-07-12T10:55:29","slug":"mould-king-27066-f50-sports-car-with-352-pieces","status":"publish","type":"product","link":"https:\/\/mouldking.store\/hu\/shop\/mould-king-27066-f50-sports-car-with-352-pieces\/","title":{"rendered":"MOULD KING 27066 F50 Sports Car with 352 Pieces"},"content":{"rendered":"<div>\u2705Mould King 27066 F50 Sports Car<\/p>\n<p>\u2705 The Ferrari F50 is a legendary sports car produced by the Italian automobile manufacturer Ferrari. It was designed to celebrate Ferrari&#8217;s 50th anniversary and is renowned for its performance, design, and exclusivity.&nbsp;<\/p>\n<p>\ud83d\udeab FONTOS!<\/p>\n<p>Product Name: F50 Sports Car<\/p>\n<p>Kateg\u00f3ria: M\u0171szaki<\/p>\n<p>This Kit Contains: Mould King 27066<\/p>\n<p>352 pcs Good Quality Bricks<\/p>\n<p>K\u00e9zi utas\u00edt\u00e1sok<\/p>\n<p>\ud83d\udcccA f\u0151szerepl\u0151 term\u00e9szete<\/p>\n<p>Introducing our proud collection named \u201cF50 Sports Car\u201d you should not miss.<\/p>\n<p>&nbsp;The F50 features a carbon-fiber monocoque chassis with a removable hardtop, allowing it to be converted from a coupe to a roadster. Its aerodynamic design includes a large rear wing and sculpted bodywork to optimize downforce and stability.&nbsp; At the heart of the F50 is a 4.7-liter naturally aspirated V12 engine derived from Ferrari\u2019s 1990 Formula One car, the 641. This engine produces 520 horsepower and 347 lb-ft of torque, revving up to 8,500 rpm.&nbsp; The F50 is equipped with a six-speed manual transmission, providing an engaging and pure driving experience.&nbsp;<\/p><\/div>","protected":false},"excerpt":{"rendered":"<p>M\u00e1rka: MOLD KING<br \/>\nNem: Uniszex<br \/>\nKorhat\u00e1r: 14 \u00e9v felett<br \/>\nModel Number: 27066<br \/>\nBesorol\u00e1s: \u00d6sszeszerel\u00e9s<br \/>\nM\u0171anyag blokk forma: \u00f6nz\u00e1r\u00f3 t\u00e9gla<br \/>\nAnyaga: M\u0171anyag<br \/>\nM\u0171anyag t\u00edpus: ABS<br \/>\nBricks Blocks: 352 +<br \/>\nEredeti doboza nincs<br \/>\nA term\u00e9k nem tartalmaz MAtric\u00e1t \u00e9s NYOMTATOTT alkatr\u00e9szeket. Minden nyomtatott alkatr\u00e9szt szabv\u00e1nyos alkatr\u00e9szre cser\u00e9l\u00fcnk, \u00e9s nem j\u00e1r bev\u00e9tel harmadik f\u00e9lt\u0151l sz\u00e1rmaz\u00f3 tartoz\u00e9kokkal.<\/p>","protected":false},"featured_media":60101,"comment_status":"open","ping_status":"closed","template":"","meta":{"_acf_changed":false},"product_cat":[1360,1357,364,1875],"product_tag":[457,10385,479,13502,710,12888,11150,5166,389,11080],"class_list":["product","first","instock","shipping-taxable","purchasable","product-type-simple"],"acf":[],"_links":{"self":[{"href":"https:\/\/mouldking.store\/hu\/wp-json\/wp\/v2\/product\/60102","targetHints":{"allow":["GET"]}}],"collection":[{"href":"https:\/\/mouldking.store\/hu\/wp-json\/wp\/v2\/product"}],"about":[{"href":"https:\/\/mouldking.store\/hu\/wp-json\/wp\/v2\/types\/product"}],"replies":[{"embeddable":true,"href":"https:\/\/mouldking.store\/hu\/wp-json\/wp\/v2\/comments?post=60102"}],"wp:featuredmedia":[{"embeddable":true,"href":"https:\/\/mouldking.store\/hu\/wp-json\/wp\/v2\/media\/60101"}],"wp:attachment":[{"href":"https:\/\/mouldking.store\/hu\/wp-json\/wp\/v2\/media?parent=60102"}],"wp:term":[{"taxonomy":"product_cat","embeddable":true,"href":"https:\/\/mouldking.store\/hu\/wp-json\/wp\/v2\/product_cat?post=60102"},{"taxonomy":"product_tag","embeddable":true,"href":"https:\/\/mouldking.store\/hu\/wp-json\/wp\/v2\/product_tag?post=60102"}],"curies":[{"name":"wp","href":"https:\/\/api.w.org\/{rel}","templated":true}]}}