{"id":60138,"date":"2024-07-12T17:56:53","date_gmt":"2024-07-12T10:56:53","guid":{"rendered":"https:\/\/mouldking.store\/shop\/mould-king-10103-butterfly-with-432-pieces\/"},"modified":"2024-07-12T17:56:59","modified_gmt":"2024-07-12T10:56:59","slug":"mould-king-10103-butterfly-with-432-pieces","status":"publish","type":"product","link":"https:\/\/mouldking.store\/hu\/shop\/mould-king-10103-butterfly-with-432-pieces\/","title":{"rendered":"MOULD KING 10103 Butterfly with 432 Pieces"},"content":{"rendered":"<div>\u2705MouldKing 10103 Butterfly<\/p>\n<p>\u2705 Butterflies are colorful and delicate insects known for their graceful flight and vibrant wing patterns.&nbsp;<\/p>\n<p>\ud83d\udeab FONTOS!<\/p>\n<p>Product Name: Butterfly<\/p>\n<p>Kateg\u00f3ria: Alkot\u00f3<\/p>\n<p>This Kit Contains: MouldKing 10103&nbsp;<\/p>\n<p>432 pcs Good Quality Bricks<\/p>\n<p>Size: 13.6 \u00d7 13.6 \u00d7 23.6 cm<\/p>\n<p>K\u00e9zi utas\u00edt\u00e1sok<\/p>\n<p>\ud83d\udcccA f\u0151szerepl\u0151 term\u00e9szete<\/p>\n<p>Introducing our proud collection named \u201cButterfly\u201d you should not miss.<\/p>\n<p>&nbsp;Butterflies undergo a complete metamorphosis, starting as an egg laid on a host plant. The egg hatches into a caterpillar (larva) that feeds voraciously, then forms a pupa (chrysalis), and finally emerges as a butterfly (adult).&nbsp; Their wings are covered with tiny scales that create their beautiful patterns and colors. These scales are delicate and can be easily damaged.&nbsp;<\/p><\/div>","protected":false},"excerpt":{"rendered":"<p>M\u00e1rka: MOLD KING<br \/>\nNem: Uniszex<br \/>\nKoroszt\u00e1ly: 8 \u00e9v felett<br \/>\nModel Number: 10103<br \/>\nBesorol\u00e1s: \u00d6sszeszerel\u00e9s<br \/>\nM\u0171anyag blokk forma: \u00f6nz\u00e1r\u00f3 t\u00e9gla<br \/>\nAnyaga: M\u0171anyag<br \/>\nM\u0171anyag t\u00edpus: ABS<br \/>\nBricks Blocks: 432 +<br \/>\nEredeti doboza nincs<br \/>\nA term\u00e9k nem tartalmaz MAtric\u00e1t \u00e9s NYOMTATOTT alkatr\u00e9szeket. Minden nyomtatott alkatr\u00e9szt szabv\u00e1nyos alkatr\u00e9szre cser\u00e9l\u00fcnk, \u00e9s nem j\u00e1r bev\u00e9tel harmadik f\u00e9lt\u0151l sz\u00e1rmaz\u00f3 tartoz\u00e9kokkal.<\/p>","protected":false},"featured_media":60137,"comment_status":"open","ping_status":"closed","template":"","meta":{"_acf_changed":false},"product_cat":[1365,371],"product_tag":[13508,11110,13507,11072,8452,11130],"class_list":["product","first","instock","shipping-taxable","purchasable","product-type-simple"],"acf":[],"_links":{"self":[{"href":"https:\/\/mouldking.store\/hu\/wp-json\/wp\/v2\/product\/60138","targetHints":{"allow":["GET"]}}],"collection":[{"href":"https:\/\/mouldking.store\/hu\/wp-json\/wp\/v2\/product"}],"about":[{"href":"https:\/\/mouldking.store\/hu\/wp-json\/wp\/v2\/types\/product"}],"replies":[{"embeddable":true,"href":"https:\/\/mouldking.store\/hu\/wp-json\/wp\/v2\/comments?post=60138"}],"wp:featuredmedia":[{"embeddable":true,"href":"https:\/\/mouldking.store\/hu\/wp-json\/wp\/v2\/media\/60137"}],"wp:attachment":[{"href":"https:\/\/mouldking.store\/hu\/wp-json\/wp\/v2\/media?parent=60138"}],"wp:term":[{"taxonomy":"product_cat","embeddable":true,"href":"https:\/\/mouldking.store\/hu\/wp-json\/wp\/v2\/product_cat?post=60138"},{"taxonomy":"product_tag","embeddable":true,"href":"https:\/\/mouldking.store\/hu\/wp-json\/wp\/v2\/product_tag?post=60138"}],"curies":[{"name":"wp","href":"https:\/\/api.w.org\/{rel}","templated":true}]}}