{"id":60154,"date":"2024-07-12T17:57:45","date_gmt":"2024-07-12T10:57:45","guid":{"rendered":"https:\/\/mouldking.store\/shop\/mould-king-13193-styx-pirate-ship-with-3769-pieces\/"},"modified":"2024-07-12T17:57:50","modified_gmt":"2024-07-12T10:57:50","slug":"mould-king-13193-styx-pirate-ship-with-3769-pieces","status":"publish","type":"product","link":"https:\/\/mouldking.store\/hu\/shop\/mould-king-13193-styx-pirate-ship-with-3769-pieces\/","title":{"rendered":"MOLD KING 13193 Styx kal\u00f3zhaj\u00f3 3769 darabbal"},"content":{"rendered":"<div>\u2705MouldKing 13193 Styx Pirate Ship<\/p>\n<p>\u2705 The &#8220;Styx Pirate Ship&#8221; seems to be a reference to a fictional pirate ship associated with the band Styx, particularly from their concept album &#8220;Pieces of Eight&#8221; released in 1978. The album&#8217;s cover art prominently features a pirate ship, reflecting the thematic elements of treasure and adventure that run through the album&#8217;s songs.&nbsp;<\/p>\n<p>\ud83d\udeab FONTOS!<\/p>\n<p>Product Name: Styx Pirate Ship<\/p>\n<p>Kateg\u00f3ria: M\u0171szaki<\/p>\n<p>This Kit Contains: MouldKing 13193<\/p>\n<p>3769 pcs Good Quality Bricks<\/p>\n<p>Size: 93.4 \u00d7 28.2 \u00d7 62.7 cm<\/p>\n<p>K\u00e9zi utas\u00edt\u00e1sok<\/p>\n<p>\ud83d\udcccA f\u0151szerepl\u0151 term\u00e9szete<\/p>\n<p>Introducing our proud collection named \u201cStyx Pirate Ship\u201d you should not miss.<\/p>\n<p>&nbsp;Styx, known for their progressive rock and theatrical style, often incorporated elaborate storytelling and imagery into their music and album artwork. The pirate ship on the cover of &#8220;Pieces of Eight&#8221; is a symbol of the album&#8217;s concept, which explores themes of greed, temptation, and the search for meaning.&nbsp;<\/p><\/div>","protected":false},"excerpt":{"rendered":"<p>M\u00e1rka: MOLD KING<br \/>\nNem: Uniszex<br \/>\nKorhat\u00e1r: 14 \u00e9v felett<br \/>\nModel Number: 13193<br \/>\nBesorol\u00e1s: \u00d6sszeszerel\u00e9s<br \/>\nM\u0171anyag blokk forma: \u00f6nz\u00e1r\u00f3 t\u00e9gla<br \/>\nAnyaga: M\u0171anyag<br \/>\nM\u0171anyag t\u00edpus: ABS<br \/>\nBricks Blocks: 3769 +<br \/>\nEredeti doboza nincs<br \/>\nA term\u00e9k nem tartalmaz MAtric\u00e1t \u00e9s NYOMTATOTT alkatr\u00e9szeket. Minden nyomtatott alkatr\u00e9szt szabv\u00e1nyos alkatr\u00e9szre cser\u00e9l\u00fcnk, \u00e9s nem j\u00e1r bev\u00e9tel harmadik f\u00e9lt\u0151l sz\u00e1rmaz\u00f3 tartoz\u00e9kokkal.<\/p>","protected":false},"featured_media":60153,"comment_status":"open","ping_status":"closed","template":"","meta":{"_acf_changed":false},"product_cat":[1357,364],"product_tag":[12732,8704,304,13510,389],"class_list":["product","first","instock","shipping-taxable","purchasable","product-type-simple"],"acf":[],"_links":{"self":[{"href":"https:\/\/mouldking.store\/hu\/wp-json\/wp\/v2\/product\/60154","targetHints":{"allow":["GET"]}}],"collection":[{"href":"https:\/\/mouldking.store\/hu\/wp-json\/wp\/v2\/product"}],"about":[{"href":"https:\/\/mouldking.store\/hu\/wp-json\/wp\/v2\/types\/product"}],"replies":[{"embeddable":true,"href":"https:\/\/mouldking.store\/hu\/wp-json\/wp\/v2\/comments?post=60154"}],"wp:featuredmedia":[{"embeddable":true,"href":"https:\/\/mouldking.store\/hu\/wp-json\/wp\/v2\/media\/60153"}],"wp:attachment":[{"href":"https:\/\/mouldking.store\/hu\/wp-json\/wp\/v2\/media?parent=60154"}],"wp:term":[{"taxonomy":"product_cat","embeddable":true,"href":"https:\/\/mouldking.store\/hu\/wp-json\/wp\/v2\/product_cat?post=60154"},{"taxonomy":"product_tag","embeddable":true,"href":"https:\/\/mouldking.store\/hu\/wp-json\/wp\/v2\/product_tag?post=60154"}],"curies":[{"name":"wp","href":"https:\/\/api.w.org\/{rel}","templated":true}]}}