{"id":60179,"date":"2024-07-16T18:32:08","date_gmt":"2024-07-16T11:32:08","guid":{"rendered":"https:\/\/mouldking.store\/shop\/mould-king-24049-red-biplane-with-300-pieces\/"},"modified":"2024-07-16T18:32:10","modified_gmt":"2024-07-16T11:32:10","slug":"mould-king-24049-red-biplane-with-300-pieces","status":"publish","type":"product","link":"https:\/\/mouldking.store\/hu\/shop\/mould-king-24049-red-biplane-with-300-pieces\/","title":{"rendered":"MOLD KING 24049 Piros k\u00e9tfedel\u0171 rep\u00fcl\u0151g\u00e9p 300 darabbal"},"content":{"rendered":"<div>\u2705MouldKing 24049 Red Biplane<\/p>\n<p>\u2705 A red biplane is an iconic image often associated with vintage aviation, air shows, and aerobatic displays. Biplanes, characterized by their two wings stacked one above the other, were common in the early days of aviation but are now mostly seen in historical contexts or for specialized purposes like aerobatics.&nbsp;<\/p>\n<p>\ud83d\udeab FONTOS!<\/p>\n<p>Product Name: Red Biplane<\/p>\n<p>Kateg\u00f3ria: M\u0171szaki<\/p>\n<p>This Kit Contains: MouldKing 24049<\/p>\n<p>300 pcs Good Quality Bricks<\/p>\n<p>Size: 31.2 \u00d7 24.6 \u00d7 12.6 cm<\/p>\n<p>K\u00e9zi utas\u00edt\u00e1sok<\/p>\n<p>\ud83d\udcccA f\u0151szerepl\u0151 term\u00e9szete<\/p>\n<p>Introducing our proud collection named \u201cRed Biplane\u201d you should not miss.<\/p>\n<p>&nbsp;Red biplanes have left an indelible mark on aviation history, symbolizing the daring and adventurous spirit of early aviators. Their continued presence in air shows and aviation events keeps the legacy of vintage aviation alive, inspiring new generations of pilots and aviation enthusiasts. The distinctive red color often adds to their appeal, making them standout icons in the sky.&nbsp;<\/p><\/div>","protected":false},"excerpt":{"rendered":"<p>M\u00e1rka: MOLD KING<br \/>\nNem: Uniszex<br \/>\nKorhat\u00e1r: 14 \u00e9v felett<br \/>\nModel Number: 24049<br \/>\nBesorol\u00e1s: \u00d6sszeszerel\u00e9s<br \/>\nM\u0171anyag blokk forma: \u00f6nz\u00e1r\u00f3 t\u00e9gla<br \/>\nAnyaga: M\u0171anyag<br \/>\nM\u0171anyag t\u00edpus: ABS<br \/>\nBricks Blocks: 300 +<br \/>\nEredeti doboza nincs<br \/>\nA term\u00e9k nem tartalmaz MAtric\u00e1t \u00e9s NYOMTATOTT alkatr\u00e9szeket. Minden nyomtatott alkatr\u00e9szt szabv\u00e1nyos alkatr\u00e9szre cser\u00e9l\u00fcnk, \u00e9s nem j\u00e1r bev\u00e9tel harmadik f\u00e9lt\u0151l sz\u00e1rmaz\u00f3 tartoz\u00e9kokkal.<\/p>","protected":false},"featured_media":60178,"comment_status":"open","ping_status":"closed","template":"","meta":{"_acf_changed":false},"product_cat":[1357,364],"product_tag":[5298,389,11080],"class_list":["product","first","instock","shipping-taxable","purchasable","product-type-simple"],"acf":[],"_links":{"self":[{"href":"https:\/\/mouldking.store\/hu\/wp-json\/wp\/v2\/product\/60179","targetHints":{"allow":["GET"]}}],"collection":[{"href":"https:\/\/mouldking.store\/hu\/wp-json\/wp\/v2\/product"}],"about":[{"href":"https:\/\/mouldking.store\/hu\/wp-json\/wp\/v2\/types\/product"}],"replies":[{"embeddable":true,"href":"https:\/\/mouldking.store\/hu\/wp-json\/wp\/v2\/comments?post=60179"}],"wp:featuredmedia":[{"embeddable":true,"href":"https:\/\/mouldking.store\/hu\/wp-json\/wp\/v2\/media\/60178"}],"wp:attachment":[{"href":"https:\/\/mouldking.store\/hu\/wp-json\/wp\/v2\/media?parent=60179"}],"wp:term":[{"taxonomy":"product_cat","embeddable":true,"href":"https:\/\/mouldking.store\/hu\/wp-json\/wp\/v2\/product_cat?post=60179"},{"taxonomy":"product_tag","embeddable":true,"href":"https:\/\/mouldking.store\/hu\/wp-json\/wp\/v2\/product_tag?post=60179"}],"curies":[{"name":"wp","href":"https:\/\/api.w.org\/{rel}","templated":true}]}}