{"id":60194,"date":"2024-07-16T18:33:21","date_gmt":"2024-07-16T11:33:21","guid":{"rendered":"https:\/\/mouldking.store\/shop\/mould-king-15073-transforming-mustang-return-car-barricade-with-786-pieces\/"},"modified":"2024-07-16T18:33:26","modified_gmt":"2024-07-16T11:33:26","slug":"mould-king-15073-transforming-mustang-return-car-barricade-with-786-pieces","status":"publish","type":"product","link":"https:\/\/mouldking.store\/hu\/shop\/mould-king-15073-transforming-mustang-return-car-barricade-with-786-pieces\/","title":{"rendered":"MOLD KING 15073 \u00e1talak\u00edt\u00f3 Mustang Return aut\u00f3barik\u00e1d 786 darabbal"},"content":{"rendered":"<div>\u2705MouldKing 15073 Transforming Mustang Return Car-Barricade<\/p>\n<p>\ud83d\udeab FONTOS!<\/p>\n<p>Product Name: Transforming Mustang Return Car-Barricade<\/p>\n<p>Kateg\u00f3ria: M\u0171szaki<\/p>\n<p>This Kit Contains: MouldKing 15073<\/p>\n<p>786 pcs Good Quality Bricks<\/p>\n<p>Size: 30.4 \u00d7 13.8 \u00d7 9 cm<\/p>\n<p>K\u00e9zi utas\u00edt\u00e1sok<\/p>\n<p>\ud83d\udcccA f\u0151szerepl\u0151 term\u00e9szete<\/p>\n<p>Introducing our proud collection named \u201cTransforming Mustang Return Car-Barricade\u201d you should not miss.<\/p>\n<p>&nbsp;Barricade, as a transforming Mustang police car, is one of the iconic Decepticons in the &#8220;Transformers&#8221; franchise. Whether through movies, toys, or animated series, his return would excite fans and bring new dimensions to the character&#8217;s legacy. The combination of his menacing persona and the sleek, powerful Mustang design makes Barricade a memorable and enduring character in the &#8220;Transformers&#8221; universe.&nbsp;<\/p><\/div>","protected":false},"excerpt":{"rendered":"<p>M\u00e1rka: MOLD KING<br \/>\nNem: Uniszex<br \/>\nKoroszt\u00e1ly: 8 \u00e9v felett<br \/>\nModel Number: 15073<br \/>\nBesorol\u00e1s: \u00d6sszeszerel\u00e9s<br \/>\nM\u0171anyag blokk forma: \u00f6nz\u00e1r\u00f3 t\u00e9gla<br \/>\nAnyaga: M\u0171anyag<br \/>\nM\u0171anyag t\u00edpus: ABS<br \/>\nBricks Blocks: 786 +<br \/>\nEredeti doboza nincs<br \/>\nA term\u00e9k nem tartalmaz MAtric\u00e1t \u00e9s NYOMTATOTT alkatr\u00e9szeket. Minden nyomtatott alkatr\u00e9szt szabv\u00e1nyos alkatr\u00e9szre cser\u00e9l\u00fcnk, \u00e9s nem j\u00e1r bev\u00e9tel harmadik f\u00e9lt\u0151l sz\u00e1rmaz\u00f3 tartoz\u00e9kokkal.<\/p>","protected":false},"featured_media":60193,"comment_status":"open","ping_status":"closed","template":"","meta":{"_acf_changed":false},"product_cat":[1360,1357,371,372,390,581,6016,415,364,1875],"product_tag":[13517,457,13516,366,6653,389,11080],"class_list":["product","first","instock","shipping-taxable","purchasable","product-type-simple"],"acf":[],"_links":{"self":[{"href":"https:\/\/mouldking.store\/hu\/wp-json\/wp\/v2\/product\/60194","targetHints":{"allow":["GET"]}}],"collection":[{"href":"https:\/\/mouldking.store\/hu\/wp-json\/wp\/v2\/product"}],"about":[{"href":"https:\/\/mouldking.store\/hu\/wp-json\/wp\/v2\/types\/product"}],"replies":[{"embeddable":true,"href":"https:\/\/mouldking.store\/hu\/wp-json\/wp\/v2\/comments?post=60194"}],"wp:featuredmedia":[{"embeddable":true,"href":"https:\/\/mouldking.store\/hu\/wp-json\/wp\/v2\/media\/60193"}],"wp:attachment":[{"href":"https:\/\/mouldking.store\/hu\/wp-json\/wp\/v2\/media?parent=60194"}],"wp:term":[{"taxonomy":"product_cat","embeddable":true,"href":"https:\/\/mouldking.store\/hu\/wp-json\/wp\/v2\/product_cat?post=60194"},{"taxonomy":"product_tag","embeddable":true,"href":"https:\/\/mouldking.store\/hu\/wp-json\/wp\/v2\/product_tag?post=60194"}],"curies":[{"name":"wp","href":"https:\/\/api.w.org\/{rel}","templated":true}]}}