{"id":60222,"date":"2024-07-17T18:14:19","date_gmt":"2024-07-17T11:14:19","guid":{"rendered":"https:\/\/mouldking.store\/shop\/mould-king-12031-union-pacific-844-steam-locomotive-with-motor-with-3357-pieces\/"},"modified":"2024-07-17T18:14:50","modified_gmt":"2024-07-17T11:14:50","slug":"mould-king-12031-union-pacific-844-steam-locomotive-with-motor-with-3357-pieces","status":"publish","type":"product","link":"https:\/\/mouldking.store\/hu\/shop\/mould-king-12031-union-pacific-844-steam-locomotive-with-motor-with-3357-pieces\/","title":{"rendered":"MOLD KING 12031 Union Pacific 844 g\u0151zmozdony motorral 3357 darabbal"},"content":{"rendered":"<div>\u2705MouldKing 12031 Union Pacific 844 Steam Locomotive With Motor<\/p>\n<p>\u2705 The Union Pacific 844 is a historic steam locomotive that holds significant importance in American railroading history. The Union Pacific 844 is a 4-8-4 steam locomotive, classified as a &#8220;Northern&#8221; type.&nbsp; It was built in December 1944 by the American Locomotive Company (ALCO) and was the last steam locomotive delivered to Union Pacific. It served in high-speed passenger service until diesel locomotives took over and then continued in freight service.&nbsp;<\/p>\n<p>\ud83d\udeab FONTOS!<\/p>\n<p>Product Name: Union Pacific 844 Steam Locomotive With Motor<\/p>\n<p>Kateg\u00f3ria: M\u0171szaki<\/p>\n<p>This Kit Contains: MouldKing 12031<\/p>\n<p>3357 pcs Good Quality Bricks<\/p>\n<p>Size: 104.7 \u00d7 9.3 \u00d7 11.1 cm<\/p>\n<p>K\u00e9zi utas\u00edt\u00e1sok<\/p>\n<p>\ud83d\udcccA f\u0151szerepl\u0151 term\u00e9szete<\/p>\n<p>Introducing our proud collection named \u201cUnion Pacific 844 Steam Locomotive With Motor\u201d you should not miss.<\/p>\n<p>&nbsp;Unlike many steam locomotives of its era, the Union Pacific 844 was never retired and scrapped. Instead, it was preserved and eventually restored to operating condition by the Union Pacific Railroad. &nbsp; Today, the Union Pacific 844 serves as a heritage locomotive, used for special excursion trips and public displays, showcasing the history of steam locomotives and the Union Pacific Railroad.&nbsp; The Union Pacific 844 remains a symbol of the golden age of steam railroading and is a popular attraction for rail enthusiasts and the general public alike.&nbsp;<\/p><\/div>","protected":false},"excerpt":{"rendered":"<p>M\u00e1rka: MOLD KING<br \/>\nNem: Uniszex<br \/>\nKorhat\u00e1r: 14 \u00e9v felett<br \/>\nModel Number: 12031<br \/>\nBesorol\u00e1s: \u00d6sszeszerel\u00e9s<br \/>\nM\u0171anyag blokk forma: \u00f6nz\u00e1r\u00f3 t\u00e9gla<br \/>\nAnyaga: M\u0171anyag<br \/>\nM\u0171anyag t\u00edpus: ABS<br \/>\nBricks Blocks: 3357 +<br \/>\nEredeti doboza nincs<br \/>\nA term\u00e9k nem tartalmaz MAtric\u00e1t \u00e9s NYOMTATOTT alkatr\u00e9szeket. Minden nyomtatott alkatr\u00e9szt szabv\u00e1nyos alkatr\u00e9szre cser\u00e9l\u00fcnk, \u00e9s nem j\u00e1r bev\u00e9tel harmadik f\u00e9lt\u0151l sz\u00e1rmaz\u00f3 tartoz\u00e9kokkal.<\/p>","protected":false},"featured_media":60221,"comment_status":"open","ping_status":"closed","template":"","meta":{"_acf_changed":false},"product_cat":[1357,364],"product_tag":[12713,2635,1006,2340,389,11080,300],"class_list":["product","first","instock","shipping-taxable","purchasable","product-type-simple"],"acf":[],"_links":{"self":[{"href":"https:\/\/mouldking.store\/hu\/wp-json\/wp\/v2\/product\/60222","targetHints":{"allow":["GET"]}}],"collection":[{"href":"https:\/\/mouldking.store\/hu\/wp-json\/wp\/v2\/product"}],"about":[{"href":"https:\/\/mouldking.store\/hu\/wp-json\/wp\/v2\/types\/product"}],"replies":[{"embeddable":true,"href":"https:\/\/mouldking.store\/hu\/wp-json\/wp\/v2\/comments?post=60222"}],"wp:featuredmedia":[{"embeddable":true,"href":"https:\/\/mouldking.store\/hu\/wp-json\/wp\/v2\/media\/60221"}],"wp:attachment":[{"href":"https:\/\/mouldking.store\/hu\/wp-json\/wp\/v2\/media?parent=60222"}],"wp:term":[{"taxonomy":"product_cat","embeddable":true,"href":"https:\/\/mouldking.store\/hu\/wp-json\/wp\/v2\/product_cat?post=60222"},{"taxonomy":"product_tag","embeddable":true,"href":"https:\/\/mouldking.store\/hu\/wp-json\/wp\/v2\/product_tag?post=60222"}],"curies":[{"name":"wp","href":"https:\/\/api.w.org\/{rel}","templated":true}]}}