{"id":60227,"date":"2024-07-17T18:14:46","date_gmt":"2024-07-17T11:14:46","guid":{"rendered":"https:\/\/mouldking.store\/shop\/mould-king-18021-monster-climbing-vehicle-with-motor-with-1120-pieces\/"},"modified":"2024-07-17T18:14:52","modified_gmt":"2024-07-17T11:14:52","slug":"mould-king-18021-monster-climbing-vehicle-with-motor-with-1120-pieces","status":"publish","type":"product","link":"https:\/\/mouldking.store\/hu\/shop\/mould-king-18021-monster-climbing-vehicle-with-motor-with-1120-pieces\/","title":{"rendered":"MOLD KING 18021 Monster hegym\u00e1sz\u00f3 j\u00e1rm\u0171 motorral 1120 darabbal"},"content":{"rendered":"<div>\u2705MouldKing 18021 Monster Climbing Vehicle With Motor<\/p>\n<p>\u2705 The MouldKing 18021 Monster Climbing Vehicle is a popular model in the realm of remote-controlled (RC) vehicles and construction sets.&nbsp;<\/p>\n<p>\ud83d\udeab FONTOS!<\/p>\n<p>Product Name: Monster Climbing Vehicle With Motor<\/p>\n<p>Kateg\u00f3ria: M\u0171szaki<\/p>\n<p>This Kit Contains: MouldKing 18021&nbsp;<\/p>\n<p>1120 pcs Good Quality Bricks<\/p>\n<p>Size: 36.2 \u00d7 21.2 \u00d7 17.8 cm<\/p>\n<p>K\u00e9zi utas\u00edt\u00e1sok<\/p>\n<p>\ud83d\udcccA f\u0151szerepl\u0151 term\u00e9szete<\/p>\n<p>Introducing our proud collection named \u201cMonster Climbing Vehicle With Motor\u201d you should not miss.<\/p>\n<p>&nbsp;This model offers a fun and educational experience, combining the enjoyment of building with the thrill of operating a capable RC climbing vehicle.&nbsp; This model may be challenging and engaging to build, suitable for enthusiasts who enjoy detailed and intricate construction projects.&nbsp; Building the MouldKing 18021 can enhance skills in engineering, problem-solving, and hand-eye coordination.&nbsp;<\/p><\/div>","protected":false},"excerpt":{"rendered":"<p>M\u00e1rka: MOLD KING<br \/>\nNem: Uniszex<br \/>\nKorhat\u00e1r: 14 \u00e9v felett<br \/>\nModel Number: 18021<br \/>\nBesorol\u00e1s: \u00d6sszeszerel\u00e9s<br \/>\nM\u0171anyag blokk forma: \u00f6nz\u00e1r\u00f3 t\u00e9gla<br \/>\nAnyaga: M\u0171anyag<br \/>\nM\u0171anyag t\u00edpus: ABS<br \/>\nBricks Blocks: 1120 +<br \/>\nEredeti doboza nincs<br \/>\nA term\u00e9k nem tartalmaz MAtric\u00e1t \u00e9s NYOMTATOTT alkatr\u00e9szeket. Minden nyomtatott alkatr\u00e9szt szabv\u00e1nyos alkatr\u00e9szre cser\u00e9l\u00fcnk, \u00e9s nem j\u00e1r bev\u00e9tel harmadik f\u00e9lt\u0151l sz\u00e1rmaz\u00f3 tartoz\u00e9kokkal.<\/p>","protected":false},"featured_media":60226,"comment_status":"open","ping_status":"closed","template":"","meta":{"_acf_changed":false},"product_cat":[1384,1360,1357,364,1875],"product_tag":[13520,457,13519,468,389,11080,11396],"class_list":["product","first","instock","shipping-taxable","purchasable","product-type-simple"],"acf":[],"_links":{"self":[{"href":"https:\/\/mouldking.store\/hu\/wp-json\/wp\/v2\/product\/60227","targetHints":{"allow":["GET"]}}],"collection":[{"href":"https:\/\/mouldking.store\/hu\/wp-json\/wp\/v2\/product"}],"about":[{"href":"https:\/\/mouldking.store\/hu\/wp-json\/wp\/v2\/types\/product"}],"replies":[{"embeddable":true,"href":"https:\/\/mouldking.store\/hu\/wp-json\/wp\/v2\/comments?post=60227"}],"wp:featuredmedia":[{"embeddable":true,"href":"https:\/\/mouldking.store\/hu\/wp-json\/wp\/v2\/media\/60226"}],"wp:attachment":[{"href":"https:\/\/mouldking.store\/hu\/wp-json\/wp\/v2\/media?parent=60227"}],"wp:term":[{"taxonomy":"product_cat","embeddable":true,"href":"https:\/\/mouldking.store\/hu\/wp-json\/wp\/v2\/product_cat?post=60227"},{"taxonomy":"product_tag","embeddable":true,"href":"https:\/\/mouldking.store\/hu\/wp-json\/wp\/v2\/product_tag?post=60227"}],"curies":[{"name":"wp","href":"https:\/\/api.w.org\/{rel}","templated":true}]}}