{"id":60241,"date":"2024-07-17T18:16:11","date_gmt":"2024-07-17T11:16:11","guid":{"rendered":"https:\/\/mouldking.store\/shop\/mould-king-20031-dana-self-propelled-howitzer-with-motor-with-1923-pieces\/"},"modified":"2024-07-17T18:16:16","modified_gmt":"2024-07-17T11:16:16","slug":"mould-king-20031-dana-self-propelled-howitzer-with-motor-with-1923-pieces","status":"publish","type":"product","link":"https:\/\/mouldking.store\/hu\/shop\/mould-king-20031-dana-self-propelled-howitzer-with-motor-with-1923-pieces\/","title":{"rendered":"MOLD KING 20031 DANA \u00f6nj\u00e1r\u00f3 tarack motorral 1923 darabbal"},"content":{"rendered":"<div>\u2705MouldKing 20031 DANA Self-Propelled Howitzer With Motor<\/p>\n<p>\u2705 The DANA (D\u011blo Automobiln\u00ed Nab\u00edjen\u00e9 Automaticky) self-propelled howitzer is a significant piece of military equipment designed for artillery purposes.&nbsp;<\/p>\n<p>\ud83d\udeab FONTOS!<\/p>\n<p>Product Name: DANA Self-Propelled Howitzer With Motor<\/p>\n<p>Kateg\u00f3ria: Katonai<\/p>\n<p>This Kit Contains: MouldKing 20031<\/p>\n<p>1923 pcs Good Quality Bricks<\/p>\n<p>Size: 48.1 \u00d7 14.7 \u00d7 17 cm<\/p>\n<p>K\u00e9zi utas\u00edt\u00e1sok<\/p>\n<p>\ud83d\udcccA f\u0151szerepl\u0151 term\u00e9szete<\/p>\n<p>Introducing our proud collection named \u201cDANA Self-Propelled Howitzer With Motor\u201d you should not miss.<\/p>\n<p>&nbsp;The DANA self-propelled howitzer is recognized for its innovative design, combining the mobility of wheeled vehicles with the firepower of traditional tracked self-propelled guns. This makes it a versatile and valuable asset in modern artillery units.&nbsp;<\/p><\/div>","protected":false},"excerpt":{"rendered":"<p>M\u00e1rka: MOLD KING<br \/>\nNem: Uniszex<br \/>\nKoroszt\u00e1ly: 8 \u00e9v felett<br \/>\nModel Number: 20031<br \/>\nBesorol\u00e1s: \u00d6sszeszerel\u00e9s<br \/>\nM\u0171anyag blokk forma: \u00f6nz\u00e1r\u00f3 t\u00e9gla<br \/>\nAnyaga: M\u0171anyag<br \/>\nM\u0171anyag t\u00edpus: ABS<br \/>\nBricks Blocks: 1923 +<br \/>\nEredeti doboza nincs<br \/>\nA term\u00e9k nem tartalmaz MAtric\u00e1t \u00e9s NYOMTATOTT alkatr\u00e9szeket. Minden nyomtatott alkatr\u00e9szt szabv\u00e1nyos alkatr\u00e9szre cser\u00e9l\u00fcnk, \u00e9s nem j\u00e1r bev\u00e9tel harmadik f\u00e9lt\u0151l sz\u00e1rmaz\u00f3 tartoz\u00e9kokkal.<\/p>","protected":false},"featured_media":60240,"comment_status":"open","ping_status":"closed","template":"","meta":{"_acf_changed":false},"product_cat":[1350,1357,372,364],"product_tag":[13521,13524,13523,374,13522,389],"class_list":["product","first","instock","shipping-taxable","purchasable","product-type-simple"],"acf":[],"_links":{"self":[{"href":"https:\/\/mouldking.store\/hu\/wp-json\/wp\/v2\/product\/60241","targetHints":{"allow":["GET"]}}],"collection":[{"href":"https:\/\/mouldking.store\/hu\/wp-json\/wp\/v2\/product"}],"about":[{"href":"https:\/\/mouldking.store\/hu\/wp-json\/wp\/v2\/types\/product"}],"replies":[{"embeddable":true,"href":"https:\/\/mouldking.store\/hu\/wp-json\/wp\/v2\/comments?post=60241"}],"wp:featuredmedia":[{"embeddable":true,"href":"https:\/\/mouldking.store\/hu\/wp-json\/wp\/v2\/media\/60240"}],"wp:attachment":[{"href":"https:\/\/mouldking.store\/hu\/wp-json\/wp\/v2\/media?parent=60241"}],"wp:term":[{"taxonomy":"product_cat","embeddable":true,"href":"https:\/\/mouldking.store\/hu\/wp-json\/wp\/v2\/product_cat?post=60241"},{"taxonomy":"product_tag","embeddable":true,"href":"https:\/\/mouldking.store\/hu\/wp-json\/wp\/v2\/product_tag?post=60241"}],"curies":[{"name":"wp","href":"https:\/\/api.w.org\/{rel}","templated":true}]}}