{"id":60262,"date":"2024-07-17T18:16:51","date_gmt":"2024-07-17T11:16:51","guid":{"rendered":"https:\/\/mouldking.store\/shop\/mould-king-18020-pneumatic-crawler-tractor-with-motor-with-1698-pieces\/"},"modified":"2024-07-17T18:16:58","modified_gmt":"2024-07-17T11:16:58","slug":"mould-king-18020-pneumatic-crawler-tractor-with-motor-with-1698-pieces","status":"publish","type":"product","link":"https:\/\/mouldking.store\/hu\/shop\/mould-king-18020-pneumatic-crawler-tractor-with-motor-with-1698-pieces\/","title":{"rendered":"MOLD KING 18020 pneumatikus l\u00e1nctalpas traktor motorral 1698 darabbal"},"content":{"rendered":"<div>\u2705MouldKing 18020 Pneumatic Crawler Tractor With Motor<\/p>\n<p>\u2705 A Pneumatic Crawler Tractor, often referred to as a pneumatic track tractor, is a type of construction and agricultural vehicle that combines pneumatic (air-filled) technology with crawler (track) mechanisms to enhance its performance and versatility.&nbsp;<\/p>\n<p>\ud83d\udeab FONTOS!<\/p>\n<p>Product Name: Pneumatic Crawler Tractor With Motor<\/p>\n<p>Kateg\u00f3ria: M\u0171szaki<\/p>\n<p>This Kit Contains: MouldKing 18020<\/p>\n<p>1698 pcs Good Quality Bricks<\/p>\n<p>Size:&nbsp; 45 \u00d7 19 \u00d7 22.6 cm<\/p>\n<p>K\u00e9zi utas\u00edt\u00e1sok<\/p>\n<p>\ud83d\udcccA f\u0151szerepl\u0151 term\u00e9szete<\/p>\n<p>Introducing our proud collection named \u201cPneumatic Crawler Tractor With Motor\u201d you should not miss.<\/p>\n<p>&nbsp;A pneumatic crawler tractor is a versatile and powerful machine that combines the benefits of crawler tracks and pneumatic technology to handle a wide range of tasks in challenging environments. Its design and features make it an essential tool in construction, agriculture, forestry, and mining operations.&nbsp;<\/p><\/div>","protected":false},"excerpt":{"rendered":"<p>M\u00e1rka: MOLD KING<br \/>\nNem: Uniszex<br \/>\nKorhat\u00e1r: 14 \u00e9v felett<br \/>\nModel Number: 18020<br \/>\nBesorol\u00e1s: \u00d6sszeszerel\u00e9s<br \/>\nM\u0171anyag blokk forma: \u00f6nz\u00e1r\u00f3 t\u00e9gla<br \/>\nAnyaga: M\u0171anyag<br \/>\nM\u0171anyag t\u00edpus: ABS<br \/>\nBricks Blocks: 1698 +<br \/>\nEredeti doboza nincs<br \/>\nA term\u00e9k nem tartalmaz MAtric\u00e1t \u00e9s NYOMTATOTT alkatr\u00e9szeket. Minden nyomtatott alkatr\u00e9szt szabv\u00e1nyos alkatr\u00e9szre cser\u00e9l\u00fcnk, \u00e9s nem j\u00e1r bev\u00e9tel harmadik f\u00e9lt\u0151l sz\u00e1rmaz\u00f3 tartoz\u00e9kokkal.<\/p>","protected":false},"featured_media":60261,"comment_status":"open","ping_status":"closed","template":"","meta":{"_acf_changed":false},"product_cat":[1357,364],"product_tag":[12472,11646,389,11080,6245],"class_list":["product","first","instock","shipping-taxable","purchasable","product-type-simple"],"acf":[],"_links":{"self":[{"href":"https:\/\/mouldking.store\/hu\/wp-json\/wp\/v2\/product\/60262","targetHints":{"allow":["GET"]}}],"collection":[{"href":"https:\/\/mouldking.store\/hu\/wp-json\/wp\/v2\/product"}],"about":[{"href":"https:\/\/mouldking.store\/hu\/wp-json\/wp\/v2\/types\/product"}],"replies":[{"embeddable":true,"href":"https:\/\/mouldking.store\/hu\/wp-json\/wp\/v2\/comments?post=60262"}],"wp:featuredmedia":[{"embeddable":true,"href":"https:\/\/mouldking.store\/hu\/wp-json\/wp\/v2\/media\/60261"}],"wp:attachment":[{"href":"https:\/\/mouldking.store\/hu\/wp-json\/wp\/v2\/media?parent=60262"}],"wp:term":[{"taxonomy":"product_cat","embeddable":true,"href":"https:\/\/mouldking.store\/hu\/wp-json\/wp\/v2\/product_cat?post=60262"},{"taxonomy":"product_tag","embeddable":true,"href":"https:\/\/mouldking.store\/hu\/wp-json\/wp\/v2\/product_tag?post=60262"}],"curies":[{"name":"wp","href":"https:\/\/api.w.org\/{rel}","templated":true}]}}