{"id":60268,"date":"2024-07-17T18:16:56","date_gmt":"2024-07-17T11:16:56","guid":{"rendered":"https:\/\/mouldking.store\/shop\/mould-king-24050-tandem-rotor-helicopter-with-270-pieces\/"},"modified":"2024-07-17T18:17:11","modified_gmt":"2024-07-17T11:17:11","slug":"mould-king-24050-tandem-rotor-helicopter-with-270-pieces","status":"publish","type":"product","link":"https:\/\/mouldking.store\/hu\/shop\/mould-king-24050-tandem-rotor-helicopter-with-270-pieces\/","title":{"rendered":"MOLD KING 24050 tandem rotoros helikopter 270 darabbal"},"content":{"rendered":"<div>\u2705MouldKing 24050 Tandem Rotor Helicopter<\/p>\n<p>\u2705 A tandem rotor helicopter is a type of helicopter that uses two large horizontal rotor assemblies mounted one in front of the other, as opposed to the single main rotor and tail rotor configuration commonly seen in most helicopters. This design has several unique features and advantages, making tandem rotor helicopters particularly effective for specific applications.&nbsp;<\/p>\n<p>\ud83d\udeab FONTOS!<\/p>\n<p>Product Name: Tandem Rotor Helicopter<\/p>\n<p>Kateg\u00f3ria: M\u0171szaki<\/p>\n<p>This Kit Contains: MouldKing 24050<\/p>\n<p>270 pcs Good Quality Bricks<\/p>\n<p>Size: 30.8 \u00d7 14.5 \u00d7 9.7 cm<\/p>\n<p>K\u00e9zi utas\u00edt\u00e1sok<\/p>\n<p>\ud83d\udcccA f\u0151szerepl\u0151 term\u00e9szete<\/p>\n<p>Introducing our proud collection named \u201cTandem Rotor Helicopter\u201d you should not miss.<\/p>\n<p>&nbsp;Tandem rotor helicopters are highly valued for their unique capabilities and are indispensable in scenarios requiring heavy lifting and stable flight. Their design and operational advantages make them a crucial asset in both military and civilian applications.&nbsp;<\/p><\/div>","protected":false},"excerpt":{"rendered":"<p>M\u00e1rka: MOLD KING<br \/>\nNem: Uniszex<br \/>\nKoroszt\u00e1ly: 8 \u00e9v felett<br \/>\nModel Number: 24050<br \/>\nBesorol\u00e1s: \u00d6sszeszerel\u00e9s<br \/>\nM\u0171anyag blokk forma: \u00f6nz\u00e1r\u00f3 t\u00e9gla<br \/>\nAnyaga: M\u0171anyag<br \/>\nM\u0171anyag t\u00edpus: ABS<br \/>\nBricks Blocks: 270 +<br \/>\nEredeti doboza nincs<br \/>\nA term\u00e9k nem tartalmaz MAtric\u00e1t \u00e9s NYOMTATOTT alkatr\u00e9szeket. Minden nyomtatott alkatr\u00e9szt szabv\u00e1nyos alkatr\u00e9szre cser\u00e9l\u00fcnk, \u00e9s nem j\u00e1r bev\u00e9tel harmadik f\u00e9lt\u0151l sz\u00e1rmaz\u00f3 tartoz\u00e9kokkal.<\/p>","protected":false},"featured_media":60267,"comment_status":"open","ping_status":"closed","template":"","meta":{"_acf_changed":false},"product_cat":[1357,364],"product_tag":[5298,13528,13527,389,11080,11501],"class_list":["product","first","instock","shipping-taxable","purchasable","product-type-simple"],"acf":[],"_links":{"self":[{"href":"https:\/\/mouldking.store\/hu\/wp-json\/wp\/v2\/product\/60268","targetHints":{"allow":["GET"]}}],"collection":[{"href":"https:\/\/mouldking.store\/hu\/wp-json\/wp\/v2\/product"}],"about":[{"href":"https:\/\/mouldking.store\/hu\/wp-json\/wp\/v2\/types\/product"}],"replies":[{"embeddable":true,"href":"https:\/\/mouldking.store\/hu\/wp-json\/wp\/v2\/comments?post=60268"}],"wp:featuredmedia":[{"embeddable":true,"href":"https:\/\/mouldking.store\/hu\/wp-json\/wp\/v2\/media\/60267"}],"wp:attachment":[{"href":"https:\/\/mouldking.store\/hu\/wp-json\/wp\/v2\/media?parent=60268"}],"wp:term":[{"taxonomy":"product_cat","embeddable":true,"href":"https:\/\/mouldking.store\/hu\/wp-json\/wp\/v2\/product_cat?post=60268"},{"taxonomy":"product_tag","embeddable":true,"href":"https:\/\/mouldking.store\/hu\/wp-json\/wp\/v2\/product_tag?post=60268"}],"curies":[{"name":"wp","href":"https:\/\/api.w.org\/{rel}","templated":true}]}}