{"id":60294,"date":"2024-07-17T18:18:44","date_gmt":"2024-07-17T11:18:44","guid":{"rendered":"https:\/\/mouldking.store\/shop\/mould-king-11013-double-helix-roller-coaster-with-motor-with-2174-pieces\/"},"modified":"2024-07-17T18:18:50","modified_gmt":"2024-07-17T11:18:50","slug":"mould-king-11013-double-helix-roller-coaster-with-motor-with-2174-pieces","status":"publish","type":"product","link":"https:\/\/mouldking.store\/hu\/shop\/mould-king-11013-double-helix-roller-coaster-with-motor-with-2174-pieces\/","title":{"rendered":"MOULD KING 11013 Double Helix Roller Coaster With Motor with 2174 Pieces"},"content":{"rendered":"<div>\u2705MouldKing 11013 Double Helix Roller Coaster With Motor<\/p>\n<p>\u2705 A Double Helix Roller Coaster is a type of roller coaster design characterized by its distinctive double helix structure, which features two intertwined spiral elements.&nbsp;<\/p>\n<p>\ud83d\udeab FONTOS!<\/p>\n<p>Product Name: Double Helix Roller Coaster With Motor<\/p>\n<p>Kateg\u00f3ria: Alkot\u00f3<\/p>\n<p>This Kit Contains: MouldKing 11013&nbsp;<\/p>\n<p>2174 pcs Good Quality Bricks<\/p>\n<p>Size:&nbsp; 58.5 \u00d7 45.6 \u00d7 55.7 cm<\/p>\n<p>K\u00e9zi utas\u00edt\u00e1sok<\/p>\n<p>\ud83d\udcccA f\u0151szerepl\u0151 term\u00e9szete<\/p>\n<p>Introducing our proud collection named \u201cDouble Helix Roller Coaster With Motor\u201d you should not miss.<\/p>\n<p>&nbsp;Double helix roller coasters are celebrated for their dynamic and thrilling ride experiences, blending speed, height, and intricate track designs to create memorable moments for amusement park visitors seeking adrenaline-pumping adventures.&nbsp;<\/p><\/div>","protected":false},"excerpt":{"rendered":"<p>M\u00e1rka: MOLD KING<br \/>\nNem: Uniszex<br \/>\nKorhat\u00e1r: 14 \u00e9v felett<br \/>\nModel Number: 11013<br \/>\nBesorol\u00e1s: \u00d6sszeszerel\u00e9s<br \/>\nM\u0171anyag blokk forma: \u00f6nz\u00e1r\u00f3 t\u00e9gla<br \/>\nAnyaga: M\u0171anyag<br \/>\nM\u0171anyag t\u00edpus: ABS<br \/>\nBricks Blocks: 2174 +<br \/>\nEredeti doboza nincs<br \/>\nA term\u00e9k nem tartalmaz MAtric\u00e1t \u00e9s NYOMTATOTT alkatr\u00e9szeket. Minden nyomtatott alkatr\u00e9szt szabv\u00e1nyos alkatr\u00e9szre cser\u00e9l\u00fcnk, \u00e9s nem j\u00e1r bev\u00e9tel harmadik f\u00e9lt\u0151l sz\u00e1rmaz\u00f3 tartoz\u00e9kokkal.<\/p>","protected":false},"featured_media":60293,"comment_status":"open","ping_status":"closed","template":"","meta":{"_acf_changed":false},"product_cat":[1365,1357,364],"product_tag":[12347,8452,11601,13535,11995,389],"class_list":["product","first","instock","shipping-taxable","purchasable","product-type-simple"],"acf":[],"_links":{"self":[{"href":"https:\/\/mouldking.store\/hu\/wp-json\/wp\/v2\/product\/60294","targetHints":{"allow":["GET"]}}],"collection":[{"href":"https:\/\/mouldking.store\/hu\/wp-json\/wp\/v2\/product"}],"about":[{"href":"https:\/\/mouldking.store\/hu\/wp-json\/wp\/v2\/types\/product"}],"replies":[{"embeddable":true,"href":"https:\/\/mouldking.store\/hu\/wp-json\/wp\/v2\/comments?post=60294"}],"wp:featuredmedia":[{"embeddable":true,"href":"https:\/\/mouldking.store\/hu\/wp-json\/wp\/v2\/media\/60293"}],"wp:attachment":[{"href":"https:\/\/mouldking.store\/hu\/wp-json\/wp\/v2\/media?parent=60294"}],"wp:term":[{"taxonomy":"product_cat","embeddable":true,"href":"https:\/\/mouldking.store\/hu\/wp-json\/wp\/v2\/product_cat?post=60294"},{"taxonomy":"product_tag","embeddable":true,"href":"https:\/\/mouldking.store\/hu\/wp-json\/wp\/v2\/product_tag?post=60294"}],"curies":[{"name":"wp","href":"https:\/\/api.w.org\/{rel}","templated":true}]}}