{"id":60317,"date":"2024-07-19T15:35:37","date_gmt":"2024-07-19T08:35:37","guid":{"rendered":"https:\/\/mouldking.store\/shop\/sembo-612214-spongebob-patrick-star-strawberry-milkshake-smoothie-with-187-pieces\/"},"modified":"2024-07-19T15:35:40","modified_gmt":"2024-07-19T08:35:40","slug":"sembo-612214-spongebob-patrick-star-strawberry-milkshake-smoothie-with-187-pieces","status":"publish","type":"product","link":"https:\/\/mouldking.store\/hu\/shop\/sembo-612214-spongebob-patrick-star-strawberry-milkshake-smoothie-with-187-pieces\/","title":{"rendered":"SEMBO 612214 SpongeBob Patrick Star Strawberry Milkshake Smoothie with 187 Pieces"},"content":{"rendered":"<div>\u2705SEMBO 612214 SpongeBob Patrick Star Strawberry Milkshake Smoothie<\/p>\n<p>\u2705 SpongeBob and Patrick Star are best friends in the animated series &#8220;SpongeBob SquarePants.&#8221; SpongeBob is a yellow sea sponge who is optimistic, energetic, and often naive. He works as a fry cook at the Krusty Krab and is known for his love of jellyfishing and making Krabby Patties.&nbsp;<\/p>\n<p>\ud83d\udeab FONTOS!<\/p>\n<p>Product Name: SpongeBob Patrick Star Strawberry Milkshake Smoothie<\/p>\n<p>Kateg\u00f3ria: Film<\/p>\n<p>This Kit Contains: SEMBO 612214<\/p>\n<p>187 pcs Good Quality Bricks<\/p>\n<p>Size: 8 \u00d7 7.5 \u00d7 16 cm<\/p>\n<p>K\u00e9zi utas\u00edt\u00e1sok<\/p>\n<p>\ud83d\udcccA f\u0151szerepl\u0151 term\u00e9szete<\/p>\n<p>Introducing our proud collection named \u201cSpongeBob Patrick Star Strawberry Milkshake Smoothie\u201d you should not miss.<\/p>\n<p>&nbsp;Patrick Star is SpongeBob&#8217;s best friend and neighbor, a pink starfish who is laid-back, friendly, and somewhat dim-witted. He enjoys napping, eating ice cream, and hanging out with SpongeBob. Despite his simple-mindedness, Patrick has a big heart and is fiercely loyal to SpongeBob and their other friends in Bikini Bottom.&nbsp;<\/p><\/div>","protected":false},"excerpt":{"rendered":"<p>M\u00e1rka: SEMBO<br \/>\nNem: Uniszex<br \/>\nKoroszt\u00e1ly: &gt; 6 \u00e9v<br \/>\nModel Number: 612214<br \/>\nBesorol\u00e1s: \u00d6sszeszerel\u00e9s<br \/>\nM\u0171anyag blokk forma: \u00f6nz\u00e1r\u00f3 t\u00e9gla<br \/>\nAnyaga: M\u0171anyag<br \/>\nM\u0171anyag t\u00edpus: ABS<br \/>\nBricks Blocks: 187 +<br \/>\nEredeti doboza nincs<br \/>\nA term\u00e9k nem tartalmaz MAtric\u00e1t \u00e9s NYOMTATOTT alkatr\u00e9szeket. Minden nyomtatott alkatr\u00e9szt szabv\u00e1nyos alkatr\u00e9szre cser\u00e9l\u00fcnk, \u00e9s nem j\u00e1r bev\u00e9tel harmadik f\u00e9lt\u0151l sz\u00e1rmaz\u00f3 tartoz\u00e9kokkal.<\/p>","protected":false},"featured_media":60316,"comment_status":"open","ping_status":"closed","template":"","meta":{"_acf_changed":false},"product_cat":[1365,371,581,1408],"product_tag":[11072,8452,13439,434,11087,13090,11086],"class_list":["product","first","instock","shipping-taxable","purchasable","product-type-simple"],"acf":[],"_links":{"self":[{"href":"https:\/\/mouldking.store\/hu\/wp-json\/wp\/v2\/product\/60317","targetHints":{"allow":["GET"]}}],"collection":[{"href":"https:\/\/mouldking.store\/hu\/wp-json\/wp\/v2\/product"}],"about":[{"href":"https:\/\/mouldking.store\/hu\/wp-json\/wp\/v2\/types\/product"}],"replies":[{"embeddable":true,"href":"https:\/\/mouldking.store\/hu\/wp-json\/wp\/v2\/comments?post=60317"}],"wp:featuredmedia":[{"embeddable":true,"href":"https:\/\/mouldking.store\/hu\/wp-json\/wp\/v2\/media\/60316"}],"wp:attachment":[{"href":"https:\/\/mouldking.store\/hu\/wp-json\/wp\/v2\/media?parent=60317"}],"wp:term":[{"taxonomy":"product_cat","embeddable":true,"href":"https:\/\/mouldking.store\/hu\/wp-json\/wp\/v2\/product_cat?post=60317"},{"taxonomy":"product_tag","embeddable":true,"href":"https:\/\/mouldking.store\/hu\/wp-json\/wp\/v2\/product_tag?post=60317"}],"curies":[{"name":"wp","href":"https:\/\/api.w.org\/{rel}","templated":true}]}}