{"id":60377,"date":"2024-07-30T18:25:23","date_gmt":"2024-07-30T11:25:23","guid":{"rendered":"https:\/\/mouldking.store\/shop\/decool-jisi-11008-heroes-of-the-three-kingdoms-seven-star-sword-with-600-pieces\/"},"modified":"2024-07-30T18:25:28","modified_gmt":"2024-07-30T11:25:28","slug":"decool-jisi-11008-heroes-of-the-three-kingdoms-seven-star-sword-with-600-pieces","status":"publish","type":"product","link":"https:\/\/mouldking.store\/hu\/shop\/decool-jisi-11008-heroes-of-the-three-kingdoms-seven-star-sword-with-600-pieces\/","title":{"rendered":"DECOOL \/ JiSi 11008 Heroes of the Three Kingdoms Seven-Star Sword with 600 Pieces"},"content":{"rendered":"<div>\u2705DECOOL 11008 Heroes of the Three Kingdoms Seven-Star Sword<\/p>\n<p>\u2705 The Seven-Star Sword is a legendary weapon often featured in Chinese folklore and literature, particularly in the tales of the Three Kingdoms period. It is said to possess mystical powers and is frequently associated with famous historical figures.&nbsp;<\/p>\n<p>\ud83d\udeab FONTOS!<\/p>\n<p>Product Name: Heroes of the Three Kingdoms Seven-Star Sword<\/p>\n<p>Kateg\u00f3ria: Film<\/p>\n<p>This Kit Contains: DECOOL 11008&nbsp;<\/p>\n<p>600 pcs Good Quality Bricks<\/p>\n<p>K\u00e9zi utas\u00edt\u00e1sok<\/p>\n<p>\ud83d\udcccA f\u0151szerepl\u0151 term\u00e9szete<\/p>\n<p>Introducing our proud collection named \u201cHeroes of the Three Kingdoms Seven-Star Sword\u201d you should not miss.<\/p>\n<p>&nbsp;In the context of &#8220;Heroes of the Three Kingdoms,&#8221; which may refer to the classic historical novel &#8220;Romance of the Three Kingdoms&#8221; by Luo Guanzhong or various adaptations of the story, the Seven-Star Sword might be depicted as a powerful and coveted weapon.&nbsp;<\/p><\/div>","protected":false},"excerpt":{"rendered":"<p>M\u00e1rka: DECOOL \/ JiSi<br \/>\nNem: Uniszex<br \/>\nKorhat\u00e1r: 14 \u00e9v felett<br \/>\nModel Number: 11008<br \/>\nBesorol\u00e1s: \u00d6sszeszerel\u00e9s<br \/>\nM\u0171anyag blokk forma: \u00f6nz\u00e1r\u00f3 t\u00e9gla<br \/>\nAnyaga: M\u0171anyag<br \/>\nM\u0171anyag t\u00edpus: ABS<br \/>\nT\u00e9gl\u00e1k Blokkok: 600+<br \/>\nEredeti doboza nincs<br \/>\nA term\u00e9k nem tartalmaz MAtric\u00e1t \u00e9s NYOMTATOTT alkatr\u00e9szeket. Minden nyomtatott alkatr\u00e9szt szabv\u00e1nyos alkatr\u00e9szre cser\u00e9l\u00fcnk, \u00e9s nem j\u00e1r bev\u00e9tel harmadik f\u00e9lt\u0151l sz\u00e1rmaz\u00f3 tartoz\u00e9kokkal.<\/p>","protected":false},"featured_media":60376,"comment_status":"open","ping_status":"closed","template":"","meta":{"_acf_changed":false},"product_cat":[1365,1373,371,581,1408],"product_tag":[11072,8452,7084,434,13538,2981,13006],"class_list":["product","first","instock","shipping-taxable","purchasable","product-type-simple"],"acf":[],"_links":{"self":[{"href":"https:\/\/mouldking.store\/hu\/wp-json\/wp\/v2\/product\/60377","targetHints":{"allow":["GET"]}}],"collection":[{"href":"https:\/\/mouldking.store\/hu\/wp-json\/wp\/v2\/product"}],"about":[{"href":"https:\/\/mouldking.store\/hu\/wp-json\/wp\/v2\/types\/product"}],"replies":[{"embeddable":true,"href":"https:\/\/mouldking.store\/hu\/wp-json\/wp\/v2\/comments?post=60377"}],"wp:featuredmedia":[{"embeddable":true,"href":"https:\/\/mouldking.store\/hu\/wp-json\/wp\/v2\/media\/60376"}],"wp:attachment":[{"href":"https:\/\/mouldking.store\/hu\/wp-json\/wp\/v2\/media?parent=60377"}],"wp:term":[{"taxonomy":"product_cat","embeddable":true,"href":"https:\/\/mouldking.store\/hu\/wp-json\/wp\/v2\/product_cat?post=60377"},{"taxonomy":"product_tag","embeddable":true,"href":"https:\/\/mouldking.store\/hu\/wp-json\/wp\/v2\/product_tag?post=60377"}],"curies":[{"name":"wp","href":"https:\/\/api.w.org\/{rel}","templated":true}]}}