{"id":60387,"date":"2024-07-30T18:26:16","date_gmt":"2024-07-30T11:26:16","guid":{"rendered":"https:\/\/mouldking.store\/shop\/zhegao-623006-starry-sky-sunflower-music-box-with-737-pieces\/"},"modified":"2024-07-30T18:26:19","modified_gmt":"2024-07-30T11:26:19","slug":"zhegao-623006-starry-sky-sunflower-music-box-with-737-pieces","status":"publish","type":"product","link":"https:\/\/mouldking.store\/hu\/shop\/zhegao-623006-starry-sky-sunflower-music-box-with-737-pieces\/","title":{"rendered":"ZHEGAO 623006 Starry Sky Sunflower Music Box with 737 Pieces"},"content":{"rendered":"<div>\u2705ZHEGAO 623006 Starry Sky Sunflower Music Box<\/p>\n<p>\u2705 &#8220;Starry Sky Sunflower&#8221; evokes a beautiful and poetic image, combining elements of the night sky with the vibrant and cheerful sunflower. This concept can be interpreted and incorporated into various forms, such as art, design, or even themed products.&nbsp;<\/p>\n<p>\ud83d\udeab FONTOS!<\/p>\n<p>Product Name: Starry Sky Sunflower Music Box<\/p>\n<p>Kateg\u00f3ria: Alkot\u00f3<\/p>\n<p>This Kit Contains: ZHEGAO 623006&nbsp;<\/p>\n<p>737 pcs Good Quality Bricks<\/p>\n<p>Size: 19.7 \u00d7 16 \u00d7 21 cm<\/p>\n<p>K\u00e9zi utas\u00edt\u00e1sok<\/p>\n<p>\ud83d\udcccA f\u0151szerepl\u0151 term\u00e9szete<\/p>\n<p>Introducing our proud collection named \u201cStarry Sky Sunflower Music Box\u201d you should not miss.<\/p>\n<p>&nbsp;A painting that depicts a field of sunflowers under a starry night sky. The contrast between the bright, golden sunflowers and the deep, twinkling night sky can create a mesmerizing and enchanting scene. &nbsp; The &#8220;Starry Sky Sunflower&#8221; concept can be a beautiful blend of nature and the cosmos, inspiring creativity and wonder in various forms.&nbsp;<\/p><\/div>","protected":false},"excerpt":{"rendered":"<p>M\u00e1rka: ZHEGAO<br \/>\nNem: Uniszex<br \/>\nKoroszt\u00e1ly: &gt; 6 \u00e9v<br \/>\nModel Number: 623006<br \/>\nBesorol\u00e1s: \u00d6sszeszerel\u00e9s<br \/>\nM\u0171anyag blokk forma: \u00f6nz\u00e1r\u00f3 t\u00e9gla<br \/>\nAnyaga: M\u0171anyag<br \/>\nM\u0171anyag t\u00edpus: ABS<br \/>\nBricks Blocks: 737 +<br \/>\nEredeti doboza nincs<br \/>\nA term\u00e9k nem tartalmaz MAtric\u00e1t \u00e9s NYOMTATOTT alkatr\u00e9szeket. Minden nyomtatott alkatr\u00e9szt szabv\u00e1nyos alkatr\u00e9szre cser\u00e9l\u00fcnk, \u00e9s nem j\u00e1r bev\u00e9tel harmadik f\u00e9lt\u0151l sz\u00e1rmaz\u00f3 tartoz\u00e9kokkal.<\/p>","protected":false},"featured_media":60386,"comment_status":"open","ping_status":"closed","template":"","meta":{"_acf_changed":false},"product_cat":[1365,371],"product_tag":[11072,8452,11601,1465,1370,12938,7217],"class_list":["product","first","instock","shipping-taxable","purchasable","product-type-simple"],"acf":[],"_links":{"self":[{"href":"https:\/\/mouldking.store\/hu\/wp-json\/wp\/v2\/product\/60387","targetHints":{"allow":["GET"]}}],"collection":[{"href":"https:\/\/mouldking.store\/hu\/wp-json\/wp\/v2\/product"}],"about":[{"href":"https:\/\/mouldking.store\/hu\/wp-json\/wp\/v2\/types\/product"}],"replies":[{"embeddable":true,"href":"https:\/\/mouldking.store\/hu\/wp-json\/wp\/v2\/comments?post=60387"}],"wp:featuredmedia":[{"embeddable":true,"href":"https:\/\/mouldking.store\/hu\/wp-json\/wp\/v2\/media\/60386"}],"wp:attachment":[{"href":"https:\/\/mouldking.store\/hu\/wp-json\/wp\/v2\/media?parent=60387"}],"wp:term":[{"taxonomy":"product_cat","embeddable":true,"href":"https:\/\/mouldking.store\/hu\/wp-json\/wp\/v2\/product_cat?post=60387"},{"taxonomy":"product_tag","embeddable":true,"href":"https:\/\/mouldking.store\/hu\/wp-json\/wp\/v2\/product_tag?post=60387"}],"curies":[{"name":"wp","href":"https:\/\/api.w.org\/{rel}","templated":true}]}}