{"id":60400,"date":"2024-07-30T18:29:18","date_gmt":"2024-07-30T11:29:18","guid":{"rendered":"https:\/\/mouldking.store\/shop\/moc-factory-101613-battletech-flea-battlemech-with-995-pieces\/"},"modified":"2025-12-16T20:59:04","modified_gmt":"2025-12-16T13:59:04","slug":"moc-factory-101613-battletech-flea-battlemech-with-995-pieces","status":"publish","type":"product","link":"https:\/\/mouldking.store\/hu\/shop\/moc-factory-101613-battletech-flea-battlemech-with-995-pieces\/","title":{"rendered":"MOC Factory 101613 BattleTech Flea BattleMech with 995 Pieces"},"content":{"rendered":"<div>\u2705 MOC-101613 BattleTech Flea BattleMech<\/p>\n<p>\u2705 The Flea is a light BattleMech from the BattleTech universe. It&#8217;s known for its speed and agility, designed to be a fast scout and reconnaissance unit.&nbsp;<\/p>\n<p>\ud83d\udeab FONTOS!<\/p>\n<p>Product Name: BattleTech Flea BattleMech<\/p>\n<p>Kateg\u00f3ria: Film<\/p>\n<p>This Kit Contains: C10072<\/p>\n<p>&nbsp;995&nbsp; pcs Good Quality Bricks<\/p>\n<p>Size: 14 x 7 x 27 cm<\/p>\n<p>S\u00faly: 0,36 kg<\/p>\n<p>PDF \u00datmutat\u00f3<\/p>\n<p>\ud83d\udcccA f\u0151szerepl\u0151 term\u00e9szete<\/p>\n<p>Introducing our proud collection named \u201cBattleTech Flea BattleMech\u201d you should not miss.<\/p>\n<p>The Flea is often used to harass enemy units, gather intelligence, or disrupt supply lines. Its small size and speed make it difficult to hit, but it\u2019s not very effective in direct combat.<\/p><\/div>","protected":false},"excerpt":{"rendered":"<p>M\u00e1rka: MOC Factory<br \/>\nNem: Uniszex<br \/>\nKoroszt\u00e1ly: &gt; 6 \u00e9v<br \/>\nModel Number: 101613<br \/>\nBesorol\u00e1s: \u00d6sszeszerel\u00e9s<br \/>\nM\u0171anyag blokk forma: \u00f6nz\u00e1r\u00f3 t\u00e9gla<br \/>\nAnyaga: M\u0171anyag<br \/>\nM\u0171anyag t\u00edpus: ABS<br \/>\nBricks Blocks: 995 +<br \/>\nEredeti doboza nincs<br \/>\nA term\u00e9k nem tartalmaz MAtric\u00e1t \u00e9s NYOMTATOTT alkatr\u00e9szeket. Minden nyomtatott alkatr\u00e9szt szabv\u00e1nyos alkatr\u00e9szre cser\u00e9l\u00fcnk, \u00e9s nem j\u00e1r bev\u00e9tel harmadik f\u00e9lt\u0151l sz\u00e1rmaz\u00f3 tartoz\u00e9kokkal.<\/p>","protected":false},"featured_media":60399,"comment_status":"open","ping_status":"closed","template":"","meta":{"_acf_changed":false},"product_cat":[1365,371,581,1408],"product_tag":[13322,12488,11072,8452,13542,434,590],"class_list":["product","first","instock","shipping-taxable","purchasable","product-type-simple"],"acf":[],"_links":{"self":[{"href":"https:\/\/mouldking.store\/hu\/wp-json\/wp\/v2\/product\/60400","targetHints":{"allow":["GET"]}}],"collection":[{"href":"https:\/\/mouldking.store\/hu\/wp-json\/wp\/v2\/product"}],"about":[{"href":"https:\/\/mouldking.store\/hu\/wp-json\/wp\/v2\/types\/product"}],"replies":[{"embeddable":true,"href":"https:\/\/mouldking.store\/hu\/wp-json\/wp\/v2\/comments?post=60400"}],"wp:featuredmedia":[{"embeddable":true,"href":"https:\/\/mouldking.store\/hu\/wp-json\/wp\/v2\/media\/60399"}],"wp:attachment":[{"href":"https:\/\/mouldking.store\/hu\/wp-json\/wp\/v2\/media?parent=60400"}],"wp:term":[{"taxonomy":"product_cat","embeddable":true,"href":"https:\/\/mouldking.store\/hu\/wp-json\/wp\/v2\/product_cat?post=60400"},{"taxonomy":"product_tag","embeddable":true,"href":"https:\/\/mouldking.store\/hu\/wp-json\/wp\/v2\/product_tag?post=60400"}],"curies":[{"name":"wp","href":"https:\/\/api.w.org\/{rel}","templated":true}]}}