{"id":60413,"date":"2024-07-30T18:30:06","date_gmt":"2024-07-30T11:30:06","guid":{"rendered":"https:\/\/mouldking.store\/shop\/moc-factory-142273-indiana-jones-mark-vii-tank-the-last-crusade-tank-with-2119-pieces\/"},"modified":"2025-12-16T20:59:04","modified_gmt":"2025-12-16T13:59:04","slug":"moc-factory-142273-indiana-jones-mark-vii-tank-the-last-crusade-tank-with-2119-pieces","status":"publish","type":"product","link":"https:\/\/mouldking.store\/hu\/shop\/moc-factory-142273-indiana-jones-mark-vii-tank-the-last-crusade-tank-with-2119-pieces\/","title":{"rendered":"MOC Factory 142273 Indiana Jones Mark VII Tank The Last Crusade Tank with 2119 Pieces"},"content":{"rendered":"<div>\u2705 MOC-142273 Indiana Jones Mark VII Tank The Last Crusade Tank<\/p>\n<p>\u2705 The Indiana Jones Mark VII Tank, featured in <em>Indiana Jones and the Last Crusade<\/em>, is a German Panzerkampfwagen VI, also known as the Tiger I tank.&nbsp;<\/p>\n<p>\ud83d\udeab FONTOS!<\/p>\n<p>Product Name: Indiana Jones Mark VII Tank The Last Crusade Tank<\/p>\n<p>Kateg\u00f3ria: Katonai<\/p>\n<p>This Kit Contains: C10077<\/p>\n<p>2119 pcs Good Quality Bricks<\/p>\n<p>Size: 40 x 24 x 14 cm<\/p>\n<p>PDF \u00datmutat\u00f3<\/p>\n<p>\ud83d\udcccA f\u0151szerepl\u0151 term\u00e9szete<\/p>\n<p>Introducing our proud collection named \u201cIndiana Jones Mark VII Tank The Last Crusade Tank\u201d you should not miss.<\/p>\n<p>Heavy tank used by the German forces during World War II.&nbsp; Characterized by its distinctive, angular armor and large, powerful gun. The tank is prominently featured in the climactic scenes of the film where Indiana Jones, his father, and the Nazis engage in a thrilling chase. The tank is used by the Nazis to pursue Indiana Jones and his father as they attempt to escape and reach the Holy Grail.<\/p><\/div>","protected":false},"excerpt":{"rendered":"<p>M\u00e1rka: MOC Factory<br \/>\nNem: Uniszex<br \/>\nKoroszt\u00e1ly: &gt; 6 \u00e9v<br \/>\nModel Number: 142273<br \/>\nBesorol\u00e1s: \u00d6sszeszerel\u00e9s<br \/>\nM\u0171anyag blokk forma: \u00f6nz\u00e1r\u00f3 t\u00e9gla<br \/>\nAnyaga: M\u0171anyag<br \/>\nM\u0171anyag t\u00edpus: ABS<br \/>\nBricks Blocks: 2119 +<br \/>\nEredeti doboza nincs<br \/>\nA term\u00e9k nem tartalmaz MAtric\u00e1t \u00e9s NYOMTATOTT alkatr\u00e9szeket. Minden nyomtatott alkatr\u00e9szt szabv\u00e1nyos alkatr\u00e9szre cser\u00e9l\u00fcnk, \u00e9s nem j\u00e1r bev\u00e9tel harmadik f\u00e9lt\u0151l sz\u00e1rmaz\u00f3 tartoz\u00e9kokkal.<\/p>","protected":false},"featured_media":60412,"comment_status":"open","ping_status":"closed","template":"","meta":{"_acf_changed":false},"product_cat":[1350,1357,372,364],"product_tag":[13546,13545,3492,12571,374,485,389],"class_list":["product","first","instock","shipping-taxable","purchasable","product-type-simple"],"acf":[],"_links":{"self":[{"href":"https:\/\/mouldking.store\/hu\/wp-json\/wp\/v2\/product\/60413","targetHints":{"allow":["GET"]}}],"collection":[{"href":"https:\/\/mouldking.store\/hu\/wp-json\/wp\/v2\/product"}],"about":[{"href":"https:\/\/mouldking.store\/hu\/wp-json\/wp\/v2\/types\/product"}],"replies":[{"embeddable":true,"href":"https:\/\/mouldking.store\/hu\/wp-json\/wp\/v2\/comments?post=60413"}],"wp:featuredmedia":[{"embeddable":true,"href":"https:\/\/mouldking.store\/hu\/wp-json\/wp\/v2\/media\/60412"}],"wp:attachment":[{"href":"https:\/\/mouldking.store\/hu\/wp-json\/wp\/v2\/media?parent=60413"}],"wp:term":[{"taxonomy":"product_cat","embeddable":true,"href":"https:\/\/mouldking.store\/hu\/wp-json\/wp\/v2\/product_cat?post=60413"},{"taxonomy":"product_tag","embeddable":true,"href":"https:\/\/mouldking.store\/hu\/wp-json\/wp\/v2\/product_tag?post=60413"}],"curies":[{"name":"wp","href":"https:\/\/api.w.org\/{rel}","templated":true}]}}