{"id":60454,"date":"2024-07-30T18:34:56","date_gmt":"2024-07-30T11:34:56","guid":{"rendered":"https:\/\/mouldking.store\/shop\/moc-factory-89111-lord-of-the-rings-sauron-with-879-pieces\/"},"modified":"2025-12-16T20:59:02","modified_gmt":"2025-12-16T13:59:02","slug":"moc-factory-89111-lord-of-the-rings-sauron-with-879-pieces","status":"publish","type":"product","link":"https:\/\/mouldking.store\/hu\/shop\/moc-factory-89111-lord-of-the-rings-sauron-with-879-pieces\/","title":{"rendered":"MOC Factory 89111 Lord of the Rings Sauron with 879 Pieces"},"content":{"rendered":"<div>\u2705 MOC-89111 Lord of the Rings Sauron<\/p>\n<p>\u2705 Sauron is the primary antagonist in J.R.R. Tolkien&#8217;s <em>A gy\u0171r\u0171k ura<\/em> and also features prominently in <em>The Silmarillion<\/em> and other Middle-earth works.&nbsp; Sauron\u2019s physical form is not consistently described, as he often appears in different guises. His most recognizable form in the Third Age is that of a dark and imposing figure, sometimes described as a shadowy presence or a fiery eye. &nbsp; In <em>A gy\u0171r\u0171k ura<\/em>, Sauron is symbolized by the Eye of Sauron, a fiery, all-seeing eye atop the Dark Tower of Barad-d\u00fbr. This eye is a manifestation of his malevolent power and desire to control all.&nbsp;<\/p>\n<p>\ud83d\udeab FONTOS!<\/p>\n<p>Product Name: Lord of the Rings Sauron<\/p>\n<p>Kateg\u00f3ria: Film<\/p>\n<p>This Kit Contains: C10151Y03-CB<\/p>\n<p>879 pcs Good Quality Bricks<\/p>\n<p>Size: 20.5 x 14 x 43 cm<\/p>\n<p>PDF \u00datmutat\u00f3<\/p>\n<p>\ud83d\udcccA f\u0151szerepl\u0151 term\u00e9szete<\/p>\n<p>Introducing our proud collection named \u201cLord of the Rings Sauron\u201d you should not miss.<\/p>\n<p>Sauron\u2019s defeat comes when the One Ring is destroyed in the fires of Mount Doom by Frodo Baggins and Samwise Gamgee, rendering Sauron powerless and causing the collapse of his dark empire. &nbsp; Sauron\u2019s character embodies the theme of absolute power and corruption, making him one of the most memorable villains in fantasy literature. His influence pervades much of the history and events of Middle-earth.&nbsp;<\/p><\/div>","protected":false},"excerpt":{"rendered":"<p>M\u00e1rka: MOC Factory<br \/>\nNem: Uniszex<br \/>\nKoroszt\u00e1ly: &gt; 6 \u00e9v<br \/>\nModel Number: 89111<br \/>\nBesorol\u00e1s: \u00d6sszeszerel\u00e9s<br \/>\nM\u0171anyag blokk forma: \u00f6nz\u00e1r\u00f3 t\u00e9gla<br \/>\nAnyaga: M\u0171anyag<br \/>\nM\u0171anyag t\u00edpus: ABS<br \/>\nBricks Blocks: 879 +<br \/>\nEredeti doboza nincs<br \/>\nA term\u00e9k nem tartalmaz MAtric\u00e1t \u00e9s NYOMTATOTT alkatr\u00e9szeket. Minden nyomtatott alkatr\u00e9szt szabv\u00e1nyos alkatr\u00e9szre cser\u00e9l\u00fcnk, \u00e9s nem j\u00e1r bev\u00e9tel harmadik f\u00e9lt\u0151l sz\u00e1rmaz\u00f3 tartoz\u00e9kokkal.<\/p>","protected":false},"featured_media":60453,"comment_status":"open","ping_status":"closed","template":"","meta":{"_acf_changed":false},"product_cat":[1365,371,581,1408],"product_tag":[11072,8452,13327,434,3519,13194,6169],"class_list":["product","first","instock","shipping-taxable","purchasable","product-type-simple"],"acf":[],"_links":{"self":[{"href":"https:\/\/mouldking.store\/hu\/wp-json\/wp\/v2\/product\/60454","targetHints":{"allow":["GET"]}}],"collection":[{"href":"https:\/\/mouldking.store\/hu\/wp-json\/wp\/v2\/product"}],"about":[{"href":"https:\/\/mouldking.store\/hu\/wp-json\/wp\/v2\/types\/product"}],"replies":[{"embeddable":true,"href":"https:\/\/mouldking.store\/hu\/wp-json\/wp\/v2\/comments?post=60454"}],"wp:featuredmedia":[{"embeddable":true,"href":"https:\/\/mouldking.store\/hu\/wp-json\/wp\/v2\/media\/60453"}],"wp:attachment":[{"href":"https:\/\/mouldking.store\/hu\/wp-json\/wp\/v2\/media?parent=60454"}],"wp:term":[{"taxonomy":"product_cat","embeddable":true,"href":"https:\/\/mouldking.store\/hu\/wp-json\/wp\/v2\/product_cat?post=60454"},{"taxonomy":"product_tag","embeddable":true,"href":"https:\/\/mouldking.store\/hu\/wp-json\/wp\/v2\/product_tag?post=60454"}],"curies":[{"name":"wp","href":"https:\/\/api.w.org\/{rel}","templated":true}]}}