{"id":60457,"date":"2024-07-30T18:34:58","date_gmt":"2024-07-30T11:34:58","guid":{"rendered":"https:\/\/mouldking.store\/shop\/moc-factory-89109-exotic-parrot-with-636-pieces\/"},"modified":"2025-12-16T20:59:02","modified_gmt":"2025-12-16T13:59:02","slug":"moc-factory-89109-exotic-parrot-with-636-pieces","status":"publish","type":"product","link":"https:\/\/mouldking.store\/hu\/shop\/moc-factory-89109-exotic-parrot-with-636-pieces\/","title":{"rendered":"MOC Factory 89109 Exotic Parrot with 636 Pieces"},"content":{"rendered":"<div>\u2705 MOC-89109 Exotic Parrot<\/p>\n<p>\u2705 Exotic parrots are a diverse group of colorful and intelligent birds known for their vibrant plumage, vocal abilities, and engaging personalities.&nbsp;<\/p>\n<p>\ud83d\udeab FONTOS!<\/p>\n<p>Product Name: Exotic Parrot<\/p>\n<p>Kateg\u00f3ria: Alkot\u00f3<\/p>\n<p>This Kit Contains: C10151Y05-CB<\/p>\n<p>636 pcs Good Quality Bricks<\/p>\n<p>Size: 16 x 15 x 28 cm<\/p>\n<p>Weight: 0.6 kg<\/p>\n<p>PDF \u00datmutat\u00f3<\/p>\n<p>\ud83d\udcccA f\u0151szerepl\u0151 term\u00e9szete<\/p>\n<p>Introducing our proud collection named \u201cExotic Parrot\u201d you should not miss.<\/p>\n<p>&nbsp;Exotic parrots make fascinating pets due to their intelligence, colorful appearances, and complex behaviors, but they also require significant time and care to thrive in captivity.&nbsp;<\/p><\/div>","protected":false},"excerpt":{"rendered":"<p>M\u00e1rka: MOC Factory<br \/>\nNem: Uniszex<br \/>\nKoroszt\u00e1ly: &gt; 6 \u00e9v<br \/>\nModel Number: 89109<br \/>\nBesorol\u00e1s: \u00d6sszeszerel\u00e9s<br \/>\nM\u0171anyag blokk forma: \u00f6nz\u00e1r\u00f3 t\u00e9gla<br \/>\nAnyaga: M\u0171anyag<br \/>\nM\u0171anyag t\u00edpus: ABS<br \/>\nBricks Blocks: 636 +<br \/>\nEredeti doboza nincs<br \/>\nA term\u00e9k nem tartalmaz MAtric\u00e1t \u00e9s NYOMTATOTT alkatr\u00e9szeket. Minden nyomtatott alkatr\u00e9szt szabv\u00e1nyos alkatr\u00e9szre cser\u00e9l\u00fcnk, \u00e9s nem j\u00e1r bev\u00e9tel harmadik f\u00e9lt\u0151l sz\u00e1rmaz\u00f3 tartoz\u00e9kokkal.<\/p>","protected":false},"featured_media":60456,"comment_status":"open","ping_status":"closed","template":"","meta":{"_acf_changed":false},"product_cat":[1365,371],"product_tag":[13508,11110,11072,8452,7027],"class_list":["product","first","instock","shipping-taxable","purchasable","product-type-simple"],"acf":[],"_links":{"self":[{"href":"https:\/\/mouldking.store\/hu\/wp-json\/wp\/v2\/product\/60457","targetHints":{"allow":["GET"]}}],"collection":[{"href":"https:\/\/mouldking.store\/hu\/wp-json\/wp\/v2\/product"}],"about":[{"href":"https:\/\/mouldking.store\/hu\/wp-json\/wp\/v2\/types\/product"}],"replies":[{"embeddable":true,"href":"https:\/\/mouldking.store\/hu\/wp-json\/wp\/v2\/comments?post=60457"}],"wp:featuredmedia":[{"embeddable":true,"href":"https:\/\/mouldking.store\/hu\/wp-json\/wp\/v2\/media\/60456"}],"wp:attachment":[{"href":"https:\/\/mouldking.store\/hu\/wp-json\/wp\/v2\/media?parent=60457"}],"wp:term":[{"taxonomy":"product_cat","embeddable":true,"href":"https:\/\/mouldking.store\/hu\/wp-json\/wp\/v2\/product_cat?post=60457"},{"taxonomy":"product_tag","embeddable":true,"href":"https:\/\/mouldking.store\/hu\/wp-json\/wp\/v2\/product_tag?post=60457"}],"curies":[{"name":"wp","href":"https:\/\/api.w.org\/{rel}","templated":true}]}}