{"id":60465,"date":"2024-07-30T18:35:08","date_gmt":"2024-07-30T11:35:08","guid":{"rendered":"https:\/\/mouldking.store\/shop\/moc-factory-89112-dragon-ball-shenron-with-1826-pieces\/"},"modified":"2025-12-16T20:59:02","modified_gmt":"2025-12-16T13:59:02","slug":"moc-factory-89112-dragon-ball-shenron-with-1826-pieces","status":"publish","type":"product","link":"https:\/\/mouldking.store\/hu\/shop\/moc-factory-89112-dragon-ball-shenron-with-1826-pieces\/","title":{"rendered":"MOC Factory 89112 Dragon Ball Shenron with 1826 Pieces"},"content":{"rendered":"<div>\u2705 MOC-89112 Dragon Ball Shenron<\/p>\n<p>\u2705 Shenron is a prominent character in the <em>Dragon Ball<\/em> series created by Akira Toriyama.&nbsp; Shenron is a long, serpentine dragon with a green, scaly body and bright red eyes. He has a beard and antler-like horns, which give him a majestic and fearsome appearance.&nbsp; Shenron is depicted as enormous, capable of wrapping around the entire Earth when summoned.<\/p>\n<p>\ud83d\udeab FONTOS!<\/p>\n<p>Product Name: Dragon Ball Shenron<\/p>\n<p>Kateg\u00f3ria: Film<\/p>\n<p>This Kit Contains: C10151Y02-CB<\/p>\n<p>1826 pcs Good Quality Bricks<\/p>\n<p>Size: 33 x 23.6 x 37.9 cm<\/p>\n<p>S\u00faly: 1,74 kg<\/p>\n<p>PDF \u00datmutat\u00f3<\/p>\n<p>\ud83d\udcccA f\u0151szerepl\u0151 term\u00e9szete<\/p>\n<p>Introducing our proud collection named \u201cDragon Ball Shenron\u201d you should not miss.<\/p>\n<p>Shenron&#8217;s primary power is to grant wishes. When the Dragon Balls (seven magical orbs) are gathered and the correct incantation is spoken, Shenron appears and can grant virtually any wish, with a few limitations.&nbsp; Shenron plays a crucial role in several story arcs of <em>Dragon Ball<\/em>. The dragon is central to the plot, as characters often seek out the Dragon Balls to make wishes that can aid in their quests, solve problems, or overcome obstacles.&nbsp;<\/div>","protected":false},"excerpt":{"rendered":"<p>M\u00e1rka: MOC Factory<br \/>\nNem: Uniszex<br \/>\nKoroszt\u00e1ly: &gt; 6 \u00e9v<br \/>\nModel Number: 89112<br \/>\nBesorol\u00e1s: \u00d6sszeszerel\u00e9s<br \/>\nM\u0171anyag blokk forma: \u00f6nz\u00e1r\u00f3 t\u00e9gla<br \/>\nAnyaga: M\u0171anyag<br \/>\nM\u0171anyag t\u00edpus: ABS<br \/>\nBricks Blocks: 1826 +<br \/>\nEredeti doboza nincs<br \/>\nA term\u00e9k nem tartalmaz MAtric\u00e1t \u00e9s NYOMTATOTT alkatr\u00e9szeket. Minden nyomtatott alkatr\u00e9szt szabv\u00e1nyos alkatr\u00e9szre cser\u00e9l\u00fcnk, \u00e9s nem j\u00e1r bev\u00e9tel harmadik f\u00e9lt\u0151l sz\u00e1rmaz\u00f3 tartoz\u00e9kokkal.<\/p>","protected":false},"featured_media":60464,"comment_status":"open","ping_status":"closed","template":"","meta":{"_acf_changed":false},"product_cat":[1365,371,581,1408],"product_tag":[11072,11775,8452,12197,13406,434,13550],"class_list":["product","first","outofstock","shipping-taxable","purchasable","product-type-simple"],"acf":[],"_links":{"self":[{"href":"https:\/\/mouldking.store\/hu\/wp-json\/wp\/v2\/product\/60465","targetHints":{"allow":["GET"]}}],"collection":[{"href":"https:\/\/mouldking.store\/hu\/wp-json\/wp\/v2\/product"}],"about":[{"href":"https:\/\/mouldking.store\/hu\/wp-json\/wp\/v2\/types\/product"}],"replies":[{"embeddable":true,"href":"https:\/\/mouldking.store\/hu\/wp-json\/wp\/v2\/comments?post=60465"}],"wp:featuredmedia":[{"embeddable":true,"href":"https:\/\/mouldking.store\/hu\/wp-json\/wp\/v2\/media\/60464"}],"wp:attachment":[{"href":"https:\/\/mouldking.store\/hu\/wp-json\/wp\/v2\/media?parent=60465"}],"wp:term":[{"taxonomy":"product_cat","embeddable":true,"href":"https:\/\/mouldking.store\/hu\/wp-json\/wp\/v2\/product_cat?post=60465"},{"taxonomy":"product_tag","embeddable":true,"href":"https:\/\/mouldking.store\/hu\/wp-json\/wp\/v2\/product_tag?post=60465"}],"curies":[{"name":"wp","href":"https:\/\/api.w.org\/{rel}","templated":true}]}}