{"id":60486,"date":"2024-07-30T18:35:40","date_gmt":"2024-07-30T11:35:40","guid":{"rendered":"https:\/\/mouldking.store\/shop\/moc-factory-89108-big-boy-steam-locomotive-with-1186-pieces\/"},"modified":"2025-12-16T20:59:02","modified_gmt":"2025-12-16T13:59:02","slug":"moc-factory-89108-big-boy-steam-locomotive-with-1186-pieces","status":"publish","type":"product","link":"https:\/\/mouldking.store\/hu\/shop\/moc-factory-89108-big-boy-steam-locomotive-with-1186-pieces\/","title":{"rendered":"MOC Factory 89108 Big Boy g\u0151zmozdony 1186 darabbal"},"content":{"rendered":"<div>\u2705 MOC-89108 Big Boy Steam Locomotive<\/p>\n<p>\u2705 The Big Boy is a type of steam locomotive built by the American Locomotive Company (ALCO) for the Union Pacific Railroad.&nbsp;<\/p>\n<p>\ud83d\udeab FONTOS!<\/p>\n<p>Product Name: Big Boy Steam Locomotive<\/p>\n<p>Kateg\u00f3ria: M\u0171szaki<\/p>\n<p>This Kit Contains: C10151Y06-CB<\/p>\n<p>1186&nbsp; pcs Good Quality Bricks<\/p>\n<p>Size: 48 x 38 x 9 cm<\/p>\n<p>Weight: 1.67 kg<\/p>\n<p>PDF \u00datmutat\u00f3<\/p>\n<p>\ud83d\udcccA f\u0151szerepl\u0151 term\u00e9szete<\/p>\n<p>Introducing our proud collection named \u201cBig Boy Steam Locomotive\u201d you should not miss.<\/p>\n<p>&nbsp;A few Big Boys have been preserved and are on display or in operational condition. For example, Big Boy No. 4014 was restored to operational condition by the Union Pacific Railroad and is used for special excursions and public events.&nbsp; The Big Boy locomotives are celebrated for their impressive size and power, representing a pinnacle of steam locomotive engineering.&nbsp;<\/p><\/div>","protected":false},"excerpt":{"rendered":"<p>M\u00e1rka: MOC Factory<br \/>\nNem: Uniszex<br \/>\nKoroszt\u00e1ly: &gt; 6 \u00e9v<br \/>\nModel Number: 89108<br \/>\nBesorol\u00e1s: \u00d6sszeszerel\u00e9s<br \/>\nM\u0171anyag blokk forma: \u00f6nz\u00e1r\u00f3 t\u00e9gla<br \/>\nAnyaga: M\u0171anyag<br \/>\nM\u0171anyag t\u00edpus: ABS<br \/>\nBricks Blocks: 1186 +<br \/>\nEredeti doboza nincs<br \/>\nA term\u00e9k nem tartalmaz MAtric\u00e1t \u00e9s NYOMTATOTT alkatr\u00e9szeket. Minden nyomtatott alkatr\u00e9szt szabv\u00e1nyos alkatr\u00e9szre cser\u00e9l\u00fcnk, \u00e9s nem j\u00e1r bev\u00e9tel harmadik f\u00e9lt\u0151l sz\u00e1rmaz\u00f3 tartoz\u00e9kokkal.<\/p>","protected":false},"featured_media":60485,"comment_status":"open","ping_status":"closed","template":"","meta":{"_acf_changed":false},"product_cat":[1357,364],"product_tag":[12776,2635,1006,2340,389,11080,300],"class_list":["product","first","instock","shipping-taxable","purchasable","product-type-simple"],"acf":[],"_links":{"self":[{"href":"https:\/\/mouldking.store\/hu\/wp-json\/wp\/v2\/product\/60486","targetHints":{"allow":["GET"]}}],"collection":[{"href":"https:\/\/mouldking.store\/hu\/wp-json\/wp\/v2\/product"}],"about":[{"href":"https:\/\/mouldking.store\/hu\/wp-json\/wp\/v2\/types\/product"}],"replies":[{"embeddable":true,"href":"https:\/\/mouldking.store\/hu\/wp-json\/wp\/v2\/comments?post=60486"}],"wp:featuredmedia":[{"embeddable":true,"href":"https:\/\/mouldking.store\/hu\/wp-json\/wp\/v2\/media\/60485"}],"wp:attachment":[{"href":"https:\/\/mouldking.store\/hu\/wp-json\/wp\/v2\/media?parent=60486"}],"wp:term":[{"taxonomy":"product_cat","embeddable":true,"href":"https:\/\/mouldking.store\/hu\/wp-json\/wp\/v2\/product_cat?post=60486"},{"taxonomy":"product_tag","embeddable":true,"href":"https:\/\/mouldking.store\/hu\/wp-json\/wp\/v2\/product_tag?post=60486"}],"curies":[{"name":"wp","href":"https:\/\/api.w.org\/{rel}","templated":true}]}}