{"id":60597,"date":"2024-08-22T18:34:22","date_gmt":"2024-08-22T11:34:22","guid":{"rendered":"https:\/\/mouldking.store\/shop\/moc-factory-89105-the-legend-of-zelda-tears-of-the-kingdom-red-bokoblin-with-419-pieces\/"},"modified":"2025-12-16T20:59:02","modified_gmt":"2025-12-16T13:59:02","slug":"moc-factory-89105-the-legend-of-zelda-tears-of-the-kingdom-red-bokoblin-with-419-pieces","status":"publish","type":"product","link":"https:\/\/mouldking.store\/hu\/shop\/moc-factory-89105-the-legend-of-zelda-tears-of-the-kingdom-red-bokoblin-with-419-pieces\/","title":{"rendered":"MOC Factory 89105 The Legend of Zelda Tears of the Kingdom Red Bokoblin with 419 Pieces"},"content":{"rendered":"<div>\u2705 MOC-89105 The Legend of Zelda Tears of the Kingdom Red Bokoblin<\/p>\n<p>\u2705 In <em>The Legend of Zelda: Tears of the Kingdom<\/em>, Red Bokoblins are a type of enemy encountered in the game. They are typically one of the more common types of Bokoblins you&#8217;ll face, known for their relatively low health and basic attack patterns compared to their more powerful variants.&nbsp;<\/p>\n<p>\ud83d\udeab FONTOS!<\/p>\n<p>Product Name: The Legend of Zelda Tears of the Kingdom Red Bokoblin<\/p>\n<p>Kateg\u00f3ria: Film<\/p>\n<p>This Kit Contains: C9950<\/p>\n<p>419 db J\u00f3 min\u0151s\u00e9g\u0171 t\u00e9gla<\/p>\n<p>Size: 30.8 x 13.7 x 27.1 cm<\/p>\n<p>PDF \u00datmutat\u00f3<\/p>\n<p>\ud83d\udcccA f\u0151szerepl\u0151 term\u00e9szete<\/p>\n<p>Introducing our proud collection named \u201cThe Legend of Zelda Tears of the Kingdom Red Bokoblin\u201d you should not miss.<\/p>\n<p>Red Bokoblins usually wield simple weapons like clubs or basic swords and are often found in groups. Despite their lower difficulty, they can still pose a challenge, especially if you&#8217;re not prepared. They often appear in early-game areas, providing players with an opportunity to practice combat mechanics and resource management.&nbsp;<\/p><\/div>","protected":false},"excerpt":{"rendered":"<p>M\u00e1rka: MOC Factory<br \/>\nNem: Uniszex<br \/>\nKoroszt\u00e1ly: &gt; 6 \u00e9v<br \/>\nModel Number: 89105<br \/>\nBesorol\u00e1s: \u00d6sszeszerel\u00e9s<br \/>\nM\u0171anyag blokk forma: \u00f6nz\u00e1r\u00f3 t\u00e9gla<br \/>\nAnyaga: M\u0171anyag<br \/>\nM\u0171anyag t\u00edpus: ABS<br \/>\nT\u00e9gla blokkok: 419 +<br \/>\nEredeti doboza nincs<br \/>\nA term\u00e9k nem tartalmaz MAtric\u00e1t \u00e9s NYOMTATOTT alkatr\u00e9szeket. Minden nyomtatott alkatr\u00e9szt szabv\u00e1nyos alkatr\u00e9szre cser\u00e9l\u00fcnk, \u00e9s nem j\u00e1r bev\u00e9tel harmadik f\u00e9lt\u0151l sz\u00e1rmaz\u00f3 tartoz\u00e9kokkal.<\/p>","protected":false},"featured_media":60596,"comment_status":"open","ping_status":"closed","template":"","meta":{"_acf_changed":false},"product_cat":[1365,371,581,1408],"product_tag":[11072,8452,11216,11082,11083,434,12204,5773],"class_list":["product","first","instock","shipping-taxable","purchasable","product-type-simple"],"acf":[],"_links":{"self":[{"href":"https:\/\/mouldking.store\/hu\/wp-json\/wp\/v2\/product\/60597","targetHints":{"allow":["GET"]}}],"collection":[{"href":"https:\/\/mouldking.store\/hu\/wp-json\/wp\/v2\/product"}],"about":[{"href":"https:\/\/mouldking.store\/hu\/wp-json\/wp\/v2\/types\/product"}],"replies":[{"embeddable":true,"href":"https:\/\/mouldking.store\/hu\/wp-json\/wp\/v2\/comments?post=60597"}],"wp:featuredmedia":[{"embeddable":true,"href":"https:\/\/mouldking.store\/hu\/wp-json\/wp\/v2\/media\/60596"}],"wp:attachment":[{"href":"https:\/\/mouldking.store\/hu\/wp-json\/wp\/v2\/media?parent=60597"}],"wp:term":[{"taxonomy":"product_cat","embeddable":true,"href":"https:\/\/mouldking.store\/hu\/wp-json\/wp\/v2\/product_cat?post=60597"},{"taxonomy":"product_tag","embeddable":true,"href":"https:\/\/mouldking.store\/hu\/wp-json\/wp\/v2\/product_tag?post=60597"}],"curies":[{"name":"wp","href":"https:\/\/api.w.org\/{rel}","templated":true}]}}