{"id":60642,"date":"2024-08-22T18:43:29","date_gmt":"2024-08-22T11:43:29","guid":{"rendered":"https:\/\/mouldking.store\/shop\/moc-factory-89100-yellowstone-park-rip-wheeler-kayce-dutton-with-481-pieces\/"},"modified":"2025-12-16T20:59:01","modified_gmt":"2025-12-16T13:59:01","slug":"moc-factory-89100-yellowstone-park-rip-wheeler-kayce-dutton-with-481-pieces","status":"publish","type":"product","link":"https:\/\/mouldking.store\/hu\/shop\/moc-factory-89100-yellowstone-park-rip-wheeler-kayce-dutton-with-481-pieces\/","title":{"rendered":"MOC Factory 89100 Yellowstone Park &#8211; Rip Wheeler Kayce Dutton with 481 Pieces"},"content":{"rendered":"<div>\u2705 MOC-89100 Yellowstone Park &#8211; Rip Wheeler Kayce Dutton<\/p>\n<p>\u2705 Rip Wheeler and Kayce Dutton are key characters from the TV series <em>Yellowstone<\/em>, which revolves around the Dutton family and their Montana ranch.&nbsp;<\/p>\n<p>\ud83d\udeab FONTOS!<\/p>\n<p>Product Name: Yellowstone Park &#8211; Rip Wheeler Kayce Dutton<\/p>\n<p>Kateg\u00f3ria: Film<\/p>\n<p>This Kit Contains: F-C9831<\/p>\n<p>481 pcs Good Quality Bricks<\/p>\n<p>Weight: 0.52 kg<\/p>\n<p>PDF \u00datmutat\u00f3<\/p>\n<p>\ud83d\udcccA f\u0151szerepl\u0151 term\u00e9szete<\/p>\n<p>Introducing our proud collection named \u201cYellowstone Park &#8211; Rip Wheeler Kayce Dutton\u201d you should not miss.<\/p>\n<p>Played by Cole Hauser, Rip is a loyal ranch hand and the right-hand man of John Dutton, the ranch&#8217;s owner. He is known for his tough demeanor, strong work ethic, and deep sense of loyalty to the Dutton family. Rip&#8217;s backstory includes a troubled past, and he&#8217;s often depicted as a complex, morally ambiguous character who has a significant role in protecting the ranch and its interests.&nbsp; Played by Luke Grimes, Kayce is John Dutton&#8217;s youngest son. A former Navy SEAL, Kayce struggles with his past and his role on the ranch. He is known for his rugged individuality, internal conflicts, and strong sense of justice. Kayce often finds himself torn between his family loyalty and his desire to lead a different life.&nbsp;<\/p><\/div>","protected":false},"excerpt":{"rendered":"<p>M\u00e1rka: MOC Factory<br \/>\nNem: Uniszex<br \/>\nKoroszt\u00e1ly: &gt; 6 \u00e9v<br \/>\nModel Number: 89100<br \/>\nBesorol\u00e1s: \u00d6sszeszerel\u00e9s<br \/>\nM\u0171anyag blokk forma: \u00f6nz\u00e1r\u00f3 t\u00e9gla<br \/>\nAnyaga: M\u0171anyag<br \/>\nM\u0171anyag t\u00edpus: ABS<br \/>\nBricks Blocks: 481 +<br \/>\nEredeti doboza nincs<br \/>\nA term\u00e9k nem tartalmaz MAtric\u00e1t \u00e9s NYOMTATOTT alkatr\u00e9szeket. Minden nyomtatott alkatr\u00e9szt szabv\u00e1nyos alkatr\u00e9szre cser\u00e9l\u00fcnk, \u00e9s nem j\u00e1r bev\u00e9tel harmadik f\u00e9lt\u0151l sz\u00e1rmaz\u00f3 tartoz\u00e9kokkal.<\/p>","protected":false},"featured_media":60641,"comment_status":"open","ping_status":"closed","template":"","meta":{"_acf_changed":false},"product_cat":[1365,371,581,1408],"product_tag":[11072,8452,13561,13560,13559,434,7908,12447,13558],"class_list":["product","first","instock","shipping-taxable","purchasable","product-type-simple"],"acf":[],"_links":{"self":[{"href":"https:\/\/mouldking.store\/hu\/wp-json\/wp\/v2\/product\/60642","targetHints":{"allow":["GET"]}}],"collection":[{"href":"https:\/\/mouldking.store\/hu\/wp-json\/wp\/v2\/product"}],"about":[{"href":"https:\/\/mouldking.store\/hu\/wp-json\/wp\/v2\/types\/product"}],"replies":[{"embeddable":true,"href":"https:\/\/mouldking.store\/hu\/wp-json\/wp\/v2\/comments?post=60642"}],"wp:featuredmedia":[{"embeddable":true,"href":"https:\/\/mouldking.store\/hu\/wp-json\/wp\/v2\/media\/60641"}],"wp:attachment":[{"href":"https:\/\/mouldking.store\/hu\/wp-json\/wp\/v2\/media?parent=60642"}],"wp:term":[{"taxonomy":"product_cat","embeddable":true,"href":"https:\/\/mouldking.store\/hu\/wp-json\/wp\/v2\/product_cat?post=60642"},{"taxonomy":"product_tag","embeddable":true,"href":"https:\/\/mouldking.store\/hu\/wp-json\/wp\/v2\/product_tag?post=60642"}],"curies":[{"name":"wp","href":"https:\/\/api.w.org\/{rel}","templated":true}]}}