{"id":60705,"date":"2024-08-22T18:45:56","date_gmt":"2024-08-22T11:45:56","guid":{"rendered":"https:\/\/mouldking.store\/shop\/mould-king-16057-dome-botanical-garden-with-3383-pieces\/"},"modified":"2024-08-22T18:46:03","modified_gmt":"2024-08-22T11:46:03","slug":"mould-king-16057-dome-botanical-garden-with-3383-pieces","status":"publish","type":"product","link":"https:\/\/mouldking.store\/hu\/shop\/mould-king-16057-dome-botanical-garden-with-3383-pieces\/","title":{"rendered":"MOULD KING 16057 Dome Botanical Garden with 3383 Pieces"},"content":{"rendered":"<div>\u2705MouldKing 16057 Dome Botanical Garden<\/p>\n<p>\u2705 A Dome Botanical Garden is a type of greenhouse or garden space designed with a dome-shaped structure. These gardens often aim to replicate various climates and ecosystems, allowing for the cultivation of a diverse range of plants year-round.&nbsp;<\/p>\n<p>\ud83d\udeab FONTOS!<\/p>\n<p>Product Name: Dome Botanical Garden<\/p>\n<p>Kateg\u00f3ria: Modul\u00e1ris \u00e9p\u00fclet<\/p>\n<p>This Kit Contains: MouldKing 16057<\/p>\n<p>3383 pcs Good Quality Bricks<\/p>\n<p>Size: 24.3 \u00d7 25.5 \u00d7 38.5 cm<\/p>\n<p>K\u00e9zi utas\u00edt\u00e1sok<\/p>\n<p>\ud83d\udcccA f\u0151szerepl\u0151 term\u00e9szete<\/p>\n<p>Introducing our proud collection named \u201cDome Botanical Garden\u201d you should not miss.<\/p>\n<p>&nbsp;The dome&#8217;s design helps maintain a stable environment for plants, controlling temperature, humidity, and light.&nbsp; These gardens can showcase different biomes, such as tropical rainforests, arid deserts, and temperate woodlands. &nbsp; Many dome botanical gardens focus on plant conservation, research, and education, offering visitors insights into botany and ecology.&nbsp;<\/p><\/div>","protected":false},"excerpt":{"rendered":"<p>M\u00e1rka: MOLD KING<br \/>\nNem: Uniszex<br \/>\nKorhat\u00e1r: 14 \u00e9v felett<br \/>\nModel Number: 16057<br \/>\nBesorol\u00e1s: \u00d6sszeszerel\u00e9s<br \/>\nM\u0171anyag blokk forma: \u00f6nz\u00e1r\u00f3 t\u00e9gla<br \/>\nAnyaga: M\u0171anyag<br \/>\nM\u0171anyag t\u00edpus: ABS<br \/>\nBricks Blocks: 3383 +<br \/>\nEredeti doboza nincs<br \/>\nA term\u00e9k nem tartalmaz MAtric\u00e1t \u00e9s NYOMTATOTT alkatr\u00e9szeket. Minden nyomtatott alkatr\u00e9szt szabv\u00e1nyos alkatr\u00e9szre cser\u00e9l\u00fcnk, \u00e9s nem j\u00e1r bev\u00e9tel harmadik f\u00e9lt\u0151l sz\u00e1rmaz\u00f3 tartoz\u00e9kokkal.<\/p>","protected":false},"featured_media":60704,"comment_status":"open","ping_status":"closed","template":"","meta":{"_acf_changed":false},"product_cat":[1395,1502,371,372,390,581,6016,415,364],"product_tag":[7571,785,11244,4883,12128,7572,5679,392,366],"class_list":["product","first","instock","shipping-taxable","purchasable","product-type-simple"],"acf":[],"_links":{"self":[{"href":"https:\/\/mouldking.store\/hu\/wp-json\/wp\/v2\/product\/60705","targetHints":{"allow":["GET"]}}],"collection":[{"href":"https:\/\/mouldking.store\/hu\/wp-json\/wp\/v2\/product"}],"about":[{"href":"https:\/\/mouldking.store\/hu\/wp-json\/wp\/v2\/types\/product"}],"replies":[{"embeddable":true,"href":"https:\/\/mouldking.store\/hu\/wp-json\/wp\/v2\/comments?post=60705"}],"wp:featuredmedia":[{"embeddable":true,"href":"https:\/\/mouldking.store\/hu\/wp-json\/wp\/v2\/media\/60704"}],"wp:attachment":[{"href":"https:\/\/mouldking.store\/hu\/wp-json\/wp\/v2\/media?parent=60705"}],"wp:term":[{"taxonomy":"product_cat","embeddable":true,"href":"https:\/\/mouldking.store\/hu\/wp-json\/wp\/v2\/product_cat?post=60705"},{"taxonomy":"product_tag","embeddable":true,"href":"https:\/\/mouldking.store\/hu\/wp-json\/wp\/v2\/product_tag?post=60705"}],"curies":[{"name":"wp","href":"https:\/\/api.w.org\/{rel}","templated":true}]}}