{"id":60713,"date":"2024-08-22T18:46:43","date_gmt":"2024-08-22T11:46:43","guid":{"rendered":"https:\/\/mouldking.store\/shop\/mould-king-13197-the-flying-dutchman-with-4364-pieces\/"},"modified":"2024-08-22T18:46:49","modified_gmt":"2024-08-22T11:46:49","slug":"mould-king-13197-the-flying-dutchman-with-4364-pieces","status":"publish","type":"product","link":"https:\/\/mouldking.store\/hu\/shop\/mould-king-13197-the-flying-dutchman-with-4364-pieces\/","title":{"rendered":"MOULD KING 13197 The Flying Dutchman with 4364 Pieces"},"content":{"rendered":"<div>\u2705MouldKing 13197 The Flying Dutchman<\/p>\n<p>\u2705 The Flying Dutchman is a legendary ghost ship that has become a famous part of maritime folklore. According to the legend, the ship is cursed to sail the oceans forever, never able to make port.&nbsp;<\/p>\n<p>\ud83d\udeab FONTOS!<\/p>\n<p>Product Name: The Flying Dutchman<\/p>\n<p>Kateg\u00f3ria: Film<\/p>\n<p>This Kit Contains: MouldKing 13197<\/p>\n<p>4364 pcs Good Quality Bricks<\/p>\n<p>Size: 31 \u00d7 58.6 \u00d7 84 cm<\/p>\n<p>K\u00e9zi utas\u00edt\u00e1sok<\/p>\n<p>\ud83d\udcccA f\u0151szerepl\u0151 term\u00e9szete<\/p>\n<p>Introducing our proud collection named \u201cThe Flying Dutchman\u201d you should not miss.<\/p>\n<p>&nbsp;The tale of the Flying Dutchman has inspired numerous adaptations in literature, film, and other media, including its appearance in the &#8220;Pirates of the Caribbean&#8221; film series.&nbsp;<\/p><\/div>","protected":false},"excerpt":{"rendered":"<p>M\u00e1rka: MOLD KING<br \/>\nNem: Uniszex<br \/>\nKorhat\u00e1r: 14 \u00e9v felett<br \/>\nModel Number: 13197<br \/>\nBesorol\u00e1s: \u00d6sszeszerel\u00e9s<br \/>\nM\u0171anyag blokk forma: \u00f6nz\u00e1r\u00f3 t\u00e9gla<br \/>\nAnyaga: M\u0171anyag<br \/>\nM\u0171anyag t\u00edpus: ABS<br \/>\nBricks Blocks: 4364 +<br \/>\nEredeti doboza nincs<br \/>\nA term\u00e9k nem tartalmaz MAtric\u00e1t \u00e9s NYOMTATOTT alkatr\u00e9szeket. Minden nyomtatott alkatr\u00e9szt szabv\u00e1nyos alkatr\u00e9szre cser\u00e9l\u00fcnk, \u00e9s nem j\u00e1r bev\u00e9tel harmadik f\u00e9lt\u0151l sz\u00e1rmaz\u00f3 tartoz\u00e9kokkal.<\/p>","protected":false},"featured_media":60712,"comment_status":"open","ping_status":"closed","template":"","meta":{"_acf_changed":false},"product_cat":[1365,581,1408],"product_tag":[8452,12303,12302,12725,13571,12732,434,8704],"class_list":["product","first","instock","shipping-taxable","purchasable","product-type-simple"],"acf":[],"_links":{"self":[{"href":"https:\/\/mouldking.store\/hu\/wp-json\/wp\/v2\/product\/60713","targetHints":{"allow":["GET"]}}],"collection":[{"href":"https:\/\/mouldking.store\/hu\/wp-json\/wp\/v2\/product"}],"about":[{"href":"https:\/\/mouldking.store\/hu\/wp-json\/wp\/v2\/types\/product"}],"replies":[{"embeddable":true,"href":"https:\/\/mouldking.store\/hu\/wp-json\/wp\/v2\/comments?post=60713"}],"wp:featuredmedia":[{"embeddable":true,"href":"https:\/\/mouldking.store\/hu\/wp-json\/wp\/v2\/media\/60712"}],"wp:attachment":[{"href":"https:\/\/mouldking.store\/hu\/wp-json\/wp\/v2\/media?parent=60713"}],"wp:term":[{"taxonomy":"product_cat","embeddable":true,"href":"https:\/\/mouldking.store\/hu\/wp-json\/wp\/v2\/product_cat?post=60713"},{"taxonomy":"product_tag","embeddable":true,"href":"https:\/\/mouldking.store\/hu\/wp-json\/wp\/v2\/product_tag?post=60713"}],"curies":[{"name":"wp","href":"https:\/\/api.w.org\/{rel}","templated":true}]}}