{"id":60729,"date":"2024-08-22T18:47:07","date_gmt":"2024-08-22T11:47:07","guid":{"rendered":"https:\/\/mouldking.store\/shop\/mould-king-13190-lykan-hypersport-with-motor-with-4070-pieces\/"},"modified":"2024-08-22T18:47:13","modified_gmt":"2024-08-22T11:47:13","slug":"mould-king-13190-lykan-hypersport-with-motor-with-4070-pieces","status":"publish","type":"product","link":"https:\/\/mouldking.store\/hu\/shop\/mould-king-13190-lykan-hypersport-with-motor-with-4070-pieces\/","title":{"rendered":"MOULD KING 13190 Lykan Hypersport With Motor with 4070 Pieces"},"content":{"rendered":"<div>\u2705MouldKing 13190 Lykan Hypersport With Motor<\/p>\n<p>\u2705 The Lykan Hypersport is an exclusive hypercar manufactured by W Motors, a Lebanese automotive company. It gained international fame for its luxurious features and striking design.&nbsp;<\/p>\n<p>\ud83d\udeab FONTOS!<\/p>\n<p>Product Name: Lykan Hypersport With Motor<\/p>\n<p>Kateg\u00f3ria: M\u0171szaki<\/p>\n<p>This Kit Contains: MouldKing 13190<\/p>\n<p>4070 pcs Good Quality Bricks<\/p>\n<p>Size: 52.3 \u00d7 24.4 \u00d7 13.5 cm<\/p>\n<p>K\u00e9zi utas\u00edt\u00e1sok<\/p>\n<p>\ud83d\udcccA f\u0151szerepl\u0151 term\u00e9szete<\/p>\n<p>Introducing our proud collection named \u201cLykan Hypersport With Motor\u201d you should not miss.<\/p>\n<p>&nbsp;It is equipped with a 3.8-liter twin-turbocharged flat-six engine, producing around 780 horsepower. This allows it to accelerate from 0 to 60 mph in approximately 2.8 seconds, with a top speed of around 245 mph (394 km\/h).&nbsp; It gained additional fame from its appearance in the &#8220;Fast &amp; Furious 7&#8221; movie, where it was showcased in an action sequence.&nbsp;<\/p><\/div>","protected":false},"excerpt":{"rendered":"<p>M\u00e1rka: MOLD KING<br \/>\nNem: Uniszex<br \/>\nKorhat\u00e1r: 14 \u00e9v felett<br \/>\nModel Number: 13190<br \/>\nBesorol\u00e1s: \u00d6sszeszerel\u00e9s<br \/>\nM\u0171anyag blokk forma: \u00f6nz\u00e1r\u00f3 t\u00e9gla<br \/>\nAnyaga: M\u0171anyag<br \/>\nM\u0171anyag t\u00edpus: ABS<br \/>\nBricks Blocks: 4070 +<br \/>\nEredeti doboza nincs<br \/>\nA term\u00e9k nem tartalmaz MAtric\u00e1t \u00e9s NYOMTATOTT alkatr\u00e9szeket. Minden nyomtatott alkatr\u00e9szt szabv\u00e1nyos alkatr\u00e9szre cser\u00e9l\u00fcnk, \u00e9s nem j\u00e1r bev\u00e9tel harmadik f\u00e9lt\u0151l sz\u00e1rmaz\u00f3 tartoz\u00e9kokkal.<\/p>","protected":false},"featured_media":60728,"comment_status":"open","ping_status":"closed","template":"","meta":{"_acf_changed":false},"product_cat":[1360,1357,364,1875],"product_tag":[457,13572,13565,13566,389,11080],"class_list":["product","first","instock","shipping-taxable","purchasable","product-type-simple"],"acf":[],"_links":{"self":[{"href":"https:\/\/mouldking.store\/hu\/wp-json\/wp\/v2\/product\/60729","targetHints":{"allow":["GET"]}}],"collection":[{"href":"https:\/\/mouldking.store\/hu\/wp-json\/wp\/v2\/product"}],"about":[{"href":"https:\/\/mouldking.store\/hu\/wp-json\/wp\/v2\/types\/product"}],"replies":[{"embeddable":true,"href":"https:\/\/mouldking.store\/hu\/wp-json\/wp\/v2\/comments?post=60729"}],"wp:featuredmedia":[{"embeddable":true,"href":"https:\/\/mouldking.store\/hu\/wp-json\/wp\/v2\/media\/60728"}],"wp:attachment":[{"href":"https:\/\/mouldking.store\/hu\/wp-json\/wp\/v2\/media?parent=60729"}],"wp:term":[{"taxonomy":"product_cat","embeddable":true,"href":"https:\/\/mouldking.store\/hu\/wp-json\/wp\/v2\/product_cat?post=60729"},{"taxonomy":"product_tag","embeddable":true,"href":"https:\/\/mouldking.store\/hu\/wp-json\/wp\/v2\/product_tag?post=60729"}],"curies":[{"name":"wp","href":"https:\/\/api.w.org\/{rel}","templated":true}]}}