{"id":60742,"date":"2024-08-23T18:23:57","date_gmt":"2024-08-23T11:23:57","guid":{"rendered":"https:\/\/mouldking.store\/shop\/mould-king-10109-loading-and-unloading-dock-with-821-pieces\/"},"modified":"2024-08-23T18:24:29","modified_gmt":"2024-08-23T11:24:29","slug":"mould-king-10109-loading-and-unloading-dock-with-821-pieces","status":"publish","type":"product","link":"https:\/\/mouldking.store\/hu\/shop\/mould-king-10109-loading-and-unloading-dock-with-821-pieces\/","title":{"rendered":"MOULD KING 10109 Loading And Unloading Dock with 821 Pieces"},"content":{"rendered":"<div>\u2705Mould King 10109 Loading And Unloading Dock<\/p>\n<p>\u2705 A loading and unloading dock is a critical area in warehouses, distribution centers, or manufacturing plants where goods are transferred between vehicles and storage or processing areas.&nbsp;<\/p>\n<p>\ud83d\udeab FONTOS!<\/p>\n<p>Product Name: Loading And Unloading Dock<\/p>\n<p>Kateg\u00f3ria: Modul\u00e1ris \u00e9p\u00fclet<\/p>\n<p>This Kit Contains: Mould King 10109<\/p>\n<p>821 pcs Good Quality Bricks<\/p>\n<p>Size: 28.8 \u00d7 25.7 \u00d7 14.5 cm<\/p>\n<p>K\u00e9zi utas\u00edt\u00e1sok<\/p>\n<p>\ud83d\udcccA f\u0151szerepl\u0151 term\u00e9szete<\/p>\n<p>Introducing our proud collection named \u201cLoading And Unloading Dock\u201d you should not miss.<\/p>\n<p>&nbsp;A well-designed loading and unloading dock is crucial for the smooth operation of supply chains and logistics, contributing significantly to a company&#8217;s overall efficiency.&nbsp;<\/p><\/div>","protected":false},"excerpt":{"rendered":"<p>M\u00e1rka: MOLD KING<br \/>\nNem: Uniszex<br \/>\nKoroszt\u00e1ly: 8 \u00e9v felett<br \/>\nModel Number: 10109<br \/>\nBesorol\u00e1s: \u00d6sszeszerel\u00e9s<br \/>\nM\u0171anyag blokk forma: \u00f6nz\u00e1r\u00f3 t\u00e9gla<br \/>\nAnyaga: M\u0171anyag<br \/>\nM\u0171anyag t\u00edpus: ABS<br \/>\nBricks Blocks: 821 +<br \/>\nEredeti doboza nincs<br \/>\nA term\u00e9k nem tartalmaz MAtric\u00e1t \u00e9s NYOMTATOTT alkatr\u00e9szeket. Minden nyomtatott alkatr\u00e9szt szabv\u00e1nyos alkatr\u00e9szre cser\u00e9l\u00fcnk, \u00e9s nem j\u00e1r bev\u00e9tel harmadik f\u00e9lt\u0151l sz\u00e1rmaz\u00f3 tartoz\u00e9kokkal.<\/p>","protected":false},"featured_media":60741,"comment_status":"open","ping_status":"closed","template":"","meta":{"_acf_changed":false},"product_cat":[1365,1395,1502,390],"product_tag":[4883,11601,10552,12706,392,13573],"class_list":["product","first","instock","shipping-taxable","purchasable","product-type-simple"],"acf":[],"_links":{"self":[{"href":"https:\/\/mouldking.store\/hu\/wp-json\/wp\/v2\/product\/60742","targetHints":{"allow":["GET"]}}],"collection":[{"href":"https:\/\/mouldking.store\/hu\/wp-json\/wp\/v2\/product"}],"about":[{"href":"https:\/\/mouldking.store\/hu\/wp-json\/wp\/v2\/types\/product"}],"replies":[{"embeddable":true,"href":"https:\/\/mouldking.store\/hu\/wp-json\/wp\/v2\/comments?post=60742"}],"wp:featuredmedia":[{"embeddable":true,"href":"https:\/\/mouldking.store\/hu\/wp-json\/wp\/v2\/media\/60741"}],"wp:attachment":[{"href":"https:\/\/mouldking.store\/hu\/wp-json\/wp\/v2\/media?parent=60742"}],"wp:term":[{"taxonomy":"product_cat","embeddable":true,"href":"https:\/\/mouldking.store\/hu\/wp-json\/wp\/v2\/product_cat?post=60742"},{"taxonomy":"product_tag","embeddable":true,"href":"https:\/\/mouldking.store\/hu\/wp-json\/wp\/v2\/product_tag?post=60742"}],"curies":[{"name":"wp","href":"https:\/\/api.w.org\/{rel}","templated":true}]}}