{"id":60795,"date":"2024-08-28T18:15:04","date_gmt":"2024-08-28T11:15:04","guid":{"rendered":"https:\/\/mouldking.store\/shop\/mould-king-17071-liebherr-r-9800-excavator-with-motor-with-4767-pieces\/"},"modified":"2024-08-28T18:15:10","modified_gmt":"2024-08-28T11:15:10","slug":"mould-king-17071-liebherr-r-9800-excavator-with-motor-with-4767-pieces","status":"publish","type":"product","link":"https:\/\/mouldking.store\/hu\/shop\/mould-king-17071-liebherr-r-9800-excavator-with-motor-with-4767-pieces\/","title":{"rendered":"MOULD KING 17071 Liebherr R 9800 Excavator With Motor with 4767 Pieces"},"content":{"rendered":"<div>\u2705MouldKing 17071 Liebherr R 9800 Excavator With Motor<\/p>\n<p>\u2705 The Liebherr R 9800 is one of the world&#8217;s largest and most powerful hydraulic mining excavators. Manufactured by Liebherr, a leading company in heavy machinery, the R 9800 is designed primarily for large-scale mining operations.&nbsp;<\/p>\n<p>\ud83d\udeab FONTOS!<\/p>\n<p>Product Name: Liebherr R 9800 Excavator With Motor<\/p>\n<p>Kateg\u00f3ria: M\u0171szaki<\/p>\n<p>This Kit Contains: MouldKing 17071<\/p>\n<p>4767 pcs Good Quality Bricks<\/p>\n<p>Size: 65.7 \u00d7 30.4 \u00d7 40 cm<\/p>\n<p>K\u00e9zi utas\u00edt\u00e1sok<\/p>\n<p>\ud83d\udcccA f\u0151szerepl\u0151 term\u00e9szete<\/p>\n<p>Introducing our proud collection named \u201cLiebherr R 9800 Excavator With Motor\u201d you should not miss.<\/p>\n<p>&nbsp;The R 9800 is known for its robust construction, advanced hydraulic systems, and efficient power management, providing both high productivity and low fuel consumption.&nbsp; It is also equipped with modern safety features and technologies to enhance operator comfort and safety, including spacious cabins with advanced controls, air conditioning, and excellent visibility.&nbsp;<\/p><\/div>","protected":false},"excerpt":{"rendered":"<p>M\u00e1rka: MOLD KING<br \/>\nNem: Uniszex<br \/>\nKoroszt\u00e1ly: &gt; 12 \u00e9ves<br \/>\nModel Number: 17071<br \/>\nBesorol\u00e1s: \u00d6sszeszerel\u00e9s<br \/>\nM\u0171anyag blokk forma: \u00f6nz\u00e1r\u00f3 t\u00e9gla<br \/>\nAnyaga: M\u0171anyag<br \/>\nM\u0171anyag t\u00edpus: ABS<br \/>\nBricks Blocks: 4767 +<br \/>\nEredeti doboza nincs<br \/>\nA term\u00e9k nem tartalmaz MAtric\u00e1t \u00e9s NYOMTATOTT alkatr\u00e9szeket. Minden nyomtatott alkatr\u00e9szt szabv\u00e1nyos alkatr\u00e9szre cser\u00e9l\u00fcnk, \u00e9s nem j\u00e1r bev\u00e9tel harmadik f\u00e9lt\u0151l sz\u00e1rmaz\u00f3 tartoz\u00e9kokkal.<\/p>","protected":false},"featured_media":60794,"comment_status":"open","ping_status":"closed","template":"","meta":{"_acf_changed":false},"product_cat":[1357,371,372,390,581,6016,415,364],"product_tag":[755,11648,12647,12847,366,389,11080],"class_list":["product","first","instock","shipping-taxable","purchasable","product-type-simple"],"acf":[],"_links":{"self":[{"href":"https:\/\/mouldking.store\/hu\/wp-json\/wp\/v2\/product\/60795","targetHints":{"allow":["GET"]}}],"collection":[{"href":"https:\/\/mouldking.store\/hu\/wp-json\/wp\/v2\/product"}],"about":[{"href":"https:\/\/mouldking.store\/hu\/wp-json\/wp\/v2\/types\/product"}],"replies":[{"embeddable":true,"href":"https:\/\/mouldking.store\/hu\/wp-json\/wp\/v2\/comments?post=60795"}],"wp:featuredmedia":[{"embeddable":true,"href":"https:\/\/mouldking.store\/hu\/wp-json\/wp\/v2\/media\/60794"}],"wp:attachment":[{"href":"https:\/\/mouldking.store\/hu\/wp-json\/wp\/v2\/media?parent=60795"}],"wp:term":[{"taxonomy":"product_cat","embeddable":true,"href":"https:\/\/mouldking.store\/hu\/wp-json\/wp\/v2\/product_cat?post=60795"},{"taxonomy":"product_tag","embeddable":true,"href":"https:\/\/mouldking.store\/hu\/wp-json\/wp\/v2\/product_tag?post=60795"}],"curies":[{"name":"wp","href":"https:\/\/api.w.org\/{rel}","templated":true}]}}