{"id":60810,"date":"2024-08-28T18:15:55","date_gmt":"2024-08-28T11:15:55","guid":{"rendered":"https:\/\/mouldking.store\/shop\/mould-king-10141-aircraft-engine-with-motor-with-2256-pieces\/"},"modified":"2024-08-28T18:16:02","modified_gmt":"2024-08-28T11:16:02","slug":"mould-king-10141-aircraft-engine-with-motor-with-2256-pieces","status":"publish","type":"product","link":"https:\/\/mouldking.store\/hu\/shop\/mould-king-10141-aircraft-engine-with-motor-with-2256-pieces\/","title":{"rendered":"MOLD KING 10141 Rep\u00fcl\u0151g\u00e9p motor motorral 2256 darabbal"},"content":{"rendered":"<div>\u2705MouldKing 10141 Aircraft Engine With Motor<\/p>\n<p>\u2705 Aircraft engines are a crucial component of aviation technology, designed to power various types of aircraft, from small propeller planes to large commercial jets and military aircraft. They come in several types, each suited for different aviation needs.&nbsp;<\/p>\n<p>\ud83d\udeab FONTOS!<\/p>\n<p>Product Name: Aircraft Engine With Motor<\/p>\n<p>Kateg\u00f3ria: M\u0171szaki<\/p>\n<p>This Kit Contains: MouldKing 10141<\/p>\n<p>2256 pcs Good Quality Bricks<\/p>\n<p>Size: 41.6 \u00d7 25.4 \u00d7 23.5 cm<\/p>\n<p>K\u00e9zi utas\u00edt\u00e1sok<\/p>\n<p>\ud83d\udcccA f\u0151szerepl\u0151 term\u00e9szete<\/p>\n<p>Introducing our proud collection named \u201cAircraft Engine With Motor\u201d you should not miss.<\/p>\n<p>&nbsp;Emerging technologies focus on reducing emissions and noise with electric and hybrid-electric engines, aiming for a more sustainable future in aviation.&nbsp; Use of composite materials and advanced aerodynamics in newer engines to reduce weight and improve performance.&nbsp; Each engine type has its unique applications and benefits, making them suitable for different aviation needs, from general aviation and commercial transport to military and high-speed research.&nbsp;<\/p><\/div>","protected":false},"excerpt":{"rendered":"<p>M\u00e1rka: MOLD KING<br \/>\nNem: Uniszex<br \/>\nKorhat\u00e1r: 14 \u00e9v felett<br \/>\nModel Number: 10141<br \/>\nBesorol\u00e1s: \u00d6sszeszerel\u00e9s<br \/>\nM\u0171anyag blokk forma: \u00f6nz\u00e1r\u00f3 t\u00e9gla<br \/>\nAnyaga: M\u0171anyag<br \/>\nM\u0171anyag t\u00edpus: ABS<br \/>\nBricks Blocks: 2256 +<br \/>\nEredeti doboza nincs<br \/>\nA term\u00e9k nem tartalmaz MAtric\u00e1t \u00e9s NYOMTATOTT alkatr\u00e9szeket. Minden nyomtatott alkatr\u00e9szt szabv\u00e1nyos alkatr\u00e9szre cser\u00e9l\u00fcnk, \u00e9s nem j\u00e1r bev\u00e9tel harmadik f\u00e9lt\u0151l sz\u00e1rmaz\u00f3 tartoz\u00e9kokkal.<\/p>","protected":false},"featured_media":60809,"comment_status":"open","ping_status":"closed","template":"","meta":{"_acf_changed":false},"product_cat":[1357,371,372,390,581,6016,415,364],"product_tag":[5271,10493,366,389,11080],"class_list":["product","first","instock","shipping-taxable","purchasable","product-type-simple"],"acf":[],"_links":{"self":[{"href":"https:\/\/mouldking.store\/hu\/wp-json\/wp\/v2\/product\/60810","targetHints":{"allow":["GET"]}}],"collection":[{"href":"https:\/\/mouldking.store\/hu\/wp-json\/wp\/v2\/product"}],"about":[{"href":"https:\/\/mouldking.store\/hu\/wp-json\/wp\/v2\/types\/product"}],"replies":[{"embeddable":true,"href":"https:\/\/mouldking.store\/hu\/wp-json\/wp\/v2\/comments?post=60810"}],"wp:featuredmedia":[{"embeddable":true,"href":"https:\/\/mouldking.store\/hu\/wp-json\/wp\/v2\/media\/60809"}],"wp:attachment":[{"href":"https:\/\/mouldking.store\/hu\/wp-json\/wp\/v2\/media?parent=60810"}],"wp:term":[{"taxonomy":"product_cat","embeddable":true,"href":"https:\/\/mouldking.store\/hu\/wp-json\/wp\/v2\/product_cat?post=60810"},{"taxonomy":"product_tag","embeddable":true,"href":"https:\/\/mouldking.store\/hu\/wp-json\/wp\/v2\/product_tag?post=60810"}],"curies":[{"name":"wp","href":"https:\/\/api.w.org\/{rel}","templated":true}]}}