{"id":60825,"date":"2024-08-28T18:16:47","date_gmt":"2024-08-28T11:16:47","guid":{"rendered":"https:\/\/mouldking.store\/shop\/mould-king-10003s-k500-vintage-car-with-952-pieces\/"},"modified":"2024-08-28T18:16:53","modified_gmt":"2024-08-28T11:16:53","slug":"mould-king-10003s-k500-vintage-car-with-952-pieces","status":"publish","type":"product","link":"https:\/\/mouldking.store\/hu\/shop\/mould-king-10003s-k500-vintage-car-with-952-pieces\/","title":{"rendered":"MOULD KING 10003S K500 Vintage Car with 952 Pieces"},"content":{"rendered":"<div>\u2705MouldKing 10003S K500 Vintage Car<\/p>\n<p>\u2705 Nostalgic classic cars often have stories associated with them, such as being the choice of royalty, celebrities, or being part of significant historical events. These cars are celebrated not only for their design and engineering but also for the memories and emotions they invoke.&nbsp;<\/p>\n<p>\ud83d\udeab FONTOS!<\/p>\n<p>Product Name: K500 Vintage Car<\/p>\n<p>Kateg\u00f3ria: M\u0171szaki<\/p>\n<p>This Kit Contains: MouldKing 10003S<\/p>\n<p>952 pcs Good Quality Bricks<\/p>\n<p>Size: 31 \u00d7 12.5 \u00d7 9 cm<\/p>\n<p>K\u00e9zi utas\u00edt\u00e1sok<\/p>\n<p>\ud83d\udcccA f\u0151szerepl\u0151 term\u00e9szete<\/p>\n<p>Introducing our proud collection named \u201cK500 Vintage Car\u201d you should not miss.<\/p>\n<p>&nbsp;Classic cars categorized as nostalgic often see high demand in the collector&#8217;s market. Their value is influenced by factors such as originality, rarity, condition, provenance, and the car&#8217;s historical significance.&nbsp; Platforms like K500 offer insight into the market dynamics, providing enthusiasts with valuable information on how these nostalgic classics perform at auctions and private sales.&nbsp;<\/p><\/div>","protected":false},"excerpt":{"rendered":"<p>M\u00e1rka: MOLD KING<br \/>\nNem: Uniszex<br \/>\nKoroszt\u00e1ly: 8 \u00e9v felett<br \/>\nModel Number: 10003S<br \/>\nBesorol\u00e1s: \u00d6sszeszerel\u00e9s<br \/>\nM\u0171anyag blokk forma: \u00f6nz\u00e1r\u00f3 t\u00e9gla<br \/>\nAnyaga: M\u0171anyag<br \/>\nM\u0171anyag t\u00edpus: ABS<br \/>\nBricks Blocks: 952 +<br \/>\nEredeti doboza nincs<br \/>\nA term\u00e9k nem tartalmaz MAtric\u00e1t \u00e9s NYOMTATOTT alkatr\u00e9szeket. Minden nyomtatott alkatr\u00e9szt szabv\u00e1nyos alkatr\u00e9szre cser\u00e9l\u00fcnk, \u00e9s nem j\u00e1r bev\u00e9tel harmadik f\u00e9lt\u0151l sz\u00e1rmaz\u00f3 tartoz\u00e9kokkal.<\/p>","protected":false},"featured_media":60824,"comment_status":"open","ping_status":"closed","template":"","meta":{"_acf_changed":false},"product_cat":[1360,1357,371,372,390,581,6016,415,364,1875],"product_tag":[457,11528,13583,366,12602,389,11080,7941,13119],"class_list":["product","first","instock","shipping-taxable","purchasable","product-type-simple"],"acf":[],"_links":{"self":[{"href":"https:\/\/mouldking.store\/hu\/wp-json\/wp\/v2\/product\/60825","targetHints":{"allow":["GET"]}}],"collection":[{"href":"https:\/\/mouldking.store\/hu\/wp-json\/wp\/v2\/product"}],"about":[{"href":"https:\/\/mouldking.store\/hu\/wp-json\/wp\/v2\/types\/product"}],"replies":[{"embeddable":true,"href":"https:\/\/mouldking.store\/hu\/wp-json\/wp\/v2\/comments?post=60825"}],"wp:featuredmedia":[{"embeddable":true,"href":"https:\/\/mouldking.store\/hu\/wp-json\/wp\/v2\/media\/60824"}],"wp:attachment":[{"href":"https:\/\/mouldking.store\/hu\/wp-json\/wp\/v2\/media?parent=60825"}],"wp:term":[{"taxonomy":"product_cat","embeddable":true,"href":"https:\/\/mouldking.store\/hu\/wp-json\/wp\/v2\/product_cat?post=60825"},{"taxonomy":"product_tag","embeddable":true,"href":"https:\/\/mouldking.store\/hu\/wp-json\/wp\/v2\/product_tag?post=60825"}],"curies":[{"name":"wp","href":"https:\/\/api.w.org\/{rel}","templated":true}]}}