{"id":60832,"date":"2024-08-28T18:18:17","date_gmt":"2024-08-28T11:18:17","guid":{"rendered":"https:\/\/mouldking.store\/shop\/mould-king-17011s-tow-truck-with-1250-pieces\/"},"modified":"2024-08-28T18:18:23","modified_gmt":"2024-08-28T11:18:23","slug":"mould-king-17011s-tow-truck-with-1250-pieces","status":"publish","type":"product","link":"https:\/\/mouldking.store\/hu\/shop\/mould-king-17011s-tow-truck-with-1250-pieces\/","title":{"rendered":"MOULD KING 17011S Tow Truck with 1250 Pieces"},"content":{"rendered":"<div>\u2705MouldKing 17011S Tow Truck<\/p>\n<p>\ud83d\udeab FONTOS!<\/p>\n<p>Product Name: Tow Truck<\/p>\n<p>Kateg\u00f3ria: M\u0171szaki<\/p>\n<p>This Kit Contains: MouldKing 17011S<\/p>\n<p>1250 pcs Good Quality Bricks<\/p>\n<p>Size: 51.8 \u00d7 15.6 \u00d7 18.1 cm<\/p>\n<p>K\u00e9zi utas\u00edt\u00e1sok<\/p>\n<p>\ud83d\udcccA f\u0151szerepl\u0151 term\u00e9szete<\/p>\n<p>Introducing our proud collection named \u201cTow Truck\u201d you should not miss.<\/p>\n<p>&nbsp;A <strong>tow truck<\/strong>, also known as a wrecker or recovery vehicle, is designed to transport disabled, improperly parked, impounded, or otherwise indisposed vehicles. Tow trucks come in various types, each specialized for different towing and recovery scenarios. They are essential for roadside assistance services, law enforcement, vehicle recovery operations, and more.&nbsp;<\/div>","protected":false},"excerpt":{"rendered":"<p>M\u00e1rka: MOLD KING<br \/>\nNem: Uniszex<br \/>\nKorhat\u00e1r: 14 \u00e9v felett<br \/>\nModel Number: 17011S<br \/>\nBesorol\u00e1s: \u00d6sszeszerel\u00e9s<br \/>\nM\u0171anyag blokk forma: \u00f6nz\u00e1r\u00f3 t\u00e9gla<br \/>\nAnyaga: M\u0171anyag<br \/>\nM\u0171anyag t\u00edpus: ABS<br \/>\nBricks Blocks: 1250 +<br \/>\nEredeti doboza nincs<br \/>\nA term\u00e9k nem tartalmaz MAtric\u00e1t \u00e9s NYOMTATOTT alkatr\u00e9szeket. Minden nyomtatott alkatr\u00e9szt szabv\u00e1nyos alkatr\u00e9szre cser\u00e9l\u00fcnk, \u00e9s nem j\u00e1r bev\u00e9tel harmadik f\u00e9lt\u0151l sz\u00e1rmaz\u00f3 tartoz\u00e9kokkal.<\/p>","protected":false},"featured_media":60831,"comment_status":"open","ping_status":"closed","template":"","meta":{"_acf_changed":false},"product_cat":[1354,1357,371,372,390,581,6016,415,364],"product_tag":[2488,13584,366,389,11080,2568,2566,11182,466],"class_list":["product","first","instock","shipping-taxable","purchasable","product-type-simple"],"acf":[],"_links":{"self":[{"href":"https:\/\/mouldking.store\/hu\/wp-json\/wp\/v2\/product\/60832","targetHints":{"allow":["GET"]}}],"collection":[{"href":"https:\/\/mouldking.store\/hu\/wp-json\/wp\/v2\/product"}],"about":[{"href":"https:\/\/mouldking.store\/hu\/wp-json\/wp\/v2\/types\/product"}],"replies":[{"embeddable":true,"href":"https:\/\/mouldking.store\/hu\/wp-json\/wp\/v2\/comments?post=60832"}],"wp:featuredmedia":[{"embeddable":true,"href":"https:\/\/mouldking.store\/hu\/wp-json\/wp\/v2\/media\/60831"}],"wp:attachment":[{"href":"https:\/\/mouldking.store\/hu\/wp-json\/wp\/v2\/media?parent=60832"}],"wp:term":[{"taxonomy":"product_cat","embeddable":true,"href":"https:\/\/mouldking.store\/hu\/wp-json\/wp\/v2\/product_cat?post=60832"},{"taxonomy":"product_tag","embeddable":true,"href":"https:\/\/mouldking.store\/hu\/wp-json\/wp\/v2\/product_tag?post=60832"}],"curies":[{"name":"wp","href":"https:\/\/api.w.org\/{rel}","templated":true}]}}