{"id":60855,"date":"2024-08-28T18:19:14","date_gmt":"2024-08-28T11:19:14","guid":{"rendered":"https:\/\/mouldking.store\/shop\/mould-king-10065s-black-pearl-drifting-bottle-with-2416-pieces\/"},"modified":"2024-08-28T18:19:21","modified_gmt":"2024-08-28T11:19:21","slug":"mould-king-10065s-black-pearl-drifting-bottle-with-2416-pieces","status":"publish","type":"product","link":"https:\/\/mouldking.store\/hu\/shop\/mould-king-10065s-black-pearl-drifting-bottle-with-2416-pieces\/","title":{"rendered":"MOULD KING 10065S Black Pearl Drifting Bottle with 2416 Pieces"},"content":{"rendered":"<div>\u2705MouldKing 10065S Black Pearl Drifting Bottle<\/p>\n<p>\u2705 A <strong>Black Pearl Drifting Bottle<\/strong> is a type of collectible or decorative item inspired by the legendary pirate ship, the Black Pearl, from the &#8220;Pirates of the Caribbean&#8221; franchise. These drifting bottles are often created as unique pieces for fans of the series or collectors of maritime-themed memorabilia.&nbsp;<\/p>\n<p>\ud83d\udeab FONTOS!<\/p>\n<p>Product Name: Black Pearl Drifting Bottle<\/p>\n<p>Kateg\u00f3ria: Film<\/p>\n<p>This Kit Contains: MouldKing 10065S<\/p>\n<p>2416 pcs Good Quality Bricks<\/p>\n<p>Size: 54.4 \u00d7 18.8 \u00d7 19.5 cm<\/p>\n<p>K\u00e9zi utas\u00edt\u00e1sok<\/p>\n<p>\ud83d\udcccA f\u0151szerepl\u0151 term\u00e9szete<\/p>\n<p>Introducing our proud collection named \u201cBlack Pearl Drifting Bottle\u201d you should not miss.<\/p>\n<p>Inside the bottle, there is typically a detailed miniature model of the Black Pearl, the iconic pirate ship captained by Jack Sparrow in the &#8220;Pirates of the Caribbean&#8221; movies.&nbsp; The drifting bottle may include additional elements such as ocean waves, sand, or other maritime details to enhance the visual appeal.&nbsp;<\/p><\/div>","protected":false},"excerpt":{"rendered":"<p>M\u00e1rka: MOLD KING<br \/>\nNem: Uniszex<br \/>\nKorhat\u00e1r: 14 \u00e9v felett<br \/>\nModel Number: 10065S<br \/>\nBesorol\u00e1s: \u00d6sszeszerel\u00e9s<br \/>\nM\u0171anyag blokk forma: \u00f6nz\u00e1r\u00f3 t\u00e9gla<br \/>\nAnyaga: M\u0171anyag<br \/>\nM\u0171anyag t\u00edpus: ABS<br \/>\nBricks Blocks: 2416 +<br \/>\nEredeti doboza nincs<br \/>\nA term\u00e9k nem tartalmaz MAtric\u00e1t \u00e9s NYOMTATOTT alkatr\u00e9szeket. Minden nyomtatott alkatr\u00e9szt szabv\u00e1nyos alkatr\u00e9szre cser\u00e9l\u00fcnk, \u00e9s nem j\u00e1r bev\u00e9tel harmadik f\u00e9lt\u0151l sz\u00e1rmaz\u00f3 tartoz\u00e9kokkal.<\/p>","protected":false},"featured_media":60854,"comment_status":"open","ping_status":"closed","template":"","meta":{"_acf_changed":false},"product_cat":[1365,371,372,390,581,6016,415,364,1408],"product_tag":[6240,12062,11072,8452,12600,12732,366,434],"class_list":["product","first","instock","shipping-taxable","purchasable","product-type-simple"],"acf":[],"_links":{"self":[{"href":"https:\/\/mouldking.store\/hu\/wp-json\/wp\/v2\/product\/60855","targetHints":{"allow":["GET"]}}],"collection":[{"href":"https:\/\/mouldking.store\/hu\/wp-json\/wp\/v2\/product"}],"about":[{"href":"https:\/\/mouldking.store\/hu\/wp-json\/wp\/v2\/types\/product"}],"replies":[{"embeddable":true,"href":"https:\/\/mouldking.store\/hu\/wp-json\/wp\/v2\/comments?post=60855"}],"wp:featuredmedia":[{"embeddable":true,"href":"https:\/\/mouldking.store\/hu\/wp-json\/wp\/v2\/media\/60854"}],"wp:attachment":[{"href":"https:\/\/mouldking.store\/hu\/wp-json\/wp\/v2\/media?parent=60855"}],"wp:term":[{"taxonomy":"product_cat","embeddable":true,"href":"https:\/\/mouldking.store\/hu\/wp-json\/wp\/v2\/product_cat?post=60855"},{"taxonomy":"product_tag","embeddable":true,"href":"https:\/\/mouldking.store\/hu\/wp-json\/wp\/v2\/product_tag?post=60855"}],"curies":[{"name":"wp","href":"https:\/\/api.w.org\/{rel}","templated":true}]}}