{"id":60879,"date":"2024-08-28T18:20:37","date_gmt":"2024-08-28T11:20:37","guid":{"rendered":"https:\/\/mouldking.store\/shop\/mould-king-10131-bgt-supercar-with-w16-engine-with-motor-with-952-pieces\/"},"modified":"2024-08-28T18:20:43","modified_gmt":"2024-08-28T11:20:43","slug":"mould-king-10131-bgt-supercar-with-w16-engine-with-motor-with-952-pieces","status":"publish","type":"product","link":"https:\/\/mouldking.store\/hu\/shop\/mould-king-10131-bgt-supercar-with-w16-engine-with-motor-with-952-pieces\/","title":{"rendered":"MOULD KING 10131 BGT Supercar With W16 Engine With Motor with 952 Pieces"},"content":{"rendered":"<div>\u2705MouldKing 10131 BGT Supercar With W16 Engine With Motor<\/p>\n<p>\u2705 A <strong>BGT Supercar<\/strong> with a W16 engine isn&#8217;t a widely recognized or official model from mainstream car manufacturers. However, the concept of a supercar with a W16 engine is closely associated with the <strong>Bugatti Chiron<\/strong>, a well-known example of a high-performance vehicle featuring a W16 engine.&nbsp;<\/p>\n<p>\ud83d\udeab FONTOS!<\/p>\n<p>Product Name: BGT Supercar With W16 Engine With Motor<\/p>\n<p>Kateg\u00f3ria: M\u0171szaki<\/p>\n<p>This Kit Contains: MouldKing 10131<\/p>\n<p>952 pcs Good Quality Bricks<\/p>\n<p>Size: 30.2 \u00d7 14.8 \u00d7 15 cm<\/p>\n<p>K\u00e9zi utas\u00edt\u00e1sok<\/p>\n<p>\ud83d\udcccA f\u0151szerepl\u0151 term\u00e9szete<\/p>\n<p>Introducing our proud collection named \u201cBGT Supercar With W16 Engine With Motor\u201d you should not miss.<\/p>\n<p>The Bugatti Chiron is equipped with an 8.0-liter W16 engine, which is essentially a W-shaped 16-cylinder engine. This configuration features four banks of cylinders arranged in a W pattern, providing exceptional power and smooth operation.&nbsp; The engine uses four turbochargers to achieve its incredible performance levels. This setup delivers a peak power output of around 1,479 horsepower (1,500 PS) and 1,180 lb-ft (1,600 Nm) of torque.&nbsp;<\/p><\/div>","protected":false},"excerpt":{"rendered":"<p>M\u00e1rka: MOLD KING<br \/>\nNem: Uniszex<br \/>\nKorhat\u00e1r: 14 \u00e9v felett<br \/>\nModel Number: 10131<br \/>\nBesorol\u00e1s: \u00d6sszeszerel\u00e9s<br \/>\nM\u0171anyag blokk forma: \u00f6nz\u00e1r\u00f3 t\u00e9gla<br \/>\nAnyaga: M\u0171anyag<br \/>\nM\u0171anyag t\u00edpus: ABS<br \/>\nBricks Blocks: 952 +<br \/>\nEredeti doboza nincs<br \/>\nA term\u00e9k nem tartalmaz MAtric\u00e1t \u00e9s NYOMTATOTT alkatr\u00e9szeket. Minden nyomtatott alkatr\u00e9szt szabv\u00e1nyos alkatr\u00e9szre cser\u00e9l\u00fcnk, \u00e9s nem j\u00e1r bev\u00e9tel harmadik f\u00e9lt\u0151l sz\u00e1rmaz\u00f3 tartoz\u00e9kokkal.<\/p>","protected":false},"featured_media":60878,"comment_status":"open","ping_status":"closed","template":"","meta":{"_acf_changed":false},"product_cat":[1357,371,372,390,581,6016,415,364],"product_tag":[13587,10493,366,588,389,11080],"class_list":["product","first","instock","shipping-taxable","purchasable","product-type-simple"],"acf":[],"_links":{"self":[{"href":"https:\/\/mouldking.store\/hu\/wp-json\/wp\/v2\/product\/60879","targetHints":{"allow":["GET"]}}],"collection":[{"href":"https:\/\/mouldking.store\/hu\/wp-json\/wp\/v2\/product"}],"about":[{"href":"https:\/\/mouldking.store\/hu\/wp-json\/wp\/v2\/types\/product"}],"replies":[{"embeddable":true,"href":"https:\/\/mouldking.store\/hu\/wp-json\/wp\/v2\/comments?post=60879"}],"wp:featuredmedia":[{"embeddable":true,"href":"https:\/\/mouldking.store\/hu\/wp-json\/wp\/v2\/media\/60878"}],"wp:attachment":[{"href":"https:\/\/mouldking.store\/hu\/wp-json\/wp\/v2\/media?parent=60879"}],"wp:term":[{"taxonomy":"product_cat","embeddable":true,"href":"https:\/\/mouldking.store\/hu\/wp-json\/wp\/v2\/product_cat?post=60879"},{"taxonomy":"product_tag","embeddable":true,"href":"https:\/\/mouldking.store\/hu\/wp-json\/wp\/v2\/product_tag?post=60879"}],"curies":[{"name":"wp","href":"https:\/\/api.w.org\/{rel}","templated":true}]}}