{"id":60910,"date":"2024-08-29T18:29:23","date_gmt":"2024-08-29T11:29:23","guid":{"rendered":"https:\/\/mouldking.store\/shop\/quanguan-100287-yakovlev-yak-1b-with-627-pieces\/"},"modified":"2024-08-29T18:29:31","modified_gmt":"2024-08-29T11:29:31","slug":"quanguan-100287-yakovlev-yak-1b-with-627-pieces","status":"publish","type":"product","link":"https:\/\/mouldking.store\/hu\/shop\/quanguan-100287-yakovlev-yak-1b-with-627-pieces\/","title":{"rendered":"QUANGUAN 100287 Yakovlev Yak-1B 627 darabbal"},"content":{"rendered":"<div>\u2705Quan Guan 100287 Yakovlev Yak-1B<\/p>\n<p>\u2705 A <strong>Yakovlev Yak-1B<\/strong> was a variant of the Yakovlev Yak-1, a Soviet single-engine fighter aircraft used extensively during World War II. The Yak-1 series was among the first successful Soviet fighter designs of the war, and the Yak-1B variant, introduced in 1942, incorporated several important improvements that enhanced its combat effectiveness. Known for its agility, speed, and reliable performance, the Yak-1B was a favorite among Soviet pilots and played a crucial role on the Eastern Front.&nbsp;<\/p>\n<p>\ud83d\udeab FONTOS!<\/p>\n<p>Product Name: Yakovlev Yak-1B<\/p>\n<p>Kateg\u00f3ria: Katonai<\/p>\n<p>This Kit Contains: Quan Guan 100287<\/p>\n<p>627 pcs Good Quality Bricks<\/p>\n<p>Size: 26.2 \u00d7 33.6 \u00d7 13 cm<\/p>\n<p>K\u00e9zi utas\u00edt\u00e1sok<\/p>\n<p>\ud83d\udcccA f\u0151szerepl\u0151 term\u00e9szete<\/p>\n<p>Introducing our proud collection named \u201cYakovlev Yak-1B\u201d you should not miss.<\/p>\n<p>The Yak-1B was powered by a Klimov M-105PF engine, which allowed it to reach a maximum speed of around 370 mph (595 km\/h) and provided strong climbing and maneuvering capabilities. The aircraft&#8217;s design included improved cockpit visibility, thanks to a modified canopy, and enhanced pilot protection with an armored backrest. The Yak-1B was armed with a 20mm ShVAK cannon mounted through the propeller hub and a 12.7mm Berezin UBS machine gun, providing significant firepower against enemy aircraft.&nbsp;<\/p><\/div>","protected":false},"excerpt":{"rendered":"<p>M\u00e1rka: QUANGUAN<br \/>\nNem: Uniszex<br \/>\nAge Range: &gt; 10 years old<br \/>\nModel Number: 100287<br \/>\nBesorol\u00e1s: \u00d6sszeszerel\u00e9s<br \/>\nM\u0171anyag blokk forma: \u00f6nz\u00e1r\u00f3 t\u00e9gla<br \/>\nAnyaga: M\u0171anyag<br \/>\nM\u0171anyag t\u00edpus: ABS<br \/>\nBricks Blocks: 627 +<br \/>\nEredeti doboza nincs<br \/>\nA term\u00e9k nem tartalmaz MAtric\u00e1t \u00e9s NYOMTATOTT alkatr\u00e9szeket. Minden nyomtatott alkatr\u00e9szt szabv\u00e1nyos alkatr\u00e9szre cser\u00e9l\u00fcnk, \u00e9s nem j\u00e1r bev\u00e9tel harmadik f\u00e9lt\u0151l sz\u00e1rmaz\u00f3 tartoz\u00e9kokkal.<\/p>","protected":false},"featured_media":60909,"comment_status":"open","ping_status":"closed","template":"","meta":{"_acf_changed":false},"product_cat":[1350,1357,372,364],"product_tag":[11101,5271,7374,374,4506,12069,389,13592,13591],"class_list":["product","first","instock","shipping-taxable","purchasable","product-type-simple"],"acf":[],"_links":{"self":[{"href":"https:\/\/mouldking.store\/hu\/wp-json\/wp\/v2\/product\/60910","targetHints":{"allow":["GET"]}}],"collection":[{"href":"https:\/\/mouldking.store\/hu\/wp-json\/wp\/v2\/product"}],"about":[{"href":"https:\/\/mouldking.store\/hu\/wp-json\/wp\/v2\/types\/product"}],"replies":[{"embeddable":true,"href":"https:\/\/mouldking.store\/hu\/wp-json\/wp\/v2\/comments?post=60910"}],"wp:featuredmedia":[{"embeddable":true,"href":"https:\/\/mouldking.store\/hu\/wp-json\/wp\/v2\/media\/60909"}],"wp:attachment":[{"href":"https:\/\/mouldking.store\/hu\/wp-json\/wp\/v2\/media?parent=60910"}],"wp:term":[{"taxonomy":"product_cat","embeddable":true,"href":"https:\/\/mouldking.store\/hu\/wp-json\/wp\/v2\/product_cat?post=60910"},{"taxonomy":"product_tag","embeddable":true,"href":"https:\/\/mouldking.store\/hu\/wp-json\/wp\/v2\/product_tag?post=60910"}],"curies":[{"name":"wp","href":"https:\/\/api.w.org\/{rel}","templated":true}]}}