{"id":60919,"date":"2024-08-29T18:30:10","date_gmt":"2024-08-29T11:30:10","guid":{"rendered":"https:\/\/mouldking.store\/shop\/ly-76099-iron-man-mk50-with-1568-pieces\/"},"modified":"2024-08-29T18:30:17","modified_gmt":"2024-08-29T11:30:17","slug":"ly-76099-iron-man-mk50-with-1568-pieces","status":"publish","type":"product","link":"https:\/\/mouldking.store\/hu\/shop\/ly-76099-iron-man-mk50-with-1568-pieces\/","title":{"rendered":"LY 76099 Iron Man MK50 with 1568 Pieces"},"content":{"rendered":"<div>\u2705LY 76099 Iron Man MK50<\/p>\n<p>\u2705 A <strong>Iron Man Mark 50 (MK50)<\/strong> suit is one of Tony Stark&#8217;s most advanced suits, featured in the Marvel Cinematic Universe (MCU) film <em>Avengers: Infinity War<\/em> (2018). Known as the &#8220;Bleeding Edge Armor,&#8221; the MK50 represents a significant leap in Iron Man suit technology due to its use of nanotechnology. This advanced suit provides Tony Stark with unprecedented versatility, adaptability, and firepower during combat situations against powerful adversaries like Thanos and his forces.&nbsp;<\/p>\n<p>\ud83d\udeab FONTOS!<\/p>\n<p>Product Name: Iron Man MK50<\/p>\n<p>Kateg\u00f3ria: Film<\/p>\n<p>This Kit Contains: LY 76099<\/p>\n<p>1568 pcs Good Quality Bricks<\/p>\n<p>Size: 18.5 \u00d7 26.5 \u00d7 35 cm<\/p>\n<p>K\u00e9zi utas\u00edt\u00e1sok<\/p>\n<p>\ud83d\udcccA f\u0151szerepl\u0151 term\u00e9szete<\/p>\n<p>Introducing our proud collection named \u201cIron Man MK50\u201d you should not miss.<\/p>\n<p>Unlike its predecessors, the MK50 suit is stored entirely within a new arc reactor mounted on Tony Stark&#8217;s chest, composed of billions of nanoparticles. When activated, these nanoparticles flow over Stark&#8217;s body, forming a complete, highly durable, and flexible suit in seconds. This design allows for instant deployment and repair, as well as on-the-fly generation of weapons, tools, and enhancements directly from the suit&#8217;s surface. The MK50 can create various weaponry, such as repulsor cannons, energy blades, shields, rocket thrusters for high-speed flight, and even specialized equipment like the foot clamps and wings used to combat Thanos.&nbsp;<\/p><\/div>","protected":false},"excerpt":{"rendered":"<p>Brand: LY<br \/>\nNem: Uniszex<br \/>\nKorhat\u00e1r: 14 \u00e9v felett<br \/>\nModel Number: 76099<br \/>\nBesorol\u00e1s: \u00d6sszeszerel\u00e9s<br \/>\nM\u0171anyag blokk forma: \u00f6nz\u00e1r\u00f3 t\u00e9gla<br \/>\nAnyaga: M\u0171anyag<br \/>\nM\u0171anyag t\u00edpus: ABS<br \/>\nBricks Blocks: 1568 +<br \/>\nEredeti doboza nincs<br \/>\nA term\u00e9k nem tartalmaz MAtric\u00e1t \u00e9s NYOMTATOTT alkatr\u00e9szeket. Minden nyomtatott alkatr\u00e9szt szabv\u00e1nyos alkatr\u00e9szre cser\u00e9l\u00fcnk, \u00e9s nem j\u00e1r bev\u00e9tel harmadik f\u00e9lt\u0151l sz\u00e1rmaz\u00f3 tartoz\u00e9kokkal.<\/p>","protected":false},"featured_media":60918,"comment_status":"open","ping_status":"closed","template":"","meta":{"_acf_changed":false},"product_cat":[1365,1848,371,581,1408],"product_tag":[11072,8452,1856,1496,13593,434],"class_list":["product","first","instock","shipping-taxable","purchasable","product-type-simple"],"acf":[],"_links":{"self":[{"href":"https:\/\/mouldking.store\/hu\/wp-json\/wp\/v2\/product\/60919","targetHints":{"allow":["GET"]}}],"collection":[{"href":"https:\/\/mouldking.store\/hu\/wp-json\/wp\/v2\/product"}],"about":[{"href":"https:\/\/mouldking.store\/hu\/wp-json\/wp\/v2\/types\/product"}],"replies":[{"embeddable":true,"href":"https:\/\/mouldking.store\/hu\/wp-json\/wp\/v2\/comments?post=60919"}],"wp:featuredmedia":[{"embeddable":true,"href":"https:\/\/mouldking.store\/hu\/wp-json\/wp\/v2\/media\/60918"}],"wp:attachment":[{"href":"https:\/\/mouldking.store\/hu\/wp-json\/wp\/v2\/media?parent=60919"}],"wp:term":[{"taxonomy":"product_cat","embeddable":true,"href":"https:\/\/mouldking.store\/hu\/wp-json\/wp\/v2\/product_cat?post=60919"},{"taxonomy":"product_tag","embeddable":true,"href":"https:\/\/mouldking.store\/hu\/wp-json\/wp\/v2\/product_tag?post=60919"}],"curies":[{"name":"wp","href":"https:\/\/api.w.org\/{rel}","templated":true}]}}