{"id":60923,"date":"2024-08-29T18:30:13","date_gmt":"2024-08-29T11:30:13","guid":{"rendered":"https:\/\/mouldking.store\/shop\/ly-76107-deadpool-with-2002-pieces\/"},"modified":"2024-08-29T18:30:22","modified_gmt":"2024-08-29T11:30:22","slug":"ly-76107-deadpool-with-2002-pieces","status":"publish","type":"product","link":"https:\/\/mouldking.store\/hu\/shop\/ly-76107-deadpool-with-2002-pieces\/","title":{"rendered":"LY 76107 Deadpool with 2002 Pieces"},"content":{"rendered":"<div>\u2705LY 76107 Deadpool<\/p>\n<p>\u2705<strong>Deadpool<\/strong> is a popular antihero from Marvel Comics, known for his irreverent humor, meta-commentary, and unconventional approach to crime-fighting. Created by artist Rob Liefeld and writer Fabian Nicieza, Deadpool first appeared in <em>New Mutants<\/em> #98 in 1990.&nbsp;<\/p>\n<p>\ud83d\udeab FONTOS!<\/p>\n<p>Product Name: Deadpool<\/p>\n<p>Kateg\u00f3ria: Film<\/p>\n<p>This Kit Contains: LY 76107<\/p>\n<p>2002 pcs Good Quality Bricks<\/p>\n<p>Size: 27.5 \u00d7 21 \u00d7 35 cm<\/p>\n<p>K\u00e9zi utas\u00edt\u00e1sok<\/p>\n<p>\ud83d\udcccA f\u0151szerepl\u0151 term\u00e9szete<\/p>\n<p>Introducing our proud collection named \u201cDeadpool\u201d you should not miss.<\/p>\n<p>His costume is typically a red and black suit that includes a full mask, which conceals his scarred face and reflects his distinctive, flamboyant style.&nbsp; Deadpool has been featured in various comic storylines, such as &#8220;The Deadpool Corps&#8221; and &#8220;Deadpool vs. Thanos.&#8221; His character is also known for his frequent crossovers with other Marvel characters and teams.&nbsp;<\/p><\/div>","protected":false},"excerpt":{"rendered":"<p>Brand: LY<br \/>\nNem: Uniszex<br \/>\nKorhat\u00e1r: 14 \u00e9v felett<br \/>\nModel Number: 76107<br \/>\nBesorol\u00e1s: \u00d6sszeszerel\u00e9s<br \/>\nM\u0171anyag blokk forma: \u00f6nz\u00e1r\u00f3 t\u00e9gla<br \/>\nAnyaga: M\u0171anyag<br \/>\nM\u0171anyag t\u00edpus: ABS<br \/>\nBricks Blocks: 2002 +<br \/>\nEredeti doboza nincs<br \/>\nA term\u00e9k nem tartalmaz MAtric\u00e1t \u00e9s NYOMTATOTT alkatr\u00e9szeket. Minden nyomtatott alkatr\u00e9szt szabv\u00e1nyos alkatr\u00e9szre cser\u00e9l\u00fcnk, \u00e9s nem j\u00e1r bev\u00e9tel harmadik f\u00e9lt\u0151l sz\u00e1rmaz\u00f3 tartoz\u00e9kokkal.<\/p>","protected":false},"featured_media":60922,"comment_status":"open","ping_status":"closed","template":"","meta":{"_acf_changed":false},"product_cat":[1365,1848,371,581,1408],"product_tag":[11148,11072,8452,12759,1496,434],"class_list":["product","first","instock","shipping-taxable","purchasable","product-type-simple"],"acf":[],"_links":{"self":[{"href":"https:\/\/mouldking.store\/hu\/wp-json\/wp\/v2\/product\/60923","targetHints":{"allow":["GET"]}}],"collection":[{"href":"https:\/\/mouldking.store\/hu\/wp-json\/wp\/v2\/product"}],"about":[{"href":"https:\/\/mouldking.store\/hu\/wp-json\/wp\/v2\/types\/product"}],"replies":[{"embeddable":true,"href":"https:\/\/mouldking.store\/hu\/wp-json\/wp\/v2\/comments?post=60923"}],"wp:featuredmedia":[{"embeddable":true,"href":"https:\/\/mouldking.store\/hu\/wp-json\/wp\/v2\/media\/60922"}],"wp:attachment":[{"href":"https:\/\/mouldking.store\/hu\/wp-json\/wp\/v2\/media?parent=60923"}],"wp:term":[{"taxonomy":"product_cat","embeddable":true,"href":"https:\/\/mouldking.store\/hu\/wp-json\/wp\/v2\/product_cat?post=60923"},{"taxonomy":"product_tag","embeddable":true,"href":"https:\/\/mouldking.store\/hu\/wp-json\/wp\/v2\/product_tag?post=60923"}],"curies":[{"name":"wp","href":"https:\/\/api.w.org\/{rel}","templated":true}]}}