{"id":60942,"date":"2024-08-29T18:31:06","date_gmt":"2024-08-29T11:31:06","guid":{"rendered":"https:\/\/mouldking.store\/shop\/wange-4516-dicker-max-with-632-pieces\/"},"modified":"2024-08-29T18:31:11","modified_gmt":"2024-08-29T11:31:11","slug":"wange-4516-dicker-max-with-632-pieces","status":"publish","type":"product","link":"https:\/\/mouldking.store\/hu\/shop\/wange-4516-dicker-max-with-632-pieces\/","title":{"rendered":"WANGE 4516 Dicker Max with 632 Pieces"},"content":{"rendered":"<div>\u2705WANGE 4516 Dicker Max<\/p>\n<p>\u2705 A <strong>Dicker Max<\/strong> (German for &#8220;Fat Max&#8221;) was a German self-propelled gun and tank destroyer developed during World War II. Officially designated as the <strong>12.8 cm Selbstfahrlafette auf VK 3001(H)<\/strong>, it was a prototype heavy tank destroyer based on the chassis of the VK 3001 (H), an early version of what would become the Panzerkampfwagen VI Tiger. The Dicker Max was designed to destroy fortified positions and enemy tanks at long ranges, thanks to its powerful 12.8 cm PaK 40 L\/61 anti-tank gun.&nbsp;<\/p>\n<p>\ud83d\udeab FONTOS!<\/p>\n<p>Product Name: Dicker Max<\/p>\n<p>Kateg\u00f3ria: Katonai<\/p>\n<p>This Kit Contains: WANGE 4516<\/p>\n<p>632 pcs Good Quality Bricks<\/p>\n<p>Size: 27.1 \u00d7 10.9 \u00d7 16 cm<\/p>\n<p>K\u00e9zi utas\u00edt\u00e1sok<\/p>\n<p>\ud83d\udcccA f\u0151szerepl\u0151 term\u00e9szete<\/p>\n<p>Introducing our proud collection named \u201cDicker Max\u201d you should not miss.<\/p>\n<p>The Dicker Max saw limited action during its deployment, primarily on the Eastern Front. Due to the combination of technical challenges, limited production, and the emergence of more advanced tank destroyers such as the StuG III, Jagdpanzer IV, and later models like the Jagdpanther, the Dicker Max was never mass-produced.&nbsp;<\/p><\/div>","protected":false},"excerpt":{"rendered":"<p>M\u00e1rka: WANGE<br \/>\nNem: Uniszex<br \/>\nKoroszt\u00e1ly: &gt; 6 \u00e9v<br \/>\nModel Number: 4516<br \/>\nBesorol\u00e1s: \u00d6sszeszerel\u00e9s<br \/>\nM\u0171anyag blokk forma: \u00f6nz\u00e1r\u00f3 t\u00e9gla<br \/>\nAnyaga: M\u0171anyag<br \/>\nM\u0171anyag t\u00edpus: ABS<br \/>\nBricks Blocks: 632 +<br \/>\nEredeti doboza nincs<br \/>\nA term\u00e9k nem tartalmaz MAtric\u00e1t \u00e9s NYOMTATOTT alkatr\u00e9szeket. Minden nyomtatott alkatr\u00e9szt szabv\u00e1nyos alkatr\u00e9szre cser\u00e9l\u00fcnk, \u00e9s nem j\u00e1r bev\u00e9tel harmadik f\u00e9lt\u0151l sz\u00e1rmaz\u00f3 tartoz\u00e9kokkal.<\/p>","protected":false},"featured_media":60941,"comment_status":"open","ping_status":"closed","template":"","meta":{"_acf_changed":false},"product_cat":[1350,1357,372,364],"product_tag":[13595,13596,374,485,389],"class_list":["product","first","instock","shipping-taxable","purchasable","product-type-simple"],"acf":[],"_links":{"self":[{"href":"https:\/\/mouldking.store\/hu\/wp-json\/wp\/v2\/product\/60942","targetHints":{"allow":["GET"]}}],"collection":[{"href":"https:\/\/mouldking.store\/hu\/wp-json\/wp\/v2\/product"}],"about":[{"href":"https:\/\/mouldking.store\/hu\/wp-json\/wp\/v2\/types\/product"}],"replies":[{"embeddable":true,"href":"https:\/\/mouldking.store\/hu\/wp-json\/wp\/v2\/comments?post=60942"}],"wp:featuredmedia":[{"embeddable":true,"href":"https:\/\/mouldking.store\/hu\/wp-json\/wp\/v2\/media\/60941"}],"wp:attachment":[{"href":"https:\/\/mouldking.store\/hu\/wp-json\/wp\/v2\/media?parent=60942"}],"wp:term":[{"taxonomy":"product_cat","embeddable":true,"href":"https:\/\/mouldking.store\/hu\/wp-json\/wp\/v2\/product_cat?post=60942"},{"taxonomy":"product_tag","embeddable":true,"href":"https:\/\/mouldking.store\/hu\/wp-json\/wp\/v2\/product_tag?post=60942"}],"curies":[{"name":"wp","href":"https:\/\/api.w.org\/{rel}","templated":true}]}}