{"id":61129,"date":"2024-10-03T17:28:32","date_gmt":"2024-10-03T10:28:32","guid":{"rendered":"https:\/\/mouldking.store\/shop\/create-with-passion-212225-odins-ax-with-1322-pieces\/"},"modified":"2024-10-03T17:28:39","modified_gmt":"2024-10-03T10:28:39","slug":"create-with-passion-212225-odins-ax-with-1322-pieces","status":"publish","type":"product","link":"https:\/\/mouldking.store\/hu\/shop\/create-with-passion-212225-odins-ax-with-1322-pieces\/","title":{"rendered":"CREATE WITH PASSION 212225 Odin&#8217;s Ax with 1322 Pieces"},"content":{"rendered":"<div>\u2705CREATE WITH PASSION 212225 Odin&#8217;s Ax<\/p>\n<p>\u2705In Norse mythology, Odin is known as the All-Father and is associated with wisdom, war, and death. While Odin is more famously associated with his spear, Gungnir, or his two ravens, Hugin and Munin, the concept of &#8220;Odin&#8217;s Ax&#8221; might symbolize a powerful and mythical weapon. Axes were significant in Norse culture, commonly used in battle and as ceremonial items.<\/p>\n<p>\ud83d\udeab FONTOS!<\/p>\n<p>Product Name: Odin&#8217;s Ax<\/p>\n<p>Kateg\u00f3ria: Film<\/p>\n<p>This Kit Contains: CREATE WITH PASSION 212225<\/p>\n<p>1322 pcs Good Quality Bricks<\/p>\n<p>Size: 42.5 x 20 x 36cm<\/p>\n<p>K\u00e9zi utas\u00edt\u00e1sok<\/p>\n<p>\ud83d\udcccA f\u0151szerepl\u0151 term\u00e9szete<\/p>\n<p>Introducing our proud collection named \u201cOdin&#8217;s Ax\u201d you should not miss.<\/p>\n<p>&nbsp;In the context of Norse mythology, &#8220;Odin&#8217;s Ax&#8221; could be imagined as a powerful symbolic weapon attributed to Odin, the chief god in the Norse pantheon. While Odin is more commonly associated with his spear, Gungnir, the concept of an ax bearing his name would fit well within the lore of Viking weaponry and symbolism.&nbsp;<\/p><\/div>","protected":false},"excerpt":{"rendered":"<p>Brand: CREATE WITH PASSION<br \/>\nNem: Uniszex<br \/>\nKorhat\u00e1r: 14 \u00e9v felett<br \/>\nModel Number: 212225<br \/>\nBesorol\u00e1s: \u00d6sszeszerel\u00e9s<br \/>\nM\u0171anyag blokk forma: \u00f6nz\u00e1r\u00f3 t\u00e9gla<br \/>\nAnyaga: M\u0171anyag<br \/>\nM\u0171anyag t\u00edpus: ABS<br \/>\nBricks Blocks: 1322 +<br \/>\nEredeti doboza nincs<br \/>\nA term\u00e9k nem tartalmaz MAtric\u00e1t \u00e9s NYOMTATOTT alkatr\u00e9szeket. Minden nyomtatott alkatr\u00e9szt szabv\u00e1nyos alkatr\u00e9szre cser\u00e9l\u00fcnk, \u00e9s nem j\u00e1r bev\u00e9tel harmadik f\u00e9lt\u0151l sz\u00e1rmaz\u00f3 tartoz\u00e9kokkal.<\/p>","protected":false},"featured_media":61128,"comment_status":"open","ping_status":"closed","template":"","meta":{"_acf_changed":false},"product_cat":[1365,371,581,1408],"product_tag":[11072,8452,434,13607,13606],"class_list":["product","first","instock","shipping-taxable","purchasable","product-type-simple"],"acf":[],"_links":{"self":[{"href":"https:\/\/mouldking.store\/hu\/wp-json\/wp\/v2\/product\/61129","targetHints":{"allow":["GET"]}}],"collection":[{"href":"https:\/\/mouldking.store\/hu\/wp-json\/wp\/v2\/product"}],"about":[{"href":"https:\/\/mouldking.store\/hu\/wp-json\/wp\/v2\/types\/product"}],"replies":[{"embeddable":true,"href":"https:\/\/mouldking.store\/hu\/wp-json\/wp\/v2\/comments?post=61129"}],"wp:featuredmedia":[{"embeddable":true,"href":"https:\/\/mouldking.store\/hu\/wp-json\/wp\/v2\/media\/61128"}],"wp:attachment":[{"href":"https:\/\/mouldking.store\/hu\/wp-json\/wp\/v2\/media?parent=61129"}],"wp:term":[{"taxonomy":"product_cat","embeddable":true,"href":"https:\/\/mouldking.store\/hu\/wp-json\/wp\/v2\/product_cat?post=61129"},{"taxonomy":"product_tag","embeddable":true,"href":"https:\/\/mouldking.store\/hu\/wp-json\/wp\/v2\/product_tag?post=61129"}],"curies":[{"name":"wp","href":"https:\/\/api.w.org\/{rel}","templated":true}]}}