{"id":61174,"date":"2024-10-03T17:44:19","date_gmt":"2024-10-03T10:44:19","guid":{"rendered":"https:\/\/mouldking.store\/shop\/moc-factory-89093-moana-heihei-with-266-pieces\/"},"modified":"2025-12-16T20:59:01","modified_gmt":"2025-12-16T13:59:01","slug":"moc-factory-89093-moana-heihei-with-266-pieces","status":"publish","type":"product","link":"https:\/\/mouldking.store\/hu\/shop\/moc-factory-89093-moana-heihei-with-266-pieces\/","title":{"rendered":"MOC Factory 89093 Moana Heihei with 266 Pieces"},"content":{"rendered":"<div>\u2705 MOC-89093 Moana Heihei<\/p>\n<p>\u2705<strong>Heihei<\/strong> is a quirky and memorable character from Disney&#8217;s animated movie <em>&#8220;Moana.&#8221;<\/em> He is a small, eccentric rooster that accompanies Moana on her journey across the ocean. Despite being somewhat clueless and causing trouble throughout the adventure, Heihei provides comic relief and has become a fan favorite.<\/p>\n<p>\ud83d\udeab FONTOS!<\/p>\n<p>Product Name: Moana Heihei<\/p>\n<p>Kateg\u00f3ria: Film<\/p>\n<p>This Kit Contains: C10048Y01<\/p>\n<p>266 pcs Good Quality Bricks<\/p>\n<p>Size: 6.8 x 19 x 23 cm<\/p>\n<p>S\u00faly: 0,16 kg<\/p>\n<p>PDF \u00datmutat\u00f3<\/p>\n<p>\ud83d\udcccA f\u0151szerepl\u0151 term\u00e9szete<\/p>\n<p>Introducing our proud collection named \u201cMoana Heihei\u201d you should not miss.<\/p>\n<p>Heihei is a small, slender rooster with a somewhat scrawny and unkempt appearance. His body is primarily covered in <strong>bright red, orange, and yellow feathers<\/strong>. His feathers are scruffy and uneven, adding to his comical and bewildered look. &nbsp; Heihei&#8217;s head is his most distinctive feature. It is covered in <strong>red feathers<\/strong>, with a single feather standing straight up on top like a tuft. His <strong>comb<\/strong> (the fleshy crest on top of his head) is a darker shade of red, and he has a thin neck that often seems to bend or twist at odd angles.&nbsp;<\/div>","protected":false},"excerpt":{"rendered":"<p>M\u00e1rka: MOC Factory<br \/>\nNem: Uniszex<br \/>\nKoroszt\u00e1ly: &gt; 6 \u00e9v<br \/>\nModel Number: 89093<br \/>\nBesorol\u00e1s: \u00d6sszeszerel\u00e9s<br \/>\nM\u0171anyag blokk forma: \u00f6nz\u00e1r\u00f3 t\u00e9gla<br \/>\nAnyaga: M\u0171anyag<br \/>\nM\u0171anyag t\u00edpus: ABS<br \/>\nBricks Blocks: 266 +<br \/>\nEredeti doboza nincs<br \/>\nA term\u00e9k nem tartalmaz MAtric\u00e1t \u00e9s NYOMTATOTT alkatr\u00e9szeket. Minden nyomtatott alkatr\u00e9szt szabv\u00e1nyos alkatr\u00e9szre cser\u00e9l\u00fcnk, \u00e9s nem j\u00e1r bev\u00e9tel harmadik f\u00e9lt\u0151l sz\u00e1rmaz\u00f3 tartoz\u00e9kokkal.<\/p>","protected":false},"featured_media":61173,"comment_status":"open","ping_status":"closed","template":"","meta":{"_acf_changed":false},"product_cat":[1365,371,581,1408],"product_tag":[11085,2384,11072,8452,1548,13613,13612,434,13614],"class_list":["product","first","instock","shipping-taxable","purchasable","product-type-simple"],"acf":[],"_links":{"self":[{"href":"https:\/\/mouldking.store\/hu\/wp-json\/wp\/v2\/product\/61174","targetHints":{"allow":["GET"]}}],"collection":[{"href":"https:\/\/mouldking.store\/hu\/wp-json\/wp\/v2\/product"}],"about":[{"href":"https:\/\/mouldking.store\/hu\/wp-json\/wp\/v2\/types\/product"}],"replies":[{"embeddable":true,"href":"https:\/\/mouldking.store\/hu\/wp-json\/wp\/v2\/comments?post=61174"}],"wp:featuredmedia":[{"embeddable":true,"href":"https:\/\/mouldking.store\/hu\/wp-json\/wp\/v2\/media\/61173"}],"wp:attachment":[{"href":"https:\/\/mouldking.store\/hu\/wp-json\/wp\/v2\/media?parent=61174"}],"wp:term":[{"taxonomy":"product_cat","embeddable":true,"href":"https:\/\/mouldking.store\/hu\/wp-json\/wp\/v2\/product_cat?post=61174"},{"taxonomy":"product_tag","embeddable":true,"href":"https:\/\/mouldking.store\/hu\/wp-json\/wp\/v2\/product_tag?post=61174"}],"curies":[{"name":"wp","href":"https:\/\/api.w.org\/{rel}","templated":true}]}}