{"id":61180,"date":"2024-10-03T17:44:26","date_gmt":"2024-10-03T10:44:26","guid":{"rendered":"https:\/\/mouldking.store\/shop\/moc-factory-89092-avatar-amp-suit-quaritch-with-600-pieces\/"},"modified":"2025-12-16T20:59:01","modified_gmt":"2025-12-16T13:59:01","slug":"moc-factory-89092-avatar-amp-suit-quaritch-with-600-pieces","status":"publish","type":"product","link":"https:\/\/mouldking.store\/hu\/shop\/moc-factory-89092-avatar-amp-suit-quaritch-with-600-pieces\/","title":{"rendered":"MOC Factory 89092 Avatar AMP Suit Quaritch with 600 Pieces"},"content":{"rendered":"<div>\u2705 MOC-89092 Avatar AMP Suit Quaritch<\/p>\n<p>\u2705 In <em>Avatar<\/em> (2009) and its sequels, the <strong>AMP Suit<\/strong> (Amplified Mobility Platform) is a powerful exoskeleton used by the human forces of the RDA (Resources Development Administration) on Pandora. Colonel <strong>Miles Quaritch<\/strong>, the main antagonist in the original film, famously pilots an AMP Suit in the climactic battle against Jake Sully and the Na\u2019vi.&nbsp;<\/p>\n<p>\ud83d\udeab FONTOS!<\/p>\n<p>Product Name: Avatar AMP Suit Quaritch<\/p>\n<p>Kateg\u00f3ria: Film<\/p>\n<p>This Kit Contains: C10056<\/p>\n<p>600 pcs Good Quality Bricks<\/p>\n<p>Size:&nbsp; 16.5 x 16.5 x 22.2 cm<\/p>\n<p>S\u00faly: 0,3 kg<\/p>\n<p>PDF \u00datmutat\u00f3<\/p>\n<p>\ud83d\udcccA f\u0151szerepl\u0151 term\u00e9szete<\/p>\n<p>Introducing our proud collection named \u201cAvatar AMP Suit Quaritch\u201d you should not miss.<\/p>\n<p>The AMP Suit is a large, human-operated exoskeleton designed for combat, heavy lifting, and various field operations on Pandora. It gives the wearer enhanced strength, mobility, and firepower, making it a formidable tool in the RDA\u2019s arsenal.&nbsp;<\/p><\/div>","protected":false},"excerpt":{"rendered":"<p>M\u00e1rka: MOC Factory<br \/>\nNem: Uniszex<br \/>\nKoroszt\u00e1ly: &gt; 6 \u00e9v<br \/>\nModel Number: 89092<br \/>\nBesorol\u00e1s: \u00d6sszeszerel\u00e9s<br \/>\nM\u0171anyag blokk forma: \u00f6nz\u00e1r\u00f3 t\u00e9gla<br \/>\nAnyaga: M\u0171anyag<br \/>\nM\u0171anyag t\u00edpus: ABS<br \/>\nT\u00e9gl\u00e1k Blokkok: 600+<br \/>\nEredeti doboza nincs<br \/>\nA term\u00e9k nem tartalmaz MAtric\u00e1t \u00e9s NYOMTATOTT alkatr\u00e9szeket. Minden nyomtatott alkatr\u00e9szt szabv\u00e1nyos alkatr\u00e9szre cser\u00e9l\u00fcnk, \u00e9s nem j\u00e1r bev\u00e9tel harmadik f\u00e9lt\u0151l sz\u00e1rmaz\u00f3 tartoz\u00e9kokkal.<\/p>","protected":false},"featured_media":61179,"comment_status":"open","ping_status":"closed","template":"","meta":{"_acf_changed":false},"product_cat":[1365,371,581,1408],"product_tag":[13615,2913,11072,8452,434,13616,8564],"class_list":["product","first","instock","shipping-taxable","purchasable","product-type-simple"],"acf":[],"_links":{"self":[{"href":"https:\/\/mouldking.store\/hu\/wp-json\/wp\/v2\/product\/61180","targetHints":{"allow":["GET"]}}],"collection":[{"href":"https:\/\/mouldking.store\/hu\/wp-json\/wp\/v2\/product"}],"about":[{"href":"https:\/\/mouldking.store\/hu\/wp-json\/wp\/v2\/types\/product"}],"replies":[{"embeddable":true,"href":"https:\/\/mouldking.store\/hu\/wp-json\/wp\/v2\/comments?post=61180"}],"wp:featuredmedia":[{"embeddable":true,"href":"https:\/\/mouldking.store\/hu\/wp-json\/wp\/v2\/media\/61179"}],"wp:attachment":[{"href":"https:\/\/mouldking.store\/hu\/wp-json\/wp\/v2\/media?parent=61180"}],"wp:term":[{"taxonomy":"product_cat","embeddable":true,"href":"https:\/\/mouldking.store\/hu\/wp-json\/wp\/v2\/product_cat?post=61180"},{"taxonomy":"product_tag","embeddable":true,"href":"https:\/\/mouldking.store\/hu\/wp-json\/wp\/v2\/product_tag?post=61180"}],"curies":[{"name":"wp","href":"https:\/\/api.w.org\/{rel}","templated":true}]}}