{"id":61194,"date":"2024-10-03T17:44:58","date_gmt":"2024-10-03T10:44:58","guid":{"rendered":"https:\/\/mouldking.store\/shop\/moc-factory-89091-fallout-winterized-t-51b-power-armor-with-1289-pieces\/"},"modified":"2025-12-16T20:59:01","modified_gmt":"2025-12-16T13:59:01","slug":"moc-factory-89091-fallout-winterized-t-51b-power-armor-with-1289-pieces","status":"publish","type":"product","link":"https:\/\/mouldking.store\/hu\/shop\/moc-factory-89091-fallout-winterized-t-51b-power-armor-with-1289-pieces\/","title":{"rendered":"MOC Factory 89091 Fallout Winterized T-51b Power Armor with 1289 Pieces"},"content":{"rendered":"<div>\u2705 MOC-89091 Fallout Winterized T-51b Power Armor<\/p>\n<p>\u2705 A <strong>Winterized T-51b Power Armor<\/strong> is a distinctive variant of the T-51b power armor featured in the <em>Fallout<\/em> series. It is primarily associated with <em>Fallout 3<\/em>, where it is found in the game&#8217;s &#8220;Operation: Anchorage&#8221; DLC. This variant of the T-51b power armor is known for its unique appearance and special attributes tailored for cold environments.&nbsp;<\/p>\n<p>\ud83d\udeab FONTOS!<\/p>\n<p>Product Name: Fallout Winterized T-51b Power Armor<\/p>\n<p>Kateg\u00f3ria: Film<\/p>\n<p>This Kit Contains: C10057<\/p>\n<p>1289 pcs Good Quality Bricks<\/p>\n<p>Size: 20 x 16.3 x 30 cm<\/p>\n<p>Weight: 0.86 kg<\/p>\n<p>PDF \u00datmutat\u00f3<\/p>\n<p>\ud83d\udcccA f\u0151szerepl\u0151 term\u00e9szete<\/p>\n<p>Introducing our proud collection named \u201cFallout Winterized T-51b Power Armor\u201d you should not miss.<\/p>\n<p>The Winterized T-51b Power Armor is a fan-favorite due to its unique appearance and thematic relevance. It stands out from other T-51b variants with its special winterized design and is appreciated for its aesthetic and functional advantages in the game.&nbsp;<\/p><\/div>","protected":false},"excerpt":{"rendered":"<p>M\u00e1rka: MOC Factory<br \/>\nNem: Uniszex<br \/>\nKoroszt\u00e1ly: &gt; 6 \u00e9v<br \/>\nModel Number: 89091<br \/>\nBesorol\u00e1s: \u00d6sszeszerel\u00e9s<br \/>\nM\u0171anyag blokk forma: \u00f6nz\u00e1r\u00f3 t\u00e9gla<br \/>\nAnyaga: M\u0171anyag<br \/>\nM\u0171anyag t\u00edpus: ABS<br \/>\nBricks Blocks: 1289 +<br \/>\nEredeti doboza nincs<br \/>\nA term\u00e9k nem tartalmaz MAtric\u00e1t \u00e9s NYOMTATOTT alkatr\u00e9szeket. Minden nyomtatott alkatr\u00e9szt szabv\u00e1nyos alkatr\u00e9szre cser\u00e9l\u00fcnk, \u00e9s nem j\u00e1r bev\u00e9tel harmadik f\u00e9lt\u0151l sz\u00e1rmaz\u00f3 tartoz\u00e9kokkal.<\/p>","protected":false},"featured_media":61193,"comment_status":"open","ping_status":"closed","template":"","meta":{"_acf_changed":false},"product_cat":[1365,371,581,1408],"product_tag":[11148,11072,8452,434,7978,590,13618,13617],"class_list":["product","first","instock","shipping-taxable","purchasable","product-type-simple"],"acf":[],"_links":{"self":[{"href":"https:\/\/mouldking.store\/hu\/wp-json\/wp\/v2\/product\/61194","targetHints":{"allow":["GET"]}}],"collection":[{"href":"https:\/\/mouldking.store\/hu\/wp-json\/wp\/v2\/product"}],"about":[{"href":"https:\/\/mouldking.store\/hu\/wp-json\/wp\/v2\/types\/product"}],"replies":[{"embeddable":true,"href":"https:\/\/mouldking.store\/hu\/wp-json\/wp\/v2\/comments?post=61194"}],"wp:featuredmedia":[{"embeddable":true,"href":"https:\/\/mouldking.store\/hu\/wp-json\/wp\/v2\/media\/61193"}],"wp:attachment":[{"href":"https:\/\/mouldking.store\/hu\/wp-json\/wp\/v2\/media?parent=61194"}],"wp:term":[{"taxonomy":"product_cat","embeddable":true,"href":"https:\/\/mouldking.store\/hu\/wp-json\/wp\/v2\/product_cat?post=61194"},{"taxonomy":"product_tag","embeddable":true,"href":"https:\/\/mouldking.store\/hu\/wp-json\/wp\/v2\/product_tag?post=61194"}],"curies":[{"name":"wp","href":"https:\/\/api.w.org\/{rel}","templated":true}]}}