{"id":61225,"date":"2024-10-04T17:52:32","date_gmt":"2024-10-04T10:52:32","guid":{"rendered":"https:\/\/mouldking.store\/shop\/meilian-jx105-christmas-tree-with-454-pieces\/"},"modified":"2024-10-04T17:52:38","modified_gmt":"2024-10-04T10:52:38","slug":"meilian-jx105-christmas-tree-with-454-pieces","status":"publish","type":"product","link":"https:\/\/mouldking.store\/hu\/shop\/meilian-jx105-christmas-tree-with-454-pieces\/","title":{"rendered":"MEILIAN JX105 CHRISTMAS TREE with 454 Pieces"},"content":{"rendered":"<div>\u2705Meilian JX105 CHRISTMAS TREE<\/p>\n<p>\u2705 A Christmas tree is one of the most iconic symbols of the holiday season. It\u2019s traditionally an evergreen tree, like a fir or spruce, decorated with ornaments, lights, and a variety of festive adornments.&nbsp;<\/p>\n<p>\ud83d\udeab FONTOS!<\/p>\n<p>Product Name: CHRISTMAS TREE<\/p>\n<p>Kateg\u00f3ria: Alkot\u00f3<\/p>\n<p>This Kit Contains: Meilian JX105<\/p>\n<p>454 pcs Good Quality Bricks<\/p>\n<p>Size: 12.7 x 23cm<\/p>\n<p>K\u00e9zi utas\u00edt\u00e1sok<\/p>\n<p>\ud83d\udcccA f\u0151szerepl\u0151 term\u00e9szete<\/p>\n<p>Introducing our proud collection named \u201cCHRISTMAS TREE\u201d you should not miss.<\/p>\n<p>&nbsp;The tree itself would stand tall and lush, with deep green branches. At the top, a star or angel often sits as a crowning symbol, shining brightly above the rest of the decorations. The tree is adorned with strands of twinkling fairy lights, either in warm white or multicolored, weaving through the branches and illuminating the space with a cozy glow.&nbsp;<\/p><\/div>","protected":false},"excerpt":{"rendered":"<p>Brand: MEILIAN<br \/>\nNem: Uniszex<br \/>\nKoroszt\u00e1ly: &gt; 6 \u00e9v<br \/>\nModel Number: JX105<br \/>\nBesorol\u00e1s: \u00d6sszeszerel\u00e9s<br \/>\nM\u0171anyag blokk forma: \u00f6nz\u00e1r\u00f3 t\u00e9gla<br \/>\nAnyaga: M\u0171anyag<br \/>\nM\u0171anyag t\u00edpus: ABS<br \/>\nBricks Blocks: 454 +<br \/>\nEredeti doboza nincs<br \/>\nA term\u00e9k nem tartalmaz MAtric\u00e1t \u00e9s NYOMTATOTT alkatr\u00e9szeket. Minden nyomtatott alkatr\u00e9szt szabv\u00e1nyos alkatr\u00e9szre cser\u00e9l\u00fcnk, \u00e9s nem j\u00e1r bev\u00e9tel harmadik f\u00e9lt\u0151l sz\u00e1rmaz\u00f3 tartoz\u00e9kokkal.<\/p>","protected":false},"featured_media":61224,"comment_status":"open","ping_status":"closed","template":"","meta":{"_acf_changed":false},"product_cat":[1365,371],"product_tag":[1066,3381,11072,8452,5983],"class_list":["product","first","instock","shipping-taxable","purchasable","product-type-simple"],"acf":[],"_links":{"self":[{"href":"https:\/\/mouldking.store\/hu\/wp-json\/wp\/v2\/product\/61225","targetHints":{"allow":["GET"]}}],"collection":[{"href":"https:\/\/mouldking.store\/hu\/wp-json\/wp\/v2\/product"}],"about":[{"href":"https:\/\/mouldking.store\/hu\/wp-json\/wp\/v2\/types\/product"}],"replies":[{"embeddable":true,"href":"https:\/\/mouldking.store\/hu\/wp-json\/wp\/v2\/comments?post=61225"}],"wp:featuredmedia":[{"embeddable":true,"href":"https:\/\/mouldking.store\/hu\/wp-json\/wp\/v2\/media\/61224"}],"wp:attachment":[{"href":"https:\/\/mouldking.store\/hu\/wp-json\/wp\/v2\/media?parent=61225"}],"wp:term":[{"taxonomy":"product_cat","embeddable":true,"href":"https:\/\/mouldking.store\/hu\/wp-json\/wp\/v2\/product_cat?post=61225"},{"taxonomy":"product_tag","embeddable":true,"href":"https:\/\/mouldking.store\/hu\/wp-json\/wp\/v2\/product_tag?post=61225"}],"curies":[{"name":"wp","href":"https:\/\/api.w.org\/{rel}","templated":true}]}}