{"id":61233,"date":"2024-10-04T17:52:57","date_gmt":"2024-10-04T10:52:57","guid":{"rendered":"https:\/\/mouldking.store\/shop\/dumeca-d1003-christmas-gift-with-538-pieces\/"},"modified":"2024-10-04T17:53:02","modified_gmt":"2024-10-04T10:53:02","slug":"dumeca-d1003-christmas-gift-with-538-pieces","status":"publish","type":"product","link":"https:\/\/mouldking.store\/hu\/shop\/dumeca-d1003-christmas-gift-with-538-pieces\/","title":{"rendered":"Dumeca D1003 Christmas Gift with 538 Pieces"},"content":{"rendered":"<div>\u2705Dumeca D1003 Christmas Gift<\/p>\n<p>\ud83d\udeab FONTOS!<\/p>\n<p>Product Name: Christmas Gift<\/p>\n<p>Kateg\u00f3ria: Alkot\u00f3<\/p>\n<p>This Kit Contains: Dumeca D1003<\/p>\n<p>538 pcs Good Quality Bricks<\/p>\n<p>K\u00e9zi utas\u00edt\u00e1sok<\/p>\n<p>\ud83d\udcccA f\u0151szerepl\u0151 term\u00e9szete<\/p>\n<p>Introducing our proud collection named \u201cChristmas Gift\u201d you should not miss.<\/p>\n<p>&nbsp;A Christmas gift is a thoughtful token exchanged during the holiday season, symbolizing love, appreciation, and the spirit of giving. Wrapped in festive paper, the gift is often adorned with ribbons, bows, or tags with the recipient&#8217;s name, creating an exciting anticipation for the person receiving it.&nbsp;<\/p><\/div>","protected":false},"excerpt":{"rendered":"<p>Brand: Dumeca<br \/>\nNem: Uniszex<br \/>\nKoroszt\u00e1ly: &gt; 6 \u00e9v<br \/>\nModel Number: D1003<br \/>\nBesorol\u00e1s: \u00d6sszeszerel\u00e9s<br \/>\nM\u0171anyag blokk forma: \u00f6nz\u00e1r\u00f3 t\u00e9gla<br \/>\nAnyaga: M\u0171anyag<br \/>\nM\u0171anyag t\u00edpus: ABS<br \/>\nBricks Blocks: 538 +<br \/>\nEredeti doboza nincs<br \/>\nA term\u00e9k nem tartalmaz MAtric\u00e1t \u00e9s NYOMTATOTT alkatr\u00e9szeket. Minden nyomtatott alkatr\u00e9szt szabv\u00e1nyos alkatr\u00e9szre cser\u00e9l\u00fcnk, \u00e9s nem j\u00e1r bev\u00e9tel harmadik f\u00e9lt\u0151l sz\u00e1rmaz\u00f3 tartoz\u00e9kokkal.<\/p>","protected":false},"featured_media":61232,"comment_status":"open","ping_status":"closed","template":"","meta":{"_acf_changed":false},"product_cat":[1365,371],"product_tag":[1066,13621,11072,8452,4948],"class_list":["product","first","instock","shipping-taxable","purchasable","product-type-simple"],"acf":[],"_links":{"self":[{"href":"https:\/\/mouldking.store\/hu\/wp-json\/wp\/v2\/product\/61233","targetHints":{"allow":["GET"]}}],"collection":[{"href":"https:\/\/mouldking.store\/hu\/wp-json\/wp\/v2\/product"}],"about":[{"href":"https:\/\/mouldking.store\/hu\/wp-json\/wp\/v2\/types\/product"}],"replies":[{"embeddable":true,"href":"https:\/\/mouldking.store\/hu\/wp-json\/wp\/v2\/comments?post=61233"}],"wp:featuredmedia":[{"embeddable":true,"href":"https:\/\/mouldking.store\/hu\/wp-json\/wp\/v2\/media\/61232"}],"wp:attachment":[{"href":"https:\/\/mouldking.store\/hu\/wp-json\/wp\/v2\/media?parent=61233"}],"wp:term":[{"taxonomy":"product_cat","embeddable":true,"href":"https:\/\/mouldking.store\/hu\/wp-json\/wp\/v2\/product_cat?post=61233"},{"taxonomy":"product_tag","embeddable":true,"href":"https:\/\/mouldking.store\/hu\/wp-json\/wp\/v2\/product_tag?post=61233"}],"curies":[{"name":"wp","href":"https:\/\/api.w.org\/{rel}","templated":true}]}}