{"id":61246,"date":"2024-10-04T17:53:47","date_gmt":"2024-10-04T10:53:47","guid":{"rendered":"https:\/\/mouldking.store\/shop\/mould-king-11014-roller-coaster-with-motor-with-3646-pieces\/"},"modified":"2024-10-04T17:53:53","modified_gmt":"2024-10-04T10:53:53","slug":"mould-king-11014-roller-coaster-with-motor-with-3646-pieces","status":"publish","type":"product","link":"https:\/\/mouldking.store\/hu\/shop\/mould-king-11014-roller-coaster-with-motor-with-3646-pieces\/","title":{"rendered":"MOULD KING 11014 Roller Coaster With Motor with 3646 Pieces"},"content":{"rendered":"<div>\u2705MouldKing 11014 Roller Coaster With Motor<\/p>\n<p>\u2705 A <strong>roller coaster<\/strong> is an exhilarating amusement park ride designed to thrill passengers with high speeds, sharp turns, steep drops, and loops. It typically runs on a track system that climbs, twists, and dives, creating an intense and dynamic experience.&nbsp;<\/p>\n<p>\ud83d\udeab FONTOS!<\/p>\n<p>Product Name: Roller Coaster With Motor<\/p>\n<p>Kateg\u00f3ria: M\u0171szaki<\/p>\n<p>This Kit Contains: MouldKing 11014&nbsp;<\/p>\n<p>3646 pcs Good Quality Bricks<\/p>\n<p>Size: 100.6 \u00d7 44.8 \u00d7 56.5 cm<\/p>\n<p>K\u00e9zi utas\u00edt\u00e1sok<\/p>\n<p>\ud83d\udcccA f\u0151szerepl\u0151 term\u00e9szete<\/p>\n<p>Introducing our proud collection named \u201cRoller Coaster With Motor\u201d you should not miss.<\/p>\n<p>&nbsp; At the start, the coaster is pulled slowly up a steep incline by a chain lift, giving riders an increasingly breathtaking view of the park below. At the top, there\u2019s a brief moment of suspense before the coaster plunges down a steep drop, racing along the track at high speeds. Along the way, riders are sent through sharp banked turns, high-speed loops, zero-gravity moments, and perhaps even upside-down inversions, causing screams of excitement.&nbsp;<\/p><\/div>","protected":false},"excerpt":{"rendered":"<p>M\u00e1rka: MOLD KING<br \/>\nNem: Uniszex<br \/>\nKorhat\u00e1r: 14 \u00e9v felett<br \/>\nModel Number: 11014<br \/>\nBesorol\u00e1s: \u00d6sszeszerel\u00e9s<br \/>\nM\u0171anyag blokk forma: \u00f6nz\u00e1r\u00f3 t\u00e9gla<br \/>\nAnyaga: M\u0171anyag<br \/>\nM\u0171anyag t\u00edpus: ABS<br \/>\nBricks Blocks: 3646 +<br \/>\nEredeti doboza nincs<br \/>\nA term\u00e9k nem tartalmaz MAtric\u00e1t \u00e9s NYOMTATOTT alkatr\u00e9szeket. Minden nyomtatott alkatr\u00e9szt szabv\u00e1nyos alkatr\u00e9szre cser\u00e9l\u00fcnk, \u00e9s nem j\u00e1r bev\u00e9tel harmadik f\u00e9lt\u0151l sz\u00e1rmaz\u00f3 tartoz\u00e9kokkal.<\/p>","protected":false},"featured_media":61245,"comment_status":"open","ping_status":"closed","template":"","meta":{"_acf_changed":false},"product_cat":[1357,364],"product_tag":[12347,11995,13622,389,11080],"class_list":["product","first","instock","shipping-taxable","purchasable","product-type-simple"],"acf":[],"_links":{"self":[{"href":"https:\/\/mouldking.store\/hu\/wp-json\/wp\/v2\/product\/61246","targetHints":{"allow":["GET"]}}],"collection":[{"href":"https:\/\/mouldking.store\/hu\/wp-json\/wp\/v2\/product"}],"about":[{"href":"https:\/\/mouldking.store\/hu\/wp-json\/wp\/v2\/types\/product"}],"replies":[{"embeddable":true,"href":"https:\/\/mouldking.store\/hu\/wp-json\/wp\/v2\/comments?post=61246"}],"wp:featuredmedia":[{"embeddable":true,"href":"https:\/\/mouldking.store\/hu\/wp-json\/wp\/v2\/media\/61245"}],"wp:attachment":[{"href":"https:\/\/mouldking.store\/hu\/wp-json\/wp\/v2\/media?parent=61246"}],"wp:term":[{"taxonomy":"product_cat","embeddable":true,"href":"https:\/\/mouldking.store\/hu\/wp-json\/wp\/v2\/product_cat?post=61246"},{"taxonomy":"product_tag","embeddable":true,"href":"https:\/\/mouldking.store\/hu\/wp-json\/wp\/v2\/product_tag?post=61246"}],"curies":[{"name":"wp","href":"https:\/\/api.w.org\/{rel}","templated":true}]}}