{"id":61274,"date":"2024-10-09T18:33:59","date_gmt":"2024-10-09T11:33:59","guid":{"rendered":"https:\/\/mouldking.store\/shop\/mould-king-10162-christmas-carnival-band-with-1045-pieces\/"},"modified":"2024-10-09T18:34:06","modified_gmt":"2024-10-09T11:34:06","slug":"mould-king-10162-christmas-carnival-band-with-1045-pieces","status":"publish","type":"product","link":"https:\/\/mouldking.store\/hu\/shop\/mould-king-10162-christmas-carnival-band-with-1045-pieces\/","title":{"rendered":"MOULD KING 10162 Kar\u00e1csonyi karnev\u00e1li szalag 1045 darabbal"},"content":{"rendered":"<div>\u2705MoldKing 10162 Kar\u00e1csonyi Karnev\u00e1li Zenekar<\/p>\n<p>\u2705 A kar\u00e1csonyi karnev\u00e1li zenekar egy \u00e9l\u00e9nk, \u00fcnnepi egy\u00fcttes, amely vid\u00e1m \u00fcnnepi zen\u00e9t j\u00e1tszik, gyakran l\u00e1that\u00f3 \u00fcnnepi felvonul\u00e1sokon, rendezv\u00e9nyeken vagy t\u00e9li karnev\u00e1lokon. A zenekar jellemz\u0151en k\u00fcl\u00f6nf\u00e9le hangszereket tartalmaz, mint p\u00e9ld\u00e1ul trombit\u00e1k, harson\u00e1k, tub\u00e1k, dobok, \u00e9s n\u00e9ha harmonik\u00e1k vagy dud\u00e1k is, a st\u00edlust\u00f3l \u00e9s a region\u00e1lis hat\u00e1sokt\u00f3l f\u00fcgg\u0151en. A tagok \u00e1ltal\u00e1ban \u00e9l\u00e9nk, sz\u00ednes \u00e9s gyakran tematikus jelmezeket viselnek, hogy illeszkedjenek a kar\u00e1csonyi szellemhez \u2013 gondoljunk csak a Mikul\u00e1s-jelmezekre, man\u00f3 jelmezekre, r\u00e9nszarvas agancsokra vagy viktori\u00e1nus st\u00edlus\u00fa ruh\u00e1zatra.&nbsp;<\/p>\n<p>\ud83d\udeab FONTOS!<\/p>\n<p>Term\u00e9k neve: Kar\u00e1csonyi karnev\u00e1li zenekar<\/p>\n<p>Kateg\u00f3ria: Alkot\u00f3<\/p>\n<p>A k\u00e9szlet tartalma: MouldKing 10162&nbsp;<\/p>\n<p>1045 db j\u00f3 min\u0151s\u00e9g\u0171 t\u00e9gla<\/p>\n<p>M\u00e9ret: 29 \u00d7 11,6 \u00d7 18,1 cm<\/p>\n<p>K\u00e9zi utas\u00edt\u00e1sok<\/p>\n<p>\ud83d\udcccA f\u0151szerepl\u0151 term\u00e9szete<\/p>\n<p>Bemutatjuk b\u00fcszke kollekci\u00f3nkat, a \u201eKar\u00e1csonyi Karnev\u00e1li Zenekar\u201d-at, amit nem szabad kihagynod.<\/p>\n<p>&nbsp;Zen\u00e9j\u00fck klasszikus kar\u00e1csonyi \u00e9nekekre \u00f6sszpontos\u00edt, mint p\u00e9ld\u00e1ul a \u201eJingle Bells\u201d, a \u201eDeck the Halls\u201d \u00e9s a \u201eWe Wish You a Merry Christmas\u201d, de tartalmazhatnak modernebb \u00fcnnepi dalokat is. A hangz\u00e1s vid\u00e1m \u00e9s lend\u00fcletes, c\u00e9lja, hogy bevonja a t\u00f6megeket \u00e9s fokozza az \u00fcnnepi hangulatot. A karnev\u00e1lt\u00f3l vagy esem\u00e9nyt\u0151l f\u00fcgg\u0151en a zenekar vonulhat az utc\u00e1kon zen\u00e9t j\u00e1tszva, vagy egy k\u00f6zponti el\u0151ad\u00f3t\u00e9ren \u00e1llhat fel t\u00e1ncosok, kabalafigur\u00e1k, vagy ak\u00e1r jelmezes karakterek, mint p\u00e9ld\u00e1ul a Mikul\u00e1s vagy a Fagyos, a h\u00f3ember k\u00eds\u00e9ret\u00e9ben.&nbsp;<\/p><\/div>","protected":false},"excerpt":{"rendered":"<p>M\u00e1rka: MOLD KING<br \/>\nNem: Uniszex<br \/>\nKorhat\u00e1r: 14 \u00e9v felett<br \/>\nModellsz\u00e1m: 10162<br \/>\nBesorol\u00e1s: \u00d6sszeszerel\u00e9s<br \/>\nM\u0171anyag blokk forma: \u00f6nz\u00e1r\u00f3 t\u00e9gla<br \/>\nAnyaga: M\u0171anyag<br \/>\nM\u0171anyag t\u00edpus: ABS<br \/>\nT\u00e9gl\u00e1k Blokkok: 1045 +<br \/>\nEredeti doboza nincs<br \/>\nA term\u00e9k nem tartalmaz MAtric\u00e1t \u00e9s NYOMTATOTT alkatr\u00e9szeket. Minden nyomtatott alkatr\u00e9szt szabv\u00e1nyos alkatr\u00e9szre cser\u00e9l\u00fcnk, \u00e9s nem j\u00e1r bev\u00e9tel harmadik f\u00e9lt\u0151l sz\u00e1rmaz\u00f3 tartoz\u00e9kokkal.<\/p>","protected":false},"featured_media":61273,"comment_status":"open","ping_status":"closed","template":"","meta":{"_acf_changed":false},"product_cat":[1365,371],"product_tag":[12507,12335,1066,11072,8452],"class_list":["product","first","instock","shipping-taxable","purchasable","product-type-simple"],"acf":[],"_links":{"self":[{"href":"https:\/\/mouldking.store\/hu\/wp-json\/wp\/v2\/product\/61274","targetHints":{"allow":["GET"]}}],"collection":[{"href":"https:\/\/mouldking.store\/hu\/wp-json\/wp\/v2\/product"}],"about":[{"href":"https:\/\/mouldking.store\/hu\/wp-json\/wp\/v2\/types\/product"}],"replies":[{"embeddable":true,"href":"https:\/\/mouldking.store\/hu\/wp-json\/wp\/v2\/comments?post=61274"}],"wp:featuredmedia":[{"embeddable":true,"href":"https:\/\/mouldking.store\/hu\/wp-json\/wp\/v2\/media\/61273"}],"wp:attachment":[{"href":"https:\/\/mouldking.store\/hu\/wp-json\/wp\/v2\/media?parent=61274"}],"wp:term":[{"taxonomy":"product_cat","embeddable":true,"href":"https:\/\/mouldking.store\/hu\/wp-json\/wp\/v2\/product_cat?post=61274"},{"taxonomy":"product_tag","embeddable":true,"href":"https:\/\/mouldking.store\/hu\/wp-json\/wp\/v2\/product_tag?post=61274"}],"curies":[{"name":"wp","href":"https:\/\/api.w.org\/{rel}","templated":true}]}}