{"id":61282,"date":"2024-10-09T18:34:07","date_gmt":"2024-10-09T11:34:07","guid":{"rendered":"https:\/\/mouldking.store\/shop\/mould-king-10161-snow-white-carriage-with-1214-pieces\/"},"modified":"2024-10-09T18:34:14","modified_gmt":"2024-10-09T11:34:14","slug":"mould-king-10161-snow-white-carriage-with-1214-pieces","status":"publish","type":"product","link":"https:\/\/mouldking.store\/hu\/shop\/mould-king-10161-snow-white-carriage-with-1214-pieces\/","title":{"rendered":"MOULD KING 10161 H\u00f3feh\u00e9rke hint\u00f3 1214 darabbal"},"content":{"rendered":"<div>\u2705MouldKing 10161 Snow White Carriage<\/p>\n<p>\u2705 A <strong>Snow White Carriage<\/strong> is often depicted as a beautiful, fairy-tale-inspired carriage, usually resembling the one from the classic story of Snow White. This type of carriage embodies elegance, charm, and magical fantasy, making it popular in parades, wedding themes, and holiday displays.&nbsp;<\/p>\n<p>\ud83d\udeab FONTOS!<\/p>\n<p>Product Name: Snow White Carriage<\/p>\n<p>Kateg\u00f3ria: Alkot\u00f3<\/p>\n<p>This Kit Contains: MouldKing 10161&nbsp;<\/p>\n<p>1214 pcs Good Quality Bricks<\/p>\n<p>Size: 37.8 \u00d7 15.4 \u00d7 19.5 cm<\/p>\n<p>K\u00e9zi utas\u00edt\u00e1sok<\/p>\n<p>\ud83d\udcccA f\u0151szerepl\u0151 term\u00e9szete<\/p>\n<p>Introducing our proud collection named \u201cSnow White Carriage\u201d you should not miss.<\/p>\n<p>In a Christmas or winter setting, the Snow White Carriage might be surrounded by snow, icicles, or twinkling fairy lights, enhancing its magical aura. Sometimes it&#8217;s pulled by white horses, decorated with wreaths, ribbons, or bells. The carriage could also have characters like Snow White or Santa as part of its display, contributing to a storybook holiday atmosphere.&nbsp;<\/p><\/div>","protected":false},"excerpt":{"rendered":"<p>M\u00e1rka: MOLD KING<br \/>\nNem: Uniszex<br \/>\nKorhat\u00e1r: 14 \u00e9v felett<br \/>\nModel Number: 10161<br \/>\nBesorol\u00e1s: \u00d6sszeszerel\u00e9s<br \/>\nM\u0171anyag blokk forma: \u00f6nz\u00e1r\u00f3 t\u00e9gla<br \/>\nAnyaga: M\u0171anyag<br \/>\nM\u0171anyag t\u00edpus: ABS<br \/>\nBricks Blocks: 1214 +<br \/>\nEredeti doboza nincs<br \/>\nA term\u00e9k nem tartalmaz MAtric\u00e1t \u00e9s NYOMTATOTT alkatr\u00e9szeket. Minden nyomtatott alkatr\u00e9szt szabv\u00e1nyos alkatr\u00e9szre cser\u00e9l\u00fcnk, \u00e9s nem j\u00e1r bev\u00e9tel harmadik f\u00e9lt\u0151l sz\u00e1rmaz\u00f3 tartoz\u00e9kokkal.<\/p>","protected":false},"featured_media":61281,"comment_status":"open","ping_status":"closed","template":"","meta":{"_acf_changed":false},"product_cat":[1365,371,372,390,581,6016,415,364],"product_tag":[991,1066,11072,8452,366,13623,13624],"class_list":["product","first","instock","shipping-taxable","purchasable","product-type-simple"],"acf":[],"_links":{"self":[{"href":"https:\/\/mouldking.store\/hu\/wp-json\/wp\/v2\/product\/61282","targetHints":{"allow":["GET"]}}],"collection":[{"href":"https:\/\/mouldking.store\/hu\/wp-json\/wp\/v2\/product"}],"about":[{"href":"https:\/\/mouldking.store\/hu\/wp-json\/wp\/v2\/types\/product"}],"replies":[{"embeddable":true,"href":"https:\/\/mouldking.store\/hu\/wp-json\/wp\/v2\/comments?post=61282"}],"wp:featuredmedia":[{"embeddable":true,"href":"https:\/\/mouldking.store\/hu\/wp-json\/wp\/v2\/media\/61281"}],"wp:attachment":[{"href":"https:\/\/mouldking.store\/hu\/wp-json\/wp\/v2\/media?parent=61282"}],"wp:term":[{"taxonomy":"product_cat","embeddable":true,"href":"https:\/\/mouldking.store\/hu\/wp-json\/wp\/v2\/product_cat?post=61282"},{"taxonomy":"product_tag","embeddable":true,"href":"https:\/\/mouldking.store\/hu\/wp-json\/wp\/v2\/product_tag?post=61282"}],"curies":[{"name":"wp","href":"https:\/\/api.w.org\/{rel}","templated":true}]}}